{"id":885,"date":"2023-05-08T09:14:17","date_gmt":"2023-05-08T06:14:17","guid":{"rendered":"https:\/\/dekoralboya.com.tr\/?page_id=885"},"modified":"2025-09-29T20:50:56","modified_gmt":"2025-09-29T17:50:56","slug":"sarf-malzemeler","status":"publish","type":"page","link":"https:\/\/dekoralboya.com.tr\/index.php\/sarf-malzemeler\/","title":{"rendered":"SARF MALZEMELER"},"content":{"rendered":"\t\t<div data-elementor-type=\"wp-page\" data-elementor-id=\"885\" class=\"elementor elementor-885\">\n\t\t\t\t\t\t\t\t\t<section class=\"elementor-section elementor-top-section elementor-element elementor-element-2a0816bd elementor-section-boxed elementor-section-height-default elementor-section-height-default\" data-id=\"2a0816bd\" data-element_type=\"section\">\n\t\t\t\t\t\t<div class=\"elementor-container elementor-column-gap-no\">\n\t\t\t\t\t<div class=\"elementor-column elementor-col-100 elementor-top-column elementor-element elementor-element-2a89d052\" data-id=\"2a89d052\" data-element_type=\"column\" data-settings=\"{&quot;background_background&quot;:&quot;gradient&quot;}\">\n\t\t\t<div class=\"elementor-widget-wrap elementor-element-populated\">\n\t\t\t\t\t\t\t\t<div class=\"elementor-element elementor-element-ec2fb39 elementor-widget elementor-widget-heading\" data-id=\"ec2fb39\" data-element_type=\"widget\" data-widget_type=\"heading.default\">\n\t\t\t\t<div class=\"elementor-widget-container\">\n\t\t\t<style>\/*! elementor - v3.14.0 - 26-06-2023 *\/\n.elementor-heading-title{padding:0;margin:0;line-height:1}.elementor-widget-heading .elementor-heading-title[class*=elementor-size-]>a{color:inherit;font-size:inherit;line-height:inherit}.elementor-widget-heading .elementor-heading-title.elementor-size-small{font-size:15px}.elementor-widget-heading .elementor-heading-title.elementor-size-medium{font-size:19px}.elementor-widget-heading .elementor-heading-title.elementor-size-large{font-size:29px}.elementor-widget-heading .elementor-heading-title.elementor-size-xl{font-size:39px}.elementor-widget-heading .elementor-heading-title.elementor-size-xxl{font-size:59px}<\/style><h1 class=\"elementor-heading-title elementor-size-default\">Sarf Malzemeler<\/h1>\t\t<\/div>\n\t\t\t\t<\/div>\n\t\t\t\t<div class=\"elementor-element elementor-element-1b604db1 elementor-align-center elementor-icon-list--layout-traditional elementor-list-item-link-full_width elementor-widget elementor-widget-icon-list\" data-id=\"1b604db1\" data-element_type=\"widget\" data-widget_type=\"icon-list.default\">\n\t\t\t\t<div class=\"elementor-widget-container\">\n\t\t\t<link rel=\"stylesheet\" href=\"https:\/\/dekoralboya.com.tr\/wp-content\/plugins\/elementor\/assets\/css\/widget-icon-list.min.css\">\t\t<ul class=\"elementor-icon-list-items\">\n\t\t\t\t\t\t\t<li class=\"elementor-icon-list-item\">\n\t\t\t\t\t\t\t\t\t\t\t<a href=\"https:\/\/dekoralboya.com.tr\/\">\n\n\t\t\t\t\t\t\t\t\t\t\t<span class=\"elementor-icon-list-text\">Anasayfa<\/span>\n\t\t\t\t\t\t\t\t\t\t\t<\/a>\n\t\t\t\t\t\t\t\t\t<\/li>\n\t\t\t\t\t\t<\/ul>\n\t\t\t\t<\/div>\n\t\t\t\t<\/div>\n\t\t\t\t\t<\/div>\n\t\t<\/div>\n\t\t\t\t\t\t\t<\/div>\n\t\t<\/section>\n\t\t<div class=\"elementor-element elementor-element-2c8729c e-flex e-con-boxed e-con\" data-id=\"2c8729c\" data-element_type=\"container\" data-settings=\"{&quot;content_width&quot;:&quot;boxed&quot;}\">\n\t\t\t\t\t<div class=\"e-con-inner\">\n\t\t\t\t<div class=\"elementor-element elementor-element-5ac364d elementor-widget elementor-widget-heading\" data-id=\"5ac364d\" data-element_type=\"widget\" data-widget_type=\"heading.default\">\n\t\t\t\t<div class=\"elementor-widget-container\">\n\t\t\t<h2 class=\"elementor-heading-title elementor-size-default\">\u00dcr\u00fcnler<\/h2>\t\t<\/div>\n\t\t\t\t<\/div>\n\t\t\t\t\t<\/div>\n\t\t\t\t<\/div>\n\t\t<div class=\"elementor-element elementor-element-978f993 e-flex e-con-boxed e-con\" data-id=\"978f993\" data-element_type=\"container\" data-settings=\"{&quot;content_width&quot;:&quot;boxed&quot;}\">\n\t\t\t\t\t<div class=\"e-con-inner\">\n\t\t\t\t<div class=\"elementor-element elementor-element-2262c70 elementor-widget elementor-widget-html\" data-id=\"2262c70\" data-element_type=\"widget\" data-widget_type=\"html.default\">\n\t\t\t\t<div class=\"elementor-widget-container\">\n\t\t\t<!DOCTYPE html>\r\n<html lang=\"tr\">\r\n<head>\r\n    <meta charset=\"UTF-8\">\r\n    <meta name=\"viewport\" content=\"width=device-width, initial-scale=1.0\">\r\n    <title>Boyahane Sarf Malzemeleri - Dekoral Boya<\/title>\r\n    <script src=\"https:\/\/cdn.tailwindcss.com\"><\/script>\r\n    <link rel=\"preconnect\" href=\"https:\/\/fonts.googleapis.com\">\r\n    <link rel=\"preconnect\" href=\"https:\/\/fonts.gstatic.com\" crossorigin>\r\n    <link href=\"https:\/\/fonts.googleapis.com\/css2?family=Inter:wght@400;500;600;700&display=swap\" rel=\"stylesheet\">\r\n    <script src=\"https:\/\/unpkg.com\/lucide@latest\"><\/script>\r\n    <style>\r\n        body {\r\n            font-family: 'Inter', sans-serif;\r\n        }\r\n        .hero-bg {\r\n            background-color: #f8fafc;\r\n        }\r\n    <\/style>\r\n<\/head>\r\n<body class=\"bg-gray-50 text-gray-800\">\r\n\r\n    <!-- Header -->\r\n    <header class=\"bg-white shadow-sm sticky top-0 z-50\">\r\n        <div class=\"container mx-auto px-6 py-4 flex justify-between items-center\">\r\n            <h1 class=\"text-2xl font-bold text-blue-600\">DEKORAL BOYA<\/h1>\r\n            <nav class=\"hidden md:flex space-x-8\">\r\n                <a href=\"#\" class=\"text-gray-600 hover:text-blue-600\">Ana Sayfa<\/a>\r\n                <a href=\"#\" class=\"text-gray-600 hover:text-blue-600\">\u00dcr\u00fcnler<\/a>\r\n                <a href=\"#\" class=\"text-blue-600 font-semibold border-b-2 border-blue-600\">Sarf Malzemeler<\/a>\r\n                <a href=\"#\" class=\"text-gray-600 hover:text-blue-600\">Hakk\u0131m\u0131zda<\/a>\r\n                <a href=\"#\" class=\"text-gray-600 hover:text-blue-600\">\u0130leti\u015fim<\/a>\r\n            <\/nav>\r\n            <button class=\"md:hidden\">\r\n                <i data-lucide=\"menu\" class=\"w-6 h-6\"><\/i>\r\n            <\/button>\r\n        <\/div>\r\n    <\/header>\r\n\r\n    <!-- Ana Ba\u015fl\u0131k B\u00f6l\u00fcm\u00fc -->\r\n    <main>\r\n        <section class=\"hero-bg py-20\">\r\n            <div class=\"container mx-auto px-6 text-center\">\r\n                <h2 class=\"text-4xl md:text-5xl font-bold text-gray-900 mb-4\">Profesyonel Boyahane Sarf Malzemeleri<\/h2>\r\n                <p class=\"text-lg text-gray-600 max-w-3xl mx-auto\">M\u00fckemmel sonu\u00e7lar i\u00e7in ihtiyac\u0131n\u0131z olan her \u015fey. Kaliteli, g\u00fcvenilir ve profesyonel sarf malzemeleri ile i\u015f ak\u0131\u015f\u0131n\u0131z\u0131 optimize edin.<\/p>\r\n            <\/div>\r\n        <\/section>\r\n\r\n        <!-- \u00dcr\u00fcn Kategorileri -->\r\n        <section class=\"py-16 md:py-24 bg-white\">\r\n            <div class=\"container mx-auto px-6\">\r\n                <div class=\"text-center mb-12\">\r\n                    <span class=\"text-sm font-semibold text-blue-600 bg-blue-100 px-3 py-1 rounded-full\">\u00dcr\u00fcn Gruplar\u0131m\u0131z<\/span>\r\n                    <h3 class=\"text-3xl font-bold mt-2\">Geni\u015f \u00dcr\u00fcn Yelpazesi<\/h3>\r\n                    <p class=\"text-gray-500 mt-2\">Boyama s\u00fcrecinizin her a\u015famas\u0131 i\u00e7in \u00e7\u00f6z\u00fcmler sunuyoruz.<\/p>\r\n                <\/div>\r\n\r\n                <div class=\"grid grid-cols-1 md:grid-cols-2 lg:grid-cols-3 gap-8\">\r\n                    \r\n                    <!-- Kategori: Y\u00fczey Haz\u0131rl\u0131k -->\r\n                    <div class=\"bg-gray-50 p-8 rounded-lg shadow-sm hover:shadow-lg transition-shadow duration-300\">\r\n                        <div class=\"flex items-center justify-center bg-blue-100 rounded-full w-16 h-16 mb-6\">\r\n                            <i data-lucide=\"layers\" class=\"text-blue-600 w-8 h-8\"><\/i>\r\n                        <\/div>\r\n                        <h4 class=\"text-xl font-semibold mb-2\">Y\u00fczey Haz\u0131rl\u0131k & Z\u0131mparalar<\/h4>\r\n                        <p class=\"text-gray-600\">Uygulama \u00f6ncesi p\u00fcr\u00fczs\u00fcz bir y\u00fczey elde etmek i\u00e7in gerekli olan a\u015f\u0131nd\u0131r\u0131c\u0131lar, z\u0131mparalar ve y\u00fczey temizleme solventleri.<\/p>\r\n                    <\/div>\r\n\r\n                    <!-- Kategori: Maskeleme \u00dcr\u00fcnleri -->\r\n                    <div class=\"bg-gray-50 p-8 rounded-lg shadow-sm hover:shadow-lg transition-shadow duration-300\">\r\n                        <div class=\"flex items-center justify-center bg-green-100 rounded-full w-16 h-16 mb-6\">\r\n                            <i data-lucide=\"tape\" class=\"text-green-600 w-8 h-8\"><\/i>\r\n                        <\/div>\r\n                        <h4 class=\"text-xl font-semibold mb-2\">Maskeleme Sistemleri<\/h4>\r\n                        <p class=\"text-gray-600\">Hassas boyama i\u015flemleri i\u00e7in ka\u011f\u0131t, bant, slikon ve kau\u00e7uk bazl\u0131 profesyonel maskeleme \u00e7\u00f6z\u00fcmleri.<\/p>\r\n                    <\/div>\r\n\r\n                    <!-- Kategori: Macun ve Astarlar -->\r\n                    <div class=\"bg-gray-50 p-8 rounded-lg shadow-sm hover:shadow-lg transition-shadow duration-300\">\r\n                        <div class=\"flex items-center justify-center bg-yellow-100 rounded-full w-16 h-16 mb-6\">\r\n                            <i data-lucide=\"paintbrush-2\" class=\"text-yellow-600 w-8 h-8\"><\/i>\r\n                        <\/div>\r\n                        <h4 class=\"text-xl font-semibold mb-2\">Macun ve Astar Sistemleri<\/h4>\r\n                        <p class=\"text-gray-600\">Y\u00fczey kusurlar\u0131n\u0131 gidermek ve boya tutunmas\u0131n\u0131 art\u0131rmak i\u00e7in Polikor gibi lider markalar\u0131n polyester macunlar\u0131 ve astarlar\u0131.<\/p>\r\n                    <\/div>\r\n\r\n                    <!-- Kategori: Uygulama Ekipmanlar\u0131 -->\r\n                    <div class=\"bg-gray-50 p-8 rounded-lg shadow-sm hover:shadow-lg transition-shadow duration-300\">\r\n                        <div class=\"flex items-center justify-center bg-purple-100 rounded-full w-16 h-16 mb-6\">\r\n                            <i data-lucide=\"spray-can\" class=\"text-purple-600 w-8 h-8\"><\/i>\r\n                        <\/div>\r\n                        <h4 class=\"text-xl font-semibold mb-2\">Uygulama Ekipmanlar\u0131<\/h4>\r\n                        <p class=\"text-gray-600\">Boya tabancalar\u0131, kar\u0131\u015ft\u0131rma kaplar\u0131, s\u00fczge\u00e7ler ve f\u0131r\u00e7alar gibi uygulamay\u0131 kolayla\u015ft\u0131ran y\u00fcksek kaliteli ekipmanlar.<\/p>\r\n                    <\/div>\r\n\r\n                    <!-- Kategori: Ki\u015fisel Koruyucu Donan\u0131m -->\r\n                    <div class=\"bg-gray-50 p-8 rounded-lg shadow-sm hover:shadow-lg transition-shadow duration-300\">\r\n                        <div class=\"flex items-center justify-center bg-red-100 rounded-full w-16 h-16 mb-6\">\r\n                            <i data-lucide=\"shield\" class=\"text-red-600 w-8 h-8\"><\/i>\r\n                        <\/div>\r\n                        <h4 class=\"text-xl font-semibold mb-2\">Ki\u015fisel Koruyucu Donan\u0131m<\/h4>\r\n                        <p class=\"text-gray-600\">\u0130\u015f g\u00fcvenli\u011fi standartlar\u0131na uygun boya maskeleri, eldivenler, tulumlar ve koruyucu g\u00f6zl\u00fckler ile sa\u011fl\u0131\u011f\u0131n\u0131z\u0131 koruyun.<\/p>\r\n                    <\/div>\r\n\r\n                    <!-- Kategori: Temizlik ve Bak\u0131m -->\r\n                    <div class=\"bg-gray-50 p-8 rounded-lg shadow-sm hover:shadow-lg transition-shadow duration-300\">\r\n                        <div class=\"flex items-center justify-center bg-indigo-100 rounded-full w-16 h-16 mb-6\">\r\n                            <i data-lucide=\"sparkles\" class=\"text-indigo-600 w-8 h-8\"><\/i>\r\n                        <\/div>\r\n                        <h4 class=\"text-xl font-semibold mb-2\">Temizlik ve Bak\u0131m \u00dcr\u00fcnleri<\/h4>\r\n                        <p class=\"text-gray-600\">Ekipman temizli\u011fi i\u00e7in tinerler, y\u00fczey parlatma i\u00e7in pasta ve cilalar, iz b\u0131rakmayan \u00f6zel temizlik bezleri.<\/p>\r\n                    <\/div>\r\n                <\/div>\r\n            <\/div>\r\n        <\/section>\r\n\r\n        <!-- Neden Dekoral? -->\r\n        <section class=\"hero-bg py-16 md:py-24\">\r\n            <div class=\"container mx-auto px-6\">\r\n                <div class=\"lg:flex lg:items-center lg:space-x-12\">\r\n                    <div class=\"lg:w-1\/2\">\r\n                        <img decoding=\"async\" src=\"https:\/\/placehold.co\/600x400\/3b82f6\/ffffff?text=Kalite+ve+G%C3%BCven\" alt=\"Kaliteli boyahane ekipmanlar\u0131\" class=\"rounded-lg shadow-lg w-full\">\r\n                    <\/div>\r\n                    <div class=\"lg:w-1\/2 mt-10 lg:mt-0\">\r\n                        <span class=\"text-sm font-semibold text-blue-600 bg-blue-100 px-3 py-1 rounded-full\">Neden Bizi Se\u00e7melisiniz?<\/span>\r\n                        <h3 class=\"text-3xl font-bold mt-4 mb-4\">\u0130\u015finize De\u011fer Katan \u00c7\u00f6z\u00fcmler<\/h3>\r\n                        <p class=\"text-gray-600 mb-6\">Dekoral Boya olarak, sadece \u00fcr\u00fcn tedarik etmiyor, ayn\u0131 zamanda projenizin her a\u015famas\u0131nda size destek olacak uzmanl\u0131k ve deneyimi sunuyoruz.<\/p>\r\n                        <ul class=\"space-y-4\">\r\n                            <li class=\"flex items-start\">\r\n                                <i data-lucide=\"check-circle-2\" class=\"w-6 h-6 text-green-500 mr-3 flex-shrink-0 mt-1\"><\/i>\r\n                                <div>\r\n                                    <h5 class=\"font-semibold\">Sekt\u00f6r Lideri Markalar<\/h5>\r\n                                    <p class=\"text-gray-500\">Yaln\u0131zca kalitesini kan\u0131tlam\u0131\u015f, g\u00fcvenilir ve y\u00fcksek performansl\u0131 markalar\u0131n \u00fcr\u00fcnlerini sunuyoruz.<\/p>\r\n                                <\/div>\r\n                            <\/li>\r\n                            <li class=\"flex items-start\">\r\n                                <i data-lucide=\"check-circle-2\" class=\"w-6 h-6 text-green-500 mr-3 flex-shrink-0 mt-1\"><\/i>\r\n                                <div>\r\n                                    <h5 class=\"font-semibold\">Uzman Teknik Destek<\/h5>\r\n                                    <p class=\"text-gray-500\">Do\u011fru \u00fcr\u00fcn se\u00e7imi ve uygulamas\u0131 konusunda deneyimli ekibimizden her zaman destek alabilirsiniz.<\/p>\r\n                                <\/div>\r\n                            <\/li>\r\n                             <li class=\"flex items-start\">\r\n                                <i data-lucide=\"check-circle-2\" class=\"w-6 h-6 text-green-500 mr-3 flex-shrink-0 mt-1\"><\/i>\r\n                                <div>\r\n                                    <h5 class=\"font-semibold\">Stoktan H\u0131zl\u0131 Teslimat<\/h5>\r\n                                    <p class=\"text-gray-500\">Geni\u015f stok kapasitemiz sayesinde ihtiya\u00e7 duydu\u011funuz \u00fcr\u00fcnlere h\u0131zl\u0131ca ula\u015fman\u0131z\u0131 sa\u011fl\u0131yoruz.<\/p>\r\n                                <\/div>\r\n                            <\/li>\r\n                        <\/ul>\r\n                    <\/div>\r\n                <\/div>\r\n            <\/div>\r\n        <\/section>\r\n\r\n         <!-- \u0130leti\u015fim \u00c7a\u011fr\u0131s\u0131 -->\r\n        <section class=\"bg-blue-600 text-white\">\r\n            <div class=\"container mx-auto px-6 py-16 text-center\">\r\n                <h3 class=\"text-3xl font-bold\">Projeniz \u0130\u00e7in En Uygun \u00c7\u00f6z\u00fcmleri Birlikte Bulal\u0131m<\/h3>\r\n                <p class=\"mt-4 mb-8 max-w-2xl mx-auto\">\u0130htiya\u00e7lar\u0131n\u0131z\u0131 ve taleplerinizi bize iletin, uzman ekibimiz size \u00f6zel teklifler ve \u00e7\u00f6z\u00fcmlerle en k\u0131sa s\u00fcrede geri d\u00f6n\u00fc\u015f yaps\u0131n.<\/p>\r\n                <a href=\"https:\/\/dekoralboya.com.tr\/index.php\/iletisim\" target=\"_blank\" class=\"bg-white text-blue-600 font-bold py-3 px-8 rounded-lg hover:bg-gray-100 transition-colors duration-300\">Teklif Al\u0131n<\/a>\r\n            <\/div>\r\n        <\/section>\r\n    <\/main>\r\n\r\n    <!-- Footer -->\r\n    <footer class=\"bg-gray-800 text-white\">\r\n        <div class=\"container mx-auto px-6 py-8\">\r\n             <div class=\"flex flex-col md:flex-row justify-between items-center\">\r\n                 <div class=\"text-center md:text-left mb-4 md:mb-0\">\r\n                    <h2 class=\"text-xl font-bold\">DEKORAL BOYA<\/h2>\r\n                    <p class=\"text-gray-400\">End\u00fcstriyel Boya \u00c7\u00f6z\u00fcmleri<\/p>\r\n                 <\/div>\r\n                 <div class=\"flex space-x-6\">\r\n                    <a href=\"#\" class=\"text-gray-400 hover:text-white\"><i data-lucide=\"facebook\"><\/i><\/a>\r\n                    <a href=\"#\" class=\"text-gray-400 hover:text-white\"><i data-lucide=\"instagram\"><\/i><\/a>\r\n                    <a href=\"#\" class=\"text-gray-400 hover:text-white\"><i data-lucide=\"linkedin\"><\/i><\/a>\r\n                 <\/div>\r\n             <\/div>\r\n             <div class=\"border-t border-gray-700 mt-6 pt-6 text-center text-gray-500 text-sm\">\r\n                <p>&copy; 2024 Dekoral Boya. T\u00fcm haklar\u0131 sakl\u0131d\u0131r.<\/p>\r\n             <\/div>\r\n        <\/div>\r\n    <\/footer>\r\n\r\n    <script>\r\n        lucide.createIcons();\r\n    <\/script>\r\n<\/body>\r\n<\/html>\r\n\r\n\t\t<\/div>\n\t\t\t\t<\/div>\n\t\t\t\t\t<\/div>\n\t\t\t\t<\/div>\n\t\t\t\t\t\t\t<\/div>\n\t\t","protected":false},"excerpt":{"rendered":"<p>Sarf Malzemeler Anasayfa \u00dcr\u00fcnler Boyahane Sarf Malzemeleri &#8211; Dekoral Boya DEKORAL BOYA Ana Sayfa \u00dcr\u00fcnler Sarf Malzemeler Hakk\u0131m\u0131zda \u0130leti\u015fim Profesyonel Boyahane Sarf Malzemeleri M\u00fckemmel sonu\u00e7lar i\u00e7in ihtiyac\u0131n\u0131z olan her \u015fey. Kaliteli, g\u00fcvenilir ve profesyonel sarf malzemeleri ile i\u015f ak\u0131\u015f\u0131n\u0131z\u0131 optimize edin. \u00dcr\u00fcn Gruplar\u0131m\u0131z Geni\u015f \u00dcr\u00fcn Yelpazesi Boyama s\u00fcrecinizin her a\u015famas\u0131 i\u00e7in \u00e7\u00f6z\u00fcmler sunuyoruz. Y\u00fczey Haz\u0131rl\u0131k &#038; Z\u0131mparalar Uygulama \u00f6ncesi p\u00fcr\u00fczs\u00fcz&#8230;<\/p>\n","protected":false},"author":1,"featured_media":0,"parent":0,"menu_order":0,"comment_status":"closed","ping_status":"closed","template":"elementor_header_footer","meta":{"footnotes":""},"_links":{"self":[{"href":"https:\/\/dekoralboya.com.tr\/index.php\/wp-json\/wp\/v2\/pages\/885"}],"collection":[{"href":"https:\/\/dekoralboya.com.tr\/index.php\/wp-json\/wp\/v2\/pages"}],"about":[{"href":"https:\/\/dekoralboya.com.tr\/index.php\/wp-json\/wp\/v2\/types\/page"}],"author":[{"embeddable":true,"href":"https:\/\/dekoralboya.com.tr\/index.php\/wp-json\/wp\/v2\/users\/1"}],"replies":[{"embeddable":true,"href":"https:\/\/dekoralboya.com.tr\/index.php\/wp-json\/wp\/v2\/comments?post=885"}],"version-history":[{"count":4,"href":"https:\/\/dekoralboya.com.tr\/index.php\/wp-json\/wp\/v2\/pages\/885\/revisions"}],"predecessor-version":[{"id":5800,"href":"https:\/\/dekoralboya.com.tr\/index.php\/wp-json\/wp\/v2\/pages\/885\/revisions\/5800"}],"wp:attachment":[{"href":"https:\/\/dekoralboya.com.tr\/index.php\/wp-json\/wp\/v2\/media?parent=885"}],"curies":[{"name":"wp","href":"https:\/\/api.w.org\/{rel}","templated":true}]}}