{"id":882,"date":"2023-05-08T09:14:07","date_gmt":"2023-05-08T06:14:07","guid":{"rendered":"https:\/\/dekoralboya.com.tr\/?page_id=882"},"modified":"2025-09-29T21:06:47","modified_gmt":"2025-09-29T18:06:47","slug":"boya-kabin-filtreleri","status":"publish","type":"page","link":"https:\/\/dekoralboya.com.tr\/index.php\/boya-kabin-filtreleri\/","title":{"rendered":"BOYA KAB\u0130N F\u0130LTRELER\u0130"},"content":{"rendered":"\t\t<div data-elementor-type=\"wp-page\" data-elementor-id=\"882\" class=\"elementor elementor-882\">\n\t\t\t\t\t\t\t\t\t<section class=\"elementor-section elementor-top-section elementor-element elementor-element-44aed8da elementor-section-boxed elementor-section-height-default elementor-section-height-default\" data-id=\"44aed8da\" data-element_type=\"section\">\n\t\t\t\t\t\t<div class=\"elementor-container elementor-column-gap-no\">\n\t\t\t\t\t<div class=\"elementor-column elementor-col-100 elementor-top-column elementor-element elementor-element-3776aa55\" data-id=\"3776aa55\" data-element_type=\"column\" data-settings=\"{&quot;background_background&quot;:&quot;gradient&quot;}\">\n\t\t\t<div class=\"elementor-widget-wrap elementor-element-populated\">\n\t\t\t\t\t\t\t\t<div class=\"elementor-element elementor-element-267d4d40 elementor-widget elementor-widget-heading\" data-id=\"267d4d40\" data-element_type=\"widget\" data-widget_type=\"heading.default\">\n\t\t\t\t<div class=\"elementor-widget-container\">\n\t\t\t<style>\/*! elementor - v3.14.0 - 26-06-2023 *\/\n.elementor-heading-title{padding:0;margin:0;line-height:1}.elementor-widget-heading .elementor-heading-title[class*=elementor-size-]>a{color:inherit;font-size:inherit;line-height:inherit}.elementor-widget-heading .elementor-heading-title.elementor-size-small{font-size:15px}.elementor-widget-heading .elementor-heading-title.elementor-size-medium{font-size:19px}.elementor-widget-heading .elementor-heading-title.elementor-size-large{font-size:29px}.elementor-widget-heading .elementor-heading-title.elementor-size-xl{font-size:39px}.elementor-widget-heading .elementor-heading-title.elementor-size-xxl{font-size:59px}<\/style><h1 class=\"elementor-heading-title elementor-size-default\">Boya Kabin Filtreleri<\/h1>\t\t<\/div>\n\t\t\t\t<\/div>\n\t\t\t\t<div class=\"elementor-element elementor-element-79848380 elementor-align-center elementor-icon-list--layout-traditional elementor-list-item-link-full_width elementor-widget elementor-widget-icon-list\" data-id=\"79848380\" data-element_type=\"widget\" data-widget_type=\"icon-list.default\">\n\t\t\t\t<div class=\"elementor-widget-container\">\n\t\t\t<link rel=\"stylesheet\" href=\"https:\/\/dekoralboya.com.tr\/wp-content\/plugins\/elementor\/assets\/css\/widget-icon-list.min.css\">\t\t<ul class=\"elementor-icon-list-items\">\n\t\t\t\t\t\t\t<li class=\"elementor-icon-list-item\">\n\t\t\t\t\t\t\t\t\t\t\t<a href=\"https:\/\/dekoralboya.com.tr\/\">\n\n\t\t\t\t\t\t\t\t\t\t\t<span class=\"elementor-icon-list-text\">Anasayfa<\/span>\n\t\t\t\t\t\t\t\t\t\t\t<\/a>\n\t\t\t\t\t\t\t\t\t<\/li>\n\t\t\t\t\t\t<\/ul>\n\t\t\t\t<\/div>\n\t\t\t\t<\/div>\n\t\t\t\t\t<\/div>\n\t\t<\/div>\n\t\t\t\t\t\t\t<\/div>\n\t\t<\/section>\n\t\t\t\t<section class=\"elementor-section elementor-top-section elementor-element elementor-element-26edcddc elementor-section-boxed elementor-section-height-default elementor-section-height-default\" data-id=\"26edcddc\" data-element_type=\"section\">\n\t\t\t\t\t\t<div class=\"elementor-container elementor-column-gap-no\">\n\t\t\t\t\t<div class=\"elementor-column elementor-col-50 elementor-top-column elementor-element elementor-element-32f1de09\" data-id=\"32f1de09\" data-element_type=\"column\">\n\t\t\t<div class=\"elementor-widget-wrap elementor-element-populated\">\n\t\t\t\t\t\t\t\t<div class=\"elementor-element elementor-element-610edd95 animated-slow elementor-invisible elementor-widget elementor-widget-image\" data-id=\"610edd95\" data-element_type=\"widget\" data-settings=\"{&quot;_animation&quot;:&quot;fadeInUp&quot;}\" data-widget_type=\"image.default\">\n\t\t\t\t<div class=\"elementor-widget-container\">\n\t\t\t<style>\/*! elementor - v3.14.0 - 26-06-2023 *\/\n.elementor-widget-image{text-align:center}.elementor-widget-image a{display:inline-block}.elementor-widget-image a img[src$=\".svg\"]{width:48px}.elementor-widget-image img{vertical-align:middle;display:inline-block}<\/style>\t\t\t\t\t\t\t\t\t\t\t\t<img decoding=\"async\" width=\"612\" height=\"613\" src=\"https:\/\/dekoralboya.com.tr\/wp-content\/uploads\/2023\/05\/Ekran-goruntusu-2023-05-15-091001.png\" class=\"attachment-full size-full wp-image-2220\" alt=\"\" srcset=\"https:\/\/dekoralboya.com.tr\/wp-content\/uploads\/2023\/05\/Ekran-goruntusu-2023-05-15-091001.png 612w, https:\/\/dekoralboya.com.tr\/wp-content\/uploads\/2023\/05\/Ekran-goruntusu-2023-05-15-091001-300x300.png 300w, https:\/\/dekoralboya.com.tr\/wp-content\/uploads\/2023\/05\/Ekran-goruntusu-2023-05-15-091001-150x150.png 150w, https:\/\/dekoralboya.com.tr\/wp-content\/uploads\/2023\/05\/Ekran-goruntusu-2023-05-15-091001-600x601.png 600w, https:\/\/dekoralboya.com.tr\/wp-content\/uploads\/2023\/05\/Ekran-goruntusu-2023-05-15-091001-100x100.png 100w\" sizes=\"(max-width: 612px) 100vw, 612px\" \/>\t\t\t\t\t\t\t\t\t\t\t\t\t\t\t<\/div>\n\t\t\t\t<\/div>\n\t\t\t\t\t<\/div>\n\t\t<\/div>\n\t\t\t\t<div class=\"elementor-column elementor-col-50 elementor-top-column elementor-element elementor-element-1938b118\" data-id=\"1938b118\" data-element_type=\"column\">\n\t\t\t<div class=\"elementor-widget-wrap elementor-element-populated\">\n\t\t\t\t\t\t\t\t<div class=\"elementor-element elementor-element-404b4708 elementor-invisible elementor-widget elementor-widget-heading\" data-id=\"404b4708\" data-element_type=\"widget\" data-settings=\"{&quot;_animation&quot;:&quot;bounceInLeft&quot;,&quot;_animation_delay&quot;:300}\" data-widget_type=\"heading.default\">\n\t\t\t\t<div class=\"elementor-widget-container\">\n\t\t\t<h2 class=\"elementor-heading-title elementor-size-default\">Boya kabinlerinde sa\u011fl\u0131kl\u0131 bir \u00e7al\u0131\u015fma ortam\u0131 ve \u00fcst\u00fcn sonu\u00e7lar i\u00e7in boya kabin filtresi tercih edin! <\/h2>\t\t<\/div>\n\t\t\t\t<\/div>\n\t\t\t\t<div class=\"elementor-element elementor-element-70cbee13 elementor-widget elementor-widget-heading\" data-id=\"70cbee13\" data-element_type=\"widget\" data-widget_type=\"heading.default\">\n\t\t\t\t<div class=\"elementor-widget-container\">\n\t\t\t<p class=\"elementor-heading-title elementor-size-default\"> Boya kabinlerinin vazge\u00e7ilmez par\u00e7as\u0131 olan filtrelerimiz, havadaki partik\u00fclleri ve kirleri etkili bir \u015fekilde yakalayarak, boya uygulamas\u0131 s\u0131ras\u0131nda ortam\u0131n temiz kalmas\u0131n\u0131 sa\u011flar. Y\u00fcksek kaliteli malzemelerden \u00fcretilen ve \u00f6zel tasar\u0131m\u0131yla optimum hava ak\u0131\u015f\u0131n\u0131 sa\u011flayan filtrelerimiz, boyan\u0131n p\u00fcr\u00fczs\u00fcz ve kusursuz bir \u015fekilde y\u00fczeylere tutunmas\u0131na yard\u0131mc\u0131 olur. Ayn\u0131 zamanda sa\u011fl\u0131\u011f\u0131n\u0131z\u0131 da d\u00fc\u015f\u00fcnerek, zararl\u0131 gazlar\u0131n ve u\u00e7ucu organik bile\u015fiklerin emilimini en aza indirir. Boya kabin filtresi se\u00e7iminde g\u00fcvenilirli\u011fi ve performans\u0131 \u00f6n planda tutan bir partner ar\u0131yorsan\u0131z, sizin i\u00e7in en uygun \u00e7\u00f6z\u00fcm\u00fc sunmak i\u00e7in buraday\u0131z. \u0130htiya\u00e7lar\u0131n\u0131za uygun \u00e7e\u015fitli tiplerdeki filtrelerimizle, profesyonel boya uygulamalar\u0131n\u0131zda en \u00fcst d\u00fczeyde verimlilik ve g\u00fcvenlik elde etmenize yard\u0131mc\u0131 oluyoruz.<\/p>\t\t<\/div>\n\t\t\t\t<\/div>\n\t\t\t\t<div class=\"elementor-element elementor-element-6871057b elementor-align-center elementor-tablet-align-left elementor-widget elementor-widget-button\" data-id=\"6871057b\" data-element_type=\"widget\" data-widget_type=\"button.default\">\n\t\t\t\t<div class=\"elementor-widget-container\">\n\t\t\t\t\t<div class=\"elementor-button-wrapper\">\n\t\t\t<a class=\"elementor-button elementor-button-link elementor-size-md\" href=\"https:\/\/dekoralboya.com.tr\/index.php\/iletisim\/\">\n\t\t\t\t\t\t<span class=\"elementor-button-content-wrapper\">\n\t\t\t\t\t\t<span class=\"elementor-button-text\">DAHA FAZLASI \u0130\u00c7\u0130N<\/span>\n\t\t<\/span>\n\t\t\t\t\t<\/a>\n\t\t<\/div>\n\t\t\t\t<\/div>\n\t\t\t\t<\/div>\n\t\t\t\t\t<\/div>\n\t\t<\/div>\n\t\t\t\t\t\t\t<\/div>\n\t\t<\/section>\n\t\t<div class=\"elementor-element elementor-element-99cf34b e-flex e-con-boxed e-con\" data-id=\"99cf34b\" data-element_type=\"container\" data-settings=\"{&quot;content_width&quot;:&quot;boxed&quot;}\">\n\t\t\t\t\t<div class=\"e-con-inner\">\n\t\t\t\t<div class=\"elementor-element elementor-element-36cfd22 elementor-widget-divider--view-line elementor-widget elementor-widget-divider\" data-id=\"36cfd22\" data-element_type=\"widget\" data-widget_type=\"divider.default\">\n\t\t\t\t<div class=\"elementor-widget-container\">\n\t\t\t<style>\/*! elementor - v3.14.0 - 26-06-2023 *\/\n.elementor-widget-divider{--divider-border-style:none;--divider-border-width:1px;--divider-color:#0c0d0e;--divider-icon-size:20px;--divider-element-spacing:10px;--divider-pattern-height:24px;--divider-pattern-size:20px;--divider-pattern-url:none;--divider-pattern-repeat:repeat-x}.elementor-widget-divider .elementor-divider{display:flex}.elementor-widget-divider .elementor-divider__text{font-size:15px;line-height:1;max-width:95%}.elementor-widget-divider .elementor-divider__element{margin:0 var(--divider-element-spacing);flex-shrink:0}.elementor-widget-divider .elementor-icon{font-size:var(--divider-icon-size)}.elementor-widget-divider .elementor-divider-separator{display:flex;margin:0;direction:ltr}.elementor-widget-divider--view-line_icon .elementor-divider-separator,.elementor-widget-divider--view-line_text .elementor-divider-separator{align-items:center}.elementor-widget-divider--view-line_icon .elementor-divider-separator:after,.elementor-widget-divider--view-line_icon .elementor-divider-separator:before,.elementor-widget-divider--view-line_text .elementor-divider-separator:after,.elementor-widget-divider--view-line_text .elementor-divider-separator:before{display:block;content:\"\";border-bottom:0;flex-grow:1;border-top:var(--divider-border-width) var(--divider-border-style) var(--divider-color)}.elementor-widget-divider--element-align-left .elementor-divider .elementor-divider-separator>.elementor-divider__svg:first-of-type{flex-grow:0;flex-shrink:100}.elementor-widget-divider--element-align-left .elementor-divider-separator:before{content:none}.elementor-widget-divider--element-align-left .elementor-divider__element{margin-left:0}.elementor-widget-divider--element-align-right .elementor-divider .elementor-divider-separator>.elementor-divider__svg:last-of-type{flex-grow:0;flex-shrink:100}.elementor-widget-divider--element-align-right .elementor-divider-separator:after{content:none}.elementor-widget-divider--element-align-right .elementor-divider__element{margin-right:0}.elementor-widget-divider:not(.elementor-widget-divider--view-line_text):not(.elementor-widget-divider--view-line_icon) .elementor-divider-separator{border-top:var(--divider-border-width) var(--divider-border-style) var(--divider-color)}.elementor-widget-divider--separator-type-pattern{--divider-border-style:none}.elementor-widget-divider--separator-type-pattern.elementor-widget-divider--view-line .elementor-divider-separator,.elementor-widget-divider--separator-type-pattern:not(.elementor-widget-divider--view-line) .elementor-divider-separator:after,.elementor-widget-divider--separator-type-pattern:not(.elementor-widget-divider--view-line) .elementor-divider-separator:before,.elementor-widget-divider--separator-type-pattern:not([class*=elementor-widget-divider--view]) .elementor-divider-separator{width:100%;min-height:var(--divider-pattern-height);-webkit-mask-size:var(--divider-pattern-size) 100%;mask-size:var(--divider-pattern-size) 100%;-webkit-mask-repeat:var(--divider-pattern-repeat);mask-repeat:var(--divider-pattern-repeat);background-color:var(--divider-color);-webkit-mask-image:var(--divider-pattern-url);mask-image:var(--divider-pattern-url)}.elementor-widget-divider--no-spacing{--divider-pattern-size:auto}.elementor-widget-divider--bg-round{--divider-pattern-repeat:round}.rtl .elementor-widget-divider .elementor-divider__text{direction:rtl}.e-con-inner>.elementor-widget-divider,.e-con>.elementor-widget-divider{width:var(--container-widget-width,100%);--flex-grow:var(--container-widget-flex-grow)}<\/style>\t\t<div class=\"elementor-divider\">\n\t\t\t<span class=\"elementor-divider-separator\">\n\t\t\t\t\t\t<\/span>\n\t\t<\/div>\n\t\t\t\t<\/div>\n\t\t\t\t<\/div>\n\t\t\t\t\t<\/div>\n\t\t\t\t<\/div>\n\t\t<div class=\"elementor-element elementor-element-6f2cc0d e-flex e-con-boxed e-con\" data-id=\"6f2cc0d\" data-element_type=\"container\" data-settings=\"{&quot;content_width&quot;:&quot;boxed&quot;}\">\n\t\t\t\t\t<div class=\"e-con-inner\">\n\t\t\t\t<div class=\"elementor-element elementor-element-5104f68 elementor-widget elementor-widget-html\" data-id=\"5104f68\" data-element_type=\"widget\" data-widget_type=\"html.default\">\n\t\t\t\t<div class=\"elementor-widget-container\">\n\t\t\t<!DOCTYPE html>\r\n<html lang=\"tr\">\r\n<head>\r\n    <meta charset=\"UTF-8\">\r\n    <meta name=\"viewport\" content=\"width=device-width, initial-scale=1.0\">\r\n    <title>Profesyonel Boyahane Kabin Filtre \u00c7\u00f6z\u00fcmleri<\/title>\r\n    <script src=\"https:\/\/cdn.tailwindcss.com\"><\/script>\r\n    <link rel=\"stylesheet\" href=\"https:\/\/cdnjs.cloudflare.com\/ajax\/libs\/font-awesome\/6.5.1\/css\/all.min.css\">\r\n    <link rel=\"preconnect\" href=\"https:\/\/fonts.googleapis.com\">\r\n    <link rel=\"preconnect\" href=\"https:\/\/fonts.gstatic.com\" crossorigin>\r\n    <link href=\"https:\/\/fonts.googleapis.com\/css2?family=Inter:wght@400;600;700&display=swap\" rel=\"stylesheet\">\r\n    <style>\r\n        body {\r\n            font-family: 'Inter', sans-serif;\r\n        }\r\n        .hero-section {\r\n            background-color: #111827; \/* Dark Gray *\/\r\n        }\r\n        .cta-section {\r\n            background-color: #1f2937; \/* Lighter Dark Gray *\/\r\n        }\r\n    <\/style>\r\n<\/head>\r\n<body class=\"bg-gray-50 text-gray-800\">\r\n\r\n    <!-- Header -->\r\n    <header class=\"bg-white shadow-md sticky top-0 z-50\">\r\n        <nav class=\"container mx-auto px-6 py-4 flex justify-between items-center\">\r\n            <a href=\"#\" class=\"text-2xl font-bold text-gray-900\"><\/a>\r\n            <div class=\"hidden md:flex space-x-6 items-center\">\r\n                <a href=\"#anasayfa\" class=\"text-gray-600 hover:text-blue-600 transition duration-300\">Anasayfa<\/a>\r\n                <a href=\"#nedenbiz\" class=\"text-gray-600 hover:text-blue-600 transition duration-300\">Neden Biz?<\/a>\r\n                <a href=\"#iletisim\" class=\"bg-blue-600 text-white px-4 py-2 rounded-md hover:bg-blue-700 transition duration-300\">\u0130leti\u015fime Ge\u00e7in<\/a>\r\n            <\/div>\r\n            <div class=\"md:hidden\">\r\n                <button class=\"text-gray-800 focus:outline-none\">\r\n                    <i class=\"fas fa-bars fa-lg\"><\/i>\r\n                <\/button>\r\n            <\/div>\r\n        <\/nav>\r\n    <\/header>\r\n\r\n    <!-- Hero Section -->\r\n    <section id=\"anasayfa\" class=\"hero-section text-white\">\r\n        <div class=\"container mx-auto px-6 py-20 flex flex-col md:flex-row items-center\">\r\n            <div class=\"md:w-1\/2 mb-10 md:mb-0\">\r\n                <h1 class=\"text-4xl md:text-5xl font-bold leading-tight mb-4\">End\u00fcstriyel Boyahaneler \u0130\u00e7in \u00dcst\u00fcn Filtreleme \u00c7\u00f6z\u00fcmleri<\/h1>\r\n                <p class=\"text-lg text-gray-300 mb-8\">Sa\u011fl\u0131kl\u0131 bir \u00e7al\u0131\u015fma ortam\u0131, kusursuz boya sonu\u00e7lar\u0131 ve maksimum verimlilik i\u00e7in tasarlanm\u0131\u015f y\u00fcksek kaliteli boya kabin filtreleri ile tan\u0131\u015f\u0131n.<\/p>\r\n                <a href=\"https:\/\/dekoralboya.com.tr\/index.php\/iletisim\" class=\"bg-blue-600 text-white font-semibold px-8 py-3 rounded-md hover:bg-blue-700 transition duration-300 transform hover:scale-105\">Teklif Al\u0131n<\/a>\r\n            <\/div>\r\n            <div class=\"md:w-1\/2 flex justify-center\">\r\n                <img decoding=\"async\" src=\"https:\/\/dekoralboya.com.tr\/images\/boya-kabin-filtreleri.jpg\" \r\n                     onerror=\"this.onerror=null;this.src='https:\/\/placehold.co\/500x400\/1f2937\/ffffff?text=Filtreleme+Sistemleri';\" \r\n                     alt=\"Boya Kabin Filtreleri\" class=\"rounded-lg shadow-2xl w-full max-w-md\">\r\n            <\/div>\r\n        <\/div>\r\n    <\/section>\r\n\r\n    <!-- Neden Biz Section -->\r\n    <section id=\"nedenbiz\" class=\"bg-white py-20\">\r\n        <div class=\"container mx-auto px-6\">\r\n            <div class=\"text-center\">\r\n                <h2 class=\"text-3xl font-bold mb-2\">Neden Bizi Se\u00e7melisiniz?<\/h2>\r\n                <p class=\"text-gray-600 mb-12\">\u0130\u015fletmenize de\u011fer katan avantajlar sunuyoruz.<\/p>\r\n            <\/div>\r\n            <div class=\"flex flex-col md:flex-row items-center gap-12\">\r\n                <div class=\"md:w-1\/2\">\r\n                    <img decoding=\"async\" src=\"https:\/\/placehold.co\/600x400\/e0e7ff\/374151?text=Kalite+ve+G%C3%BCven\" alt=\"Kalite ve G\u00fcven\" class=\"rounded-lg shadow-md\">\r\n                <\/div>\r\n                <div class=\"md:w-1\/2 space-y-6\">\r\n                    <div class=\"flex items-start\">\r\n                        <div class=\"text-blue-600 text-2xl mr-4\"><i class=\"fas fa-check-circle\"><\/i><\/div>\r\n                        <div>\r\n                            <h4 class=\"font-bold text-lg\">Y\u00fcksek Kalite Standartlar\u0131<\/h4>\r\n                            <p class=\"text-gray-600\">\u00dcr\u00fcnlerimiz, en son sentetik fiber teknolojileri kullan\u0131larak Avrupa standartlar\u0131nda \u00fcretilmektedir.<\/p>\r\n                        <\/div>\r\n                    <\/div>\r\n                    <div class=\"flex items-start\">\r\n                        <div class=\"text-blue-600 text-2xl mr-4\"><i class=\"fas fa-cogs\"><\/i><\/div>\r\n                        <div>\r\n                            <h4 class=\"font-bold text-lg\">Maksimum Verimlilik<\/h4>\r\n                            <p class=\"text-gray-600\">Optimum hava ak\u0131\u015f\u0131 sa\u011flayan filtrelerimiz, boyan\u0131n y\u00fczeye kusursuz tutunmas\u0131n\u0131 sa\u011flar ve i\u015fletme maliyetlerinizi d\u00fc\u015f\u00fcr\u00fcr.<\/p>\r\n                        <\/div>\r\n                    <\/div>\r\n                    <div class=\"flex items-start\">\r\n                        <div class=\"text-blue-600 text-2xl mr-4\"><i class=\"fas fa-shield-alt\"><\/i><\/div>\r\n                        <div>\r\n                            <h4 class=\"font-bold text-lg\">Sa\u011fl\u0131k ve G\u00fcvenlik<\/h4>\r\n                            <p class=\"text-gray-600\">Zararl\u0131 gazlar\u0131n ve u\u00e7ucu organik bile\u015fiklerin emilimini en aza indirerek g\u00fcvenli bir \u00e7al\u0131\u015fma ortam\u0131 yarat\u0131r\u0131z.<\/p>\r\n                        <\/div>\r\n                    <\/div>\r\n                <\/div>\r\n            <\/div>\r\n        <\/div>\r\n    <\/section>\r\n\r\n    <!-- Call to Action Section -->\r\n    <section id=\"iletisim\" class=\"cta-section text-white py-20\">\r\n        <div class=\"container mx-auto px-6 text-center\">\r\n            <h2 class=\"text-3xl font-bold mb-4\">Size \u00d6zel Filtreleme \u00c7\u00f6z\u00fcmleri \u0130\u00e7in Haz\u0131r\u0131z<\/h2>\r\n            <p class=\"text-gray-300 mb-8 max-w-2xl mx-auto\">\u0130\u015fletmenizin ihtiya\u00e7lar\u0131na en uygun, verimli ve ekonomik filtre \u00e7\u00f6z\u00fcmlerini projelendirmek i\u00e7in uzman ekibimizle ileti\u015fime ge\u00e7in.<\/p>\r\n            <a href=\"https:\/\/dekoralboya.com.tr\/index.php\/iletisim\" class=\"bg-white text-blue-600 font-semibold px-8 py-3 rounded-md hover:bg-gray-200 transition duration-300\">\r\n                <i class=\"fas fa-envelope mr-2\"><\/i>E-posta G\u00f6nderin\r\n            <\/a>\r\n        <\/div>\r\n    <\/section>\r\n\r\n    <!-- Footer -->\r\n    <footer class=\"bg-gray-900 text-white py-8\">\r\n        <div class=\"container mx-auto px-6 text-center\">\r\n            <p>&copy; 2024 T\u00fcm Haklar\u0131 Sakl\u0131d\u0131r.<\/p>\r\n            <p class=\"text-gray-400 text-sm mt-2\">Bu web sitesi bir konsept tasar\u0131m olarak haz\u0131rlanm\u0131\u015ft\u0131r.<\/p>\r\n        <\/div>\r\n    <\/footer>\r\n\r\n<\/body>\r\n<\/html>\r\n\r\n\r\n\t\t<\/div>\n\t\t\t\t<\/div>\n\t\t\t\t\t<\/div>\n\t\t\t\t<\/div>\n\t\t\t\t\t\t\t<\/div>\n\t\t","protected":false},"excerpt":{"rendered":"<p>Boya Kabin Filtreleri Anasayfa Boya kabinlerinde sa\u011fl\u0131kl\u0131 bir \u00e7al\u0131\u015fma ortam\u0131 ve \u00fcst\u00fcn sonu\u00e7lar i\u00e7in boya kabin filtresi tercih edin! Boya kabinlerinin vazge\u00e7ilmez par\u00e7as\u0131 olan filtrelerimiz, havadaki partik\u00fclleri ve kirleri etkili bir \u015fekilde yakalayarak, boya uygulamas\u0131 s\u0131ras\u0131nda ortam\u0131n temiz kalmas\u0131n\u0131 sa\u011flar. Y\u00fcksek kaliteli malzemelerden \u00fcretilen ve \u00f6zel tasar\u0131m\u0131yla optimum hava ak\u0131\u015f\u0131n\u0131 sa\u011flayan filtrelerimiz, boyan\u0131n p\u00fcr\u00fczs\u00fcz ve kusursuz bir \u015fekilde y\u00fczeylere tutunmas\u0131na&#8230;<\/p>\n","protected":false},"author":1,"featured_media":0,"parent":0,"menu_order":0,"comment_status":"closed","ping_status":"closed","template":"elementor_header_footer","meta":{"footnotes":""},"_links":{"self":[{"href":"https:\/\/dekoralboya.com.tr\/index.php\/wp-json\/wp\/v2\/pages\/882"}],"collection":[{"href":"https:\/\/dekoralboya.com.tr\/index.php\/wp-json\/wp\/v2\/pages"}],"about":[{"href":"https:\/\/dekoralboya.com.tr\/index.php\/wp-json\/wp\/v2\/types\/page"}],"author":[{"embeddable":true,"href":"https:\/\/dekoralboya.com.tr\/index.php\/wp-json\/wp\/v2\/users\/1"}],"replies":[{"embeddable":true,"href":"https:\/\/dekoralboya.com.tr\/index.php\/wp-json\/wp\/v2\/comments?post=882"}],"version-history":[{"count":4,"href":"https:\/\/dekoralboya.com.tr\/index.php\/wp-json\/wp\/v2\/pages\/882\/revisions"}],"predecessor-version":[{"id":5809,"href":"https:\/\/dekoralboya.com.tr\/index.php\/wp-json\/wp\/v2\/pages\/882\/revisions\/5809"}],"wp:attachment":[{"href":"https:\/\/dekoralboya.com.tr\/index.php\/wp-json\/wp\/v2\/media?parent=882"}],"curies":[{"name":"wp","href":"https:\/\/api.w.org\/{rel}","templated":true}]}}