{"id":864,"date":"2023-05-08T09:06:13","date_gmt":"2023-05-08T06:06:13","guid":{"rendered":"https:\/\/dekoralboya.com.tr\/?page_id=864"},"modified":"2025-09-30T18:02:21","modified_gmt":"2025-09-30T15:02:21","slug":"genel-endustriyel-grubu","status":"publish","type":"page","link":"https:\/\/dekoralboya.com.tr\/index.php\/genel-endustriyel-grubu\/","title":{"rendered":"PETROL VE DO\u011eALGAZ AKIM"},"content":{"rendered":"\t\t<div data-elementor-type=\"wp-page\" data-elementor-id=\"864\" class=\"elementor elementor-864\">\n\t\t\t\t\t\t\t\t\t<section class=\"elementor-section elementor-top-section elementor-element elementor-element-1f8ff9fd elementor-section-boxed elementor-section-height-default elementor-section-height-default\" data-id=\"1f8ff9fd\" data-element_type=\"section\">\n\t\t\t\t\t\t<div class=\"elementor-container elementor-column-gap-no\">\n\t\t\t\t\t<div class=\"elementor-column elementor-col-100 elementor-top-column elementor-element elementor-element-4805cbd9\" data-id=\"4805cbd9\" data-element_type=\"column\" data-settings=\"{&quot;background_background&quot;:&quot;gradient&quot;}\">\n\t\t\t<div class=\"elementor-widget-wrap elementor-element-populated\">\n\t\t\t\t\t\t\t\t<div class=\"elementor-element elementor-element-7a09f09d elementor-widget elementor-widget-heading\" data-id=\"7a09f09d\" data-element_type=\"widget\" data-widget_type=\"heading.default\">\n\t\t\t\t<div class=\"elementor-widget-container\">\n\t\t\t<style>\/*! elementor - v3.14.0 - 26-06-2023 *\/\n.elementor-heading-title{padding:0;margin:0;line-height:1}.elementor-widget-heading .elementor-heading-title[class*=elementor-size-]>a{color:inherit;font-size:inherit;line-height:inherit}.elementor-widget-heading .elementor-heading-title.elementor-size-small{font-size:15px}.elementor-widget-heading .elementor-heading-title.elementor-size-medium{font-size:19px}.elementor-widget-heading .elementor-heading-title.elementor-size-large{font-size:29px}.elementor-widget-heading .elementor-heading-title.elementor-size-xl{font-size:39px}.elementor-widget-heading .elementor-heading-title.elementor-size-xxl{font-size:59px}<\/style><h1 class=\"elementor-heading-title elementor-size-default\">PETROL VE DO\u011eALGAZ AKIM<\/h1>\t\t<\/div>\n\t\t\t\t<\/div>\n\t\t\t\t<div class=\"elementor-element elementor-element-6c1c0378 elementor-align-center elementor-icon-list--layout-traditional elementor-list-item-link-full_width elementor-widget elementor-widget-icon-list\" data-id=\"6c1c0378\" data-element_type=\"widget\" data-widget_type=\"icon-list.default\">\n\t\t\t\t<div class=\"elementor-widget-container\">\n\t\t\t<link rel=\"stylesheet\" href=\"https:\/\/dekoralboya.com.tr\/wp-content\/plugins\/elementor\/assets\/css\/widget-icon-list.min.css\">\t\t<ul class=\"elementor-icon-list-items\">\n\t\t\t\t\t\t\t<li class=\"elementor-icon-list-item\">\n\t\t\t\t\t\t\t\t\t\t\t<a href=\"https:\/\/dekoralboya.com.tr\/index.php\/iletisim\/\">\n\n\t\t\t\t\t\t\t\t\t\t\t<span class=\"elementor-icon-list-text\">Anasayfa<\/span>\n\t\t\t\t\t\t\t\t\t\t\t<\/a>\n\t\t\t\t\t\t\t\t\t<\/li>\n\t\t\t\t\t\t<\/ul>\n\t\t\t\t<\/div>\n\t\t\t\t<\/div>\n\t\t\t\t\t<\/div>\n\t\t<\/div>\n\t\t\t\t\t\t\t<\/div>\n\t\t<\/section>\n\t\t\t\t<section class=\"elementor-section elementor-top-section elementor-element elementor-element-6c4738ee elementor-section-boxed elementor-section-height-default elementor-section-height-default\" data-id=\"6c4738ee\" data-element_type=\"section\">\n\t\t\t\t\t\t<div class=\"elementor-container elementor-column-gap-no\">\n\t\t\t\t\t<div class=\"elementor-column elementor-col-50 elementor-top-column elementor-element elementor-element-4774a404\" data-id=\"4774a404\" data-element_type=\"column\">\n\t\t\t<div class=\"elementor-widget-wrap elementor-element-populated\">\n\t\t\t\t\t\t\t\t<div class=\"elementor-element elementor-element-7faa8de animated-slow elementor-invisible elementor-widget elementor-widget-image\" data-id=\"7faa8de\" data-element_type=\"widget\" data-settings=\"{&quot;_animation&quot;:&quot;fadeInUp&quot;}\" data-widget_type=\"image.default\">\n\t\t\t\t<div class=\"elementor-widget-container\">\n\t\t\t<style>\/*! elementor - v3.14.0 - 26-06-2023 *\/\n.elementor-widget-image{text-align:center}.elementor-widget-image a{display:inline-block}.elementor-widget-image a img[src$=\".svg\"]{width:48px}.elementor-widget-image img{vertical-align:middle;display:inline-block}<\/style>\t\t\t\t\t\t\t\t\t\t\t\t<img decoding=\"async\" width=\"1280\" height=\"720\" src=\"https:\/\/dekoralboya.com.tr\/wp-content\/uploads\/2023\/05\/dogalgaz-1486415.jpg\" class=\"attachment-full size-full wp-image-2135\" alt=\"\" srcset=\"https:\/\/dekoralboya.com.tr\/wp-content\/uploads\/2023\/05\/dogalgaz-1486415.jpg 1280w, https:\/\/dekoralboya.com.tr\/wp-content\/uploads\/2023\/05\/dogalgaz-1486415-300x169.jpg 300w, https:\/\/dekoralboya.com.tr\/wp-content\/uploads\/2023\/05\/dogalgaz-1486415-1024x576.jpg 1024w, https:\/\/dekoralboya.com.tr\/wp-content\/uploads\/2023\/05\/dogalgaz-1486415-768x432.jpg 768w, https:\/\/dekoralboya.com.tr\/wp-content\/uploads\/2023\/05\/dogalgaz-1486415-600x338.jpg 600w\" sizes=\"(max-width: 1280px) 100vw, 1280px\" \/>\t\t\t\t\t\t\t\t\t\t\t\t\t\t\t<\/div>\n\t\t\t\t<\/div>\n\t\t\t\t\t<\/div>\n\t\t<\/div>\n\t\t\t\t<div class=\"elementor-column elementor-col-50 elementor-top-column elementor-element elementor-element-4cf02228\" data-id=\"4cf02228\" data-element_type=\"column\">\n\t\t\t<div class=\"elementor-widget-wrap elementor-element-populated\">\n\t\t\t\t\t\t\t\t<div class=\"elementor-element elementor-element-757bfa30 elementor-invisible elementor-widget elementor-widget-heading\" data-id=\"757bfa30\" data-element_type=\"widget\" data-settings=\"{&quot;_animation&quot;:&quot;bounceInLeft&quot;,&quot;_animation_delay&quot;:300}\" data-widget_type=\"heading.default\">\n\t\t\t\t<div class=\"elementor-widget-container\">\n\t\t\t<h2 class=\"elementor-heading-title elementor-size-default\">Boru hatt\u0131 ve terminal end\u00fcstrisindeki varl\u0131klar\u0131 korumak i\u00e7in do\u011fru tercihiz<\/h2>\t\t<\/div>\n\t\t\t\t<\/div>\n\t\t\t\t<div class=\"elementor-element elementor-element-67cc0f6a elementor-widget elementor-widget-heading\" data-id=\"67cc0f6a\" data-element_type=\"widget\" data-widget_type=\"heading.default\">\n\t\t\t\t<div class=\"elementor-widget-container\">\n\t\t\t<p class=\"elementor-heading-title elementor-size-default\">\u00c7e\u015fitli korozif ortamlara (k\u0131y\u0131 ve di\u011ferleri) dayan\u0131kl\u0131 \u00e7elik tanklar\u0131n d\u0131\u015f cepheleri i\u00e7in ve kan\u0131tlanm\u0131\u015f ge\u00e7mi\u015fiyle petrol end\u00fcstrisine y\u00f6nelik tasarlanan tank astarlar\u0131 i\u00e7in \u00fcr\u00fcnlere sahibiz. Hem d\u0131\u015f hem i\u00e7 mekanda uygulamas\u0131 kolay \u00e7e\u015fitli boru hatt\u0131 kaplamalar\u0131 sunmaktay\u0131z.<\/p>\t\t<\/div>\n\t\t\t\t<\/div>\n\t\t\t\t<div class=\"elementor-element elementor-element-211f0ba9 elementor-align-center elementor-tablet-align-left elementor-widget elementor-widget-button\" data-id=\"211f0ba9\" data-element_type=\"widget\" data-widget_type=\"button.default\">\n\t\t\t\t<div class=\"elementor-widget-container\">\n\t\t\t\t\t<div class=\"elementor-button-wrapper\">\n\t\t\t<a class=\"elementor-button elementor-button-link elementor-size-md\" href=\"https:\/\/dekoralboya.com.tr\/index.php\/iletisim\/\">\n\t\t\t\t\t\t<span class=\"elementor-button-content-wrapper\">\n\t\t\t\t\t\t<span class=\"elementor-button-text\">DAHA FAZLASI \u0130\u00c7\u0130N<\/span>\n\t\t<\/span>\n\t\t\t\t\t<\/a>\n\t\t<\/div>\n\t\t\t\t<\/div>\n\t\t\t\t<\/div>\n\t\t\t\t\t<\/div>\n\t\t<\/div>\n\t\t\t\t\t\t\t<\/div>\n\t\t<\/section>\n\t\t<div class=\"elementor-element elementor-element-f04f8ab e-flex e-con-boxed e-con\" data-id=\"f04f8ab\" data-element_type=\"container\" data-settings=\"{&quot;content_width&quot;:&quot;boxed&quot;}\">\n\t\t\t\t\t<div class=\"e-con-inner\">\n\t\t\t\t<div class=\"elementor-element elementor-element-7725364 elementor-widget elementor-widget-html\" data-id=\"7725364\" data-element_type=\"widget\" data-widget_type=\"html.default\">\n\t\t\t\t<div class=\"elementor-widget-container\">\n\t\t\t<!DOCTYPE html>\r\n<html lang=\"tr\">\r\n<head>\r\n    <meta charset=\"UTF-8\">\r\n    <meta name=\"viewport\" content=\"width=device-width, initial-scale=1.0\">\r\n    <title>PPG \u00dcr\u00fcn Listesi<\/title>\r\n    <!-- Tailwind CSS'i CDN \u00fczerinden ekliyoruz -->\r\n    <script src=\"https:\/\/cdn.tailwindcss.com\"><\/script>\r\n    <link rel=\"preconnect\" href=\"https:\/\/fonts.googleapis.com\">\r\n    <link rel=\"preconnect\" href=\"https:\/\/fonts.gstatic.com\" crossorigin>\r\n    <link href=\"https:\/\/fonts.googleapis.com\/css2?family=Inter:wght@400;500;600;700&display=swap\" rel=\"stylesheet\">\r\n    <style>\r\n        \/* Sayfa i\u00e7in temel stil ayarlar\u0131 *\/\r\n        body {\r\n            font-family: 'Inter', sans-serif;\r\n            background-color: #f8fafc; \/* A\u00e7\u0131k gri arka plan *\/\r\n        }\r\n        .product-card {\r\n            transition: box-shadow 0.3s ease-in-out;\r\n        }\r\n        .product-card:hover {\r\n            box-shadow: 0 4px 12px rgba(0,0,0,0.08); \/* Hafif g\u00f6lge efekti *\/\r\n        }\r\n    <\/style>\r\n<\/head>\r\n<body class=\"p-4 sm:p-6 md:p-8\">\r\n\r\n    <div class=\"max-w-5xl mx-auto bg-white rounded-xl shadow-md overflow-hidden\">\r\n        <div class=\"p-6\">\r\n             <h1 class=\"text-2xl sm:text-3xl font-bold text-gray-800 mb-6 border-b pb-4\">41 \u00dcr\u00fcn Sonucu<\/h1>\r\n        <\/div>\r\n        <div id=\"product-list\" class=\"divide-y divide-gray-200\">\r\n            <!-- \u00dcr\u00fcnler JavaScript ile buraya eklenecek -->\r\n        <\/div>\r\n    <\/div>\r\n\r\n    <script>\r\n        \/\/ \u00dcr\u00fcn verileri (orijinal HTML'den al\u0131nm\u0131\u015ft\u0131r)\r\n        const products = [\r\n            { name: \"7-LINE | 7-282 SERIES\", sub: \"7 line 7 282 series\", desc: \"One-component, interior \/ exterior industrial gloss oil alkyd\", url: \"https:\/\/www.ppgpmc.com\/products\/7-line-7-282-series\" },\r\n            { name: \"7-LINE | 7-824 SERIES\", sub: \"\", desc: \"One-component, alkyd \/ oil resin\", url: \"https:\/\/www.ppgpmc.com\/products\/7-line-7-824-series\" },\r\n            { name: \"AMERCOAT 133\", sub: \"\", desc: \"Solvent Free Cycloaliphatic Amine Tank Lining\", url: \"https:\/\/www.ppgpmc.com\/products\/amercoat-133\" },\r\n            { name: \"AMERCOAT 253\", sub: \"\", desc: \"Novolac epoxy tank lining\", url: \"https:\/\/www.ppgpmc.com\/products\/amercoat-253\" },\r\n            { name: \"AMERCOAT 68 HS VOC\", sub: \"\", desc: \"Low VOC Zinc Rich Epoxy Primer\", url: \"https:\/\/www.ppgpmc.com\/products\/amercoat-68-hs-voc\" },\r\n            { name: \"AMERSHIELD VOC\", sub: \"\", desc: \"Low VOC Polyester Acrylic Polyurethane\", url: \"https:\/\/www.ppgpmc.com\/products\/amershield-voc\" },\r\n            { name: \"AMERTHANE 490\", sub: \"\", desc: \"Aromatic Polyurethane Hybrid\", url: \"https:\/\/www.ppgpmc.com\/products\/amerthane-490\" },\r\n            { name: \"DIMETCOTE 9 VOC\", sub: \"\", desc: \"Inorganic Zinc Silicate Primer\", url: \"https:\/\/www.ppgpmc.com\/products\/dimetcote-9-voc\" },\r\n            { name: \"DURETHANE DTM | 95-3300 SERIES\", sub: \"\", desc: \"Two-component, DTM urethane mastic\", url: \"https:\/\/www.ppgpmc.com\/products\/durethane-dtm-95-3300-series\" },\r\n            { name: \"MEGASEAL HPU\", sub: \"(also branded as AMERSHIELD\u2122 VOC)\", desc: \"High performance urethane floor coating\", url: \"https:\/\/www.ppgpmc.com\/products\/megaseal-hpu\" },\r\n            { name: \"MEGASEAL HSPC\", sub: \"\", desc: \"MegaSeal HSPC is a low viscosity, solvent free, two-component epoxy primer \/ sealer. MegaSeal HSPC enhances adhesion by penetrating into the concrete substrate and helps reduce bubbling and pinholes that may occur when coating porous surfaces.\", url: \"https:\/\/www.ppgpmc.com\/products\/megaseal-hspc\" },\r\n            { name: \"MEGASEAL SL\", sub: \"\", desc: \"MegaSeal SL is a spreadable, self-leveling epoxy floor coating for concrete floor protection where a smooth, cleanable floor surface is required. MegaSeal FLK Flake Additive decorative vinyl chips or MegaSeal QTZ Quartz Additive may be used with MegaSeal SL for an attractive, durable finish.\", url: \"https:\/\/www.ppgpmc.com\/products\/megaseal-sl\" },\r\n            { name: \"PHENGUARD 930\/935\/940\", sub: \"\", desc: \"Two-component, high-build, amine adduct-cured novolac phenolic epoxy coating\", url: \"https:\/\/www.ppgpmc.com\/products\/phenguard-930-935-940\" },\r\n            { name: \"PHENGUARD SUBSEA 610\", sub: \"\", desc: \"Two-component, high-build, amine adduct-cured novolac phenolic epoxy primer\", url: \"https:\/\/www.ppgpmc.com\/products\/phenguard-subsea-610\" },\r\n            { name: \"PITT-TECH | 90-374 SERIES\", sub: \"\", desc: \"One-component, int.\/ext gloss DTM Industrial enamel\", url: \"https:\/\/www.ppgpmc.com\/products\/pitt-tech-90-374-series\" },\r\n            { name: \"PITT-TECH | 90-474 SERIES\", sub: \"\", desc: \"One-component, int.\/ext. satin DTM industrial enamel\", url: \"https:\/\/www.ppgpmc.com\/products\/pitt-tech-90-474-series\" },\r\n            { name: \"PITT-TECH | 90-712 SERIES\", sub: \"\", desc: \"One-component, int.\/ext. DTM industrial primer\", url: \"https:\/\/www.ppgpmc.com\/products\/pitt-tech-90-712-series\" },\r\n            { name: \"PITT-TECH | 90-812 SERIES\", sub: \"\", desc: \"Int.\/Ext. acrylic dry fall\", url: \"https:\/\/www.ppgpmc.com\/products\/pitt-tech-90-812-series\" },\r\n            { name: \"PPG HI-TEMP 1000\", sub: \"\", desc: \"One component, heat-resistant, universal silicone topcoat for use in elevated temperature systems. Replaces HI-TEMP 1000 V \/ VS \/ VHA\", url: \"https:\/\/www.ppgpmc.com\/products\/ppg-hi-temp-1000\" },\r\n            { name: \"PPG HI-TEMP 1027\", sub: \"\", desc: \"One-component, high-build heat-resistant inert multipolymeric matrix \/ inorganic ceramic coating\", url: \"https:\/\/www.ppgpmc.com\/products\/ppg-hi-temp-1027\" },\r\n            { name: \"PPG HI-TEMP 1027 HD\", sub: \"\", desc: \"Two-component, ambient cured multi-polymeric heat resistant coating system\", url: \"https:\/\/www.ppgpmc.com\/products\/ppg-hi-temp-1027-hd\" },\r\n            { name: \"PPG HI-TEMP 500\", sub: \"\", desc: \"One component, heat-resistant, universal silicone acrylic topcoat for use in elevated temperature systems. Replaces HI-TEMP 500 V \/ VS \/ VHA\", url: \"https:\/\/www.ppgpmc.com\/products\/ppg-hi-temp-500\" },\r\n            { name: \"PPG HI-TEMP 900\", sub: \"\", desc: \"Two-component, ambient cured multi-polymeric heat resistant primer\/coat for new build applications\", url: \"https:\/\/www.ppgpmc.com\/products\/ppg-hi-temp-900\" },\r\n            { name: \"PPG NOVAGUARD 260\", sub: \"\", desc: \"Two-component, high-build, amine adduct-cured novolac phenolic epoxy primer\/coating\", url: \"https:\/\/www.ppgpmc.com\/products\/novaguard-260\" },\r\n            { name: \"PPG NOVAGUARD 4801\", sub: \"\", desc: \"Two-component, glass flake reinforced novolac vinyl ester\", url: \"https:\/\/www.ppgpmc.com\/products\/novaguard-4801\" },\r\n            { name: \"PPG NOVAGUARD 840\", sub: \"\", desc: \"Two-component, solvent-free, amine-cured novolac phenolic epoxy coating\", url: \"https:\/\/www.ppgpmc.com\/products\/novaguard-840\" },\r\n            { name: \"PPG PITT-CHAR NX\", sub: \"\", desc: \"Two-component, 100% solids, flexible, epoxy intumescent fire protective coating for use in industries such as oil & gas, chemicals, energy, transportation and defence that potentially involve major accident hazards including explosions, hydrocarbon jet and pool fires. Also provides Cryogenic Spill Protection (CSP) requirements on LNG facilities.\", url: \"https:\/\/www.ppgpmc.com\/products\/ppg-pitt-char-nx\" },\r\n            { name: \"PPG PITT-THERM 1000 FX\", sub: \"\", desc: \"Two-component, 100% solids, flexible, high-build syntactic epoxy insulation coating. For use as a thermal barrier in conjunction with PPG PITT-CHAR\u00ae epoxy intumescent fire protection or as a stand-alone thermal insulation coating\", url: \"https:\/\/www.ppgpmc.com\/products\/PPG-PITT-THERM-1000-FX\" },\r\n            { name: \"PPG SIGMACOVER 256\", sub: \"\", desc: \"Two-component, high-build, polyamide-cured recoatable zinc phosphate epoxy primer\", url: \"https:\/\/www.ppgpmc.com\/products\/sigmacover-256\" },\r\n            { name: \"PPG SIGMAFAST 210 HS\", sub: \"\", desc: \"Two-component, high solids, high-build zinc phosphate polyurethane primer\/finish\", url: \"https:\/\/www.ppgpmc.com\/products\/sigmafast-210-hs\" },\r\n            { name: \"PPG SIGMAGUARD 720\", sub: \"\", desc: \"Two-component, reinforced high solids tank coating, based upon polyamine adduct cured pure epoxy technology\", url: \"https:\/\/www.ppgpmc.com\/products\/sigmaguard-720\" },\r\n            { name: \"PPG SIGMATHERM 230\", sub: \"\", desc: \"Two-component, high-build, heat-resistant epoxy phenol novolac coating\", url: \"https:\/\/www.ppgpmc.com\/products\/sigmatherm-230\" },\r\n            { name: \"PPG SIGMATHERM 350\", sub: \"\", desc: \"Heat-resistant silicone\/acrylic finish\", url: \"https:\/\/www.ppgpmc.com\/products\/sigmatherm-350\" },\r\n            { name: \"PPG SIGMATHERM 540\", sub: \"\", desc: \"One-component, heat-resistant, moisture-curing silicone aluminum\", url: \"https:\/\/www.ppgpmc.com\/products\/sigmatherm-540\" },\r\n            { name: \"SIGMACOVER 690\", sub: \"\", desc: \"Two-component high solids aluminum pigmented polyamine cured modified epoxy primer\/coating\", url: \"https:\/\/www.ppgpmc.com\/products\/sigmacover-690\" },\r\n            { name: \"SIGMAGUARD 730\", sub: \"\", desc: \"Two-component, high solids polyamine cured phenolic epoxy coating\", url: \"https:\/\/www.ppgpmc.com\/products\/sigmaguard-730\" },\r\n            { name: \"SIGMARINE 24\", sub: \"\", desc: \"Modified zinc phosphate alkyd primer\", url: \"https:\/\/www.ppgpmc.com\/products\/sigmarine-24\" },\r\n            { name: \"SIGMASHIELD 1090\", sub: \"\", desc: \"Two-component, ultra high-build,  flint-reinforced, solvent-free, polyamine-cured, epoxy compound\", url: \"https:\/\/www.ppgpmc.com\/products\/sigmashield-1090\" },\r\n            { name: \"SIGMAZINC 100\", sub: \"\", desc: \"Two-component, polyamide-curing zinc primer\", url: \"https:\/\/www.ppgpmc.com\/products\/sigmazinc-100\" },\r\n            { name: \"SIGMAZINC 109 G\", sub: \"\", desc: \"Two-component, high solids polyamide cured zinc rich epoxy primer\", url: \"https:\/\/www.ppgpmc.com\/products\/sigmazinc-109-g\" },\r\n            { name: \"VIGOR ZN 302 SR\", sub: \"\", desc: \"Two-component, silicate zinc epoxy primer\", url: \"https:\/\/www.ppgpmc.com\/products\/vigor-zn-302-sr\" }\r\n        ];\r\n\r\n        const productListContainer = document.getElementById('product-list');\r\n\r\n        \/\/ \u00dcr\u00fcn kartlar\u0131n\u0131 olu\u015fturup sayfaya ekliyoruz\r\n        products.forEach(product => {\r\n            \/\/ Her \u00fcr\u00fcn i\u00e7in bir div olu\u015fturuyoruz\r\n            const productCard = document.createElement('div');\r\n            productCard.className = 'p-4 sm:p-6 flex flex-col sm:flex-row items-start sm:items-center justify-between';\r\n\r\n            \/\/ \u00dcr\u00fcn bilgilerini i\u00e7eren HTML\r\n            const productInfoHTML = `\r\n                <div class=\"flex-grow mb-4 sm:mb-0 sm:mr-6\">\r\n                    <a href=\"${product.url}\" target=\"_blank\" class=\"block text-lg font-semibold text-blue-600 hover:underline\">${product.name}<\/a>\r\n                    ${product.sub ? `<h3 class=\"text-md font-medium text-gray-600 mt-1\">${product.sub}<\/h3>` : ''}\r\n                    <p class=\"text-gray-500 mt-2 text-sm\">${product.desc}<\/p>\r\n                <\/div>\r\n            `;\r\n            \r\n            \/\/ D\u00fc\u011fmeleri i\u00e7eren HTML\r\n            const productLinksHTML = `\r\n                <div class=\"flex-shrink-0 flex space-x-2\">\r\n                    <a href=\"${product.url}?tab=pds\" target=\"_blank\" class=\"px-4 py-2 text-sm font-medium text-center text-blue-700 bg-white border border-blue-700 rounded-lg hover:bg-blue-50 focus:ring-4 focus:ring-blue-300\">PDS<\/a>\r\n                    <a href=\"${product.url}?tab=sds\" target=\"_blank\" class=\"px-4 py-2 text-sm font-medium text-center text-blue-700 bg-white border border-blue-700 rounded-lg hover:bg-blue-50 focus:ring-4 focus:ring-blue-300\">SDS<\/a>\r\n                    <a href=\"${product.url}?tab=documents\" target=\"_blank\" class=\"px-4 py-2 text-sm font-medium text-center text-blue-700 bg-white border border-blue-700 rounded-lg hover:bg-blue-50 focus:ring-4 focus:ring-blue-300\">Documents<\/a>\r\n                <\/div>\r\n            `;\r\n\r\n            productCard.innerHTML = productInfoHTML + productLinksHTML;\r\n            productListContainer.appendChild(productCard);\r\n        });\r\n\r\n    <\/script>\r\n\r\n<\/body>\r\n<\/html>\r\n\t\t<\/div>\n\t\t\t\t<\/div>\n\t\t\t\t\t<\/div>\n\t\t\t\t<\/div>\n\t\t\t\t\t\t\t<\/div>\n\t\t","protected":false},"excerpt":{"rendered":"<p>PETROL VE DO\u011eALGAZ AKIM Anasayfa Boru hatt\u0131 ve terminal end\u00fcstrisindeki varl\u0131klar\u0131 korumak i\u00e7in do\u011fru tercihiz \u00c7e\u015fitli korozif ortamlara (k\u0131y\u0131 ve di\u011ferleri) dayan\u0131kl\u0131 \u00e7elik tanklar\u0131n d\u0131\u015f cepheleri i\u00e7in ve kan\u0131tlanm\u0131\u015f ge\u00e7mi\u015fiyle petrol end\u00fcstrisine y\u00f6nelik tasarlanan tank astarlar\u0131 i\u00e7in \u00fcr\u00fcnlere sahibiz. Hem d\u0131\u015f hem i\u00e7 mekanda uygulamas\u0131 kolay \u00e7e\u015fitli boru hatt\u0131 kaplamalar\u0131 sunmaktay\u0131z. DAHA FAZLASI \u0130\u00c7\u0130N PPG \u00dcr\u00fcn Listesi 41 \u00dcr\u00fcn Sonucu<\/p>\n","protected":false},"author":1,"featured_media":0,"parent":0,"menu_order":0,"comment_status":"closed","ping_status":"closed","template":"elementor_header_footer","meta":{"footnotes":""},"_links":{"self":[{"href":"https:\/\/dekoralboya.com.tr\/index.php\/wp-json\/wp\/v2\/pages\/864"}],"collection":[{"href":"https:\/\/dekoralboya.com.tr\/index.php\/wp-json\/wp\/v2\/pages"}],"about":[{"href":"https:\/\/dekoralboya.com.tr\/index.php\/wp-json\/wp\/v2\/types\/page"}],"author":[{"embeddable":true,"href":"https:\/\/dekoralboya.com.tr\/index.php\/wp-json\/wp\/v2\/users\/1"}],"replies":[{"embeddable":true,"href":"https:\/\/dekoralboya.com.tr\/index.php\/wp-json\/wp\/v2\/comments?post=864"}],"version-history":[{"count":4,"href":"https:\/\/dekoralboya.com.tr\/index.php\/wp-json\/wp\/v2\/pages\/864\/revisions"}],"predecessor-version":[{"id":5882,"href":"https:\/\/dekoralboya.com.tr\/index.php\/wp-json\/wp\/v2\/pages\/864\/revisions\/5882"}],"wp:attachment":[{"href":"https:\/\/dekoralboya.com.tr\/index.php\/wp-json\/wp\/v2\/media?parent=864"}],"curies":[{"name":"wp","href":"https:\/\/api.w.org\/{rel}","templated":true}]}}