{"id":849,"date":"2023-05-08T09:05:15","date_gmt":"2023-05-08T06:05:15","guid":{"rendered":"https:\/\/dekoralboya.com.tr\/?page_id=849"},"modified":"2025-09-30T16:38:53","modified_gmt":"2025-09-30T13:38:53","slug":"makine-ve-hafif-ticari-grubu","status":"publish","type":"page","link":"https:\/\/dekoralboya.com.tr\/index.php\/makine-ve-hafif-ticari-grubu\/","title":{"rendered":"ENERJ\u0130"},"content":{"rendered":"\t\t<div data-elementor-type=\"wp-page\" data-elementor-id=\"849\" class=\"elementor elementor-849\">\n\t\t\t\t\t\t\t\t\t<section class=\"elementor-section elementor-top-section elementor-element elementor-element-85b3ca0 elementor-section-boxed elementor-section-height-default elementor-section-height-default\" data-id=\"85b3ca0\" data-element_type=\"section\">\n\t\t\t\t\t\t<div class=\"elementor-container elementor-column-gap-no\">\n\t\t\t\t\t<div class=\"elementor-column elementor-col-100 elementor-top-column elementor-element elementor-element-6894ebd4\" data-id=\"6894ebd4\" data-element_type=\"column\" data-settings=\"{&quot;background_background&quot;:&quot;gradient&quot;}\">\n\t\t\t<div class=\"elementor-widget-wrap elementor-element-populated\">\n\t\t\t\t\t\t\t\t<div class=\"elementor-element elementor-element-45f3f5ec elementor-widget elementor-widget-heading\" data-id=\"45f3f5ec\" data-element_type=\"widget\" data-widget_type=\"heading.default\">\n\t\t\t\t<div class=\"elementor-widget-container\">\n\t\t\t<style>\/*! elementor - v3.14.0 - 26-06-2023 *\/\n.elementor-heading-title{padding:0;margin:0;line-height:1}.elementor-widget-heading .elementor-heading-title[class*=elementor-size-]>a{color:inherit;font-size:inherit;line-height:inherit}.elementor-widget-heading .elementor-heading-title.elementor-size-small{font-size:15px}.elementor-widget-heading .elementor-heading-title.elementor-size-medium{font-size:19px}.elementor-widget-heading .elementor-heading-title.elementor-size-large{font-size:29px}.elementor-widget-heading .elementor-heading-title.elementor-size-xl{font-size:39px}.elementor-widget-heading .elementor-heading-title.elementor-size-xxl{font-size:59px}<\/style><h1 class=\"elementor-heading-title elementor-size-default\">ENERJ\u0130<\/h1>\t\t<\/div>\n\t\t\t\t<\/div>\n\t\t\t\t<div class=\"elementor-element elementor-element-4943e409 elementor-align-center elementor-icon-list--layout-traditional elementor-list-item-link-full_width elementor-widget elementor-widget-icon-list\" data-id=\"4943e409\" data-element_type=\"widget\" data-widget_type=\"icon-list.default\">\n\t\t\t\t<div class=\"elementor-widget-container\">\n\t\t\t<link rel=\"stylesheet\" href=\"https:\/\/dekoralboya.com.tr\/wp-content\/plugins\/elementor\/assets\/css\/widget-icon-list.min.css\">\t\t<ul class=\"elementor-icon-list-items\">\n\t\t\t\t\t\t\t<li class=\"elementor-icon-list-item\">\n\t\t\t\t\t\t\t\t\t\t\t<a href=\"https:\/\/dekoralboya.com.tr\/\">\n\n\t\t\t\t\t\t\t\t\t\t\t<span class=\"elementor-icon-list-text\">Anasayfa<\/span>\n\t\t\t\t\t\t\t\t\t\t\t<\/a>\n\t\t\t\t\t\t\t\t\t<\/li>\n\t\t\t\t\t\t<\/ul>\n\t\t\t\t<\/div>\n\t\t\t\t<\/div>\n\t\t\t\t\t<\/div>\n\t\t<\/div>\n\t\t\t\t\t\t\t<\/div>\n\t\t<\/section>\n\t\t\t\t<section class=\"elementor-section elementor-top-section elementor-element elementor-element-252430e1 elementor-section-boxed elementor-section-height-default elementor-section-height-default\" data-id=\"252430e1\" data-element_type=\"section\">\n\t\t\t\t\t\t<div class=\"elementor-container elementor-column-gap-no\">\n\t\t\t\t\t<div class=\"elementor-column elementor-col-50 elementor-top-column elementor-element elementor-element-394df02c\" data-id=\"394df02c\" data-element_type=\"column\">\n\t\t\t<div class=\"elementor-widget-wrap elementor-element-populated\">\n\t\t\t\t\t\t\t\t<div class=\"elementor-element elementor-element-6610c458 animated-slow elementor-invisible elementor-widget elementor-widget-image\" data-id=\"6610c458\" data-element_type=\"widget\" data-settings=\"{&quot;_animation&quot;:&quot;fadeInUp&quot;}\" data-widget_type=\"image.default\">\n\t\t\t\t<div class=\"elementor-widget-container\">\n\t\t\t<style>\/*! elementor - v3.14.0 - 26-06-2023 *\/\n.elementor-widget-image{text-align:center}.elementor-widget-image a{display:inline-block}.elementor-widget-image a img[src$=\".svg\"]{width:48px}.elementor-widget-image img{vertical-align:middle;display:inline-block}<\/style>\t\t\t\t\t\t\t\t\t\t\t\t<img decoding=\"async\" width=\"640\" height=\"359\" src=\"https:\/\/dekoralboya.com.tr\/wp-content\/uploads\/2023\/05\/resized_a890c-cdc214e8dogalgazcebi_cover.jpg\" class=\"attachment-full size-full wp-image-2055\" alt=\"\" srcset=\"https:\/\/dekoralboya.com.tr\/wp-content\/uploads\/2023\/05\/resized_a890c-cdc214e8dogalgazcebi_cover.jpg 640w, https:\/\/dekoralboya.com.tr\/wp-content\/uploads\/2023\/05\/resized_a890c-cdc214e8dogalgazcebi_cover-300x168.jpg 300w, https:\/\/dekoralboya.com.tr\/wp-content\/uploads\/2023\/05\/resized_a890c-cdc214e8dogalgazcebi_cover-600x337.jpg 600w\" sizes=\"(max-width: 640px) 100vw, 640px\" \/>\t\t\t\t\t\t\t\t\t\t\t\t\t\t\t<\/div>\n\t\t\t\t<\/div>\n\t\t\t\t\t<\/div>\n\t\t<\/div>\n\t\t\t\t<div class=\"elementor-column elementor-col-50 elementor-top-column elementor-element elementor-element-2f64d4cc\" data-id=\"2f64d4cc\" data-element_type=\"column\">\n\t\t\t<div class=\"elementor-widget-wrap elementor-element-populated\">\n\t\t\t\t\t\t\t\t<div class=\"elementor-element elementor-element-60bb9e87 elementor-invisible elementor-widget elementor-widget-heading\" data-id=\"60bb9e87\" data-element_type=\"widget\" data-settings=\"{&quot;_animation&quot;:&quot;bounceInLeft&quot;,&quot;_animation_delay&quot;:300}\" data-widget_type=\"heading.default\">\n\t\t\t\t<div class=\"elementor-widget-container\">\n\t\t\t<h2 class=\"elementor-heading-title elementor-size-default\">Enerji pazar\u0131ndaki t\u00fcm ko\u015fullara kar\u015f\u0131 korumaya y\u00f6nelik komple bir kaplama yelpazesi sunuyoruz.<\/h2>\t\t<\/div>\n\t\t\t\t<\/div>\n\t\t\t\t<div class=\"elementor-element elementor-element-1f92391a elementor-widget elementor-widget-heading\" data-id=\"1f92391a\" data-element_type=\"widget\" data-widget_type=\"heading.default\">\n\t\t\t\t<div class=\"elementor-widget-container\">\n\t\t\t<p class=\"elementor-heading-title elementor-size-default\">Enerji sekt\u00f6r\u00fcnde boya kaplama sistemleri, \u00e7e\u015fitli uygulamalar i\u00e7in kullan\u0131lan \u00f6nemli bir unsurdur. Bu kaplamalar, enerji \u00fcretim tesislerinde, enerji iletim hatlar\u0131nda, g\u00fcne\u015f enerjisi panellerinde, r\u00fczgar t\u00fcrbinlerinde ve di\u011fer enerji altyap\u0131 projelerinde yayg\u0131n olarak kullan\u0131l\u0131r. <\/p>\t\t<\/div>\n\t\t\t\t<\/div>\n\t\t\t\t<div class=\"elementor-element elementor-element-68f4af5a elementor-align-center elementor-tablet-align-left elementor-widget elementor-widget-button\" data-id=\"68f4af5a\" data-element_type=\"widget\" data-widget_type=\"button.default\">\n\t\t\t\t<div class=\"elementor-widget-container\">\n\t\t\t\t\t<div class=\"elementor-button-wrapper\">\n\t\t\t<a class=\"elementor-button elementor-button-link elementor-size-md\" href=\"https:\/\/dekoralboya.com.tr\/index.php\/iletisim\/\">\n\t\t\t\t\t\t<span class=\"elementor-button-content-wrapper\">\n\t\t\t\t\t\t<span class=\"elementor-button-text\">daha fazlas\u0131 i\u00e7in<\/span>\n\t\t<\/span>\n\t\t\t\t\t<\/a>\n\t\t<\/div>\n\t\t\t\t<\/div>\n\t\t\t\t<\/div>\n\t\t\t\t\t<\/div>\n\t\t<\/div>\n\t\t\t\t\t\t\t<\/div>\n\t\t<\/section>\n\t\t<div class=\"elementor-element elementor-element-89b2ddb e-flex e-con-boxed e-con\" data-id=\"89b2ddb\" data-element_type=\"container\" data-settings=\"{&quot;content_width&quot;:&quot;boxed&quot;}\">\n\t\t\t\t\t<div class=\"e-con-inner\">\n\t\t\t\t<div class=\"elementor-element elementor-element-d12ee64 elementor-widget elementor-widget-html\" data-id=\"d12ee64\" data-element_type=\"widget\" data-widget_type=\"html.default\">\n\t\t\t\t<div class=\"elementor-widget-container\">\n\t\t\t<!DOCTYPE html>\r\n<html lang=\"tr\">\r\n<head>\r\n    <meta charset=\"UTF-8\">\r\n    <meta name=\"viewport\" content=\"width=device-width, initial-scale=1.0\">\r\n    <title>Makine ve Hafif Ticari Grubu - \u00dcr\u00fcnler<\/title>\r\n    <script src=\"https:\/\/cdn.tailwindcss.com\"><\/script>\r\n    <link href=\"https:\/\/fonts.googleapis.com\/css2?family=Inter:wght@400;500;600;700&display=swap\" rel=\"stylesheet\">\r\n    <style>\r\n        body {\r\n            font-family: 'Inter', sans-serif;\r\n            background-color: #f9fafb;\r\n        }\r\n    <\/style>\r\n<\/head>\r\n<body>\r\n\r\n    <div class=\"container mx-auto px-4 sm:px-6 lg:px-8 py-12\">\r\n        \r\n        <!-- Header -->\r\n        <div class=\"mb-6\">\r\n            <h1 class=\"text-3xl font-bold text-gray-800\">\u00dcr\u00fcn Sonu\u00e7lar\u0131<\/h1>\r\n        <\/div>\r\n\r\n        <!-- Product List -->\r\n        <div class=\"bg-white border border-gray-200 rounded-lg shadow-sm\">\r\n            <div id=\"product-list\">\r\n                <!-- Products will be injected here by script -->\r\n            <\/div>\r\n        <\/div>\r\n\r\n        <!-- PPG Button -->\r\n        <div class=\"mt-12 text-center\">\r\n            <a href=\"https:\/\/www.ppgpmc.com\/protective\/power\/products\" target=\"_blank\" rel=\"noopener noreferrer\" class=\"inline-block bg-blue-700 text-white font-semibold px-8 py-3 rounded-md hover:bg-blue-800 transition-colors duration-300\">\r\n                Gerekli bilgiler i\u00e7in PPG sayfas\u0131n\u0131 ziyaret edin\r\n            <\/a>\r\n        <\/div>\r\n        \r\n    <\/div>\r\n\r\n    <script>\r\n        const products = [\r\n            \"7-LINE | 7-282 SERIES\", \"7-LINE | 7-824 SERIES\", \"AMERCOAT 133\", \"AMERCOAT 238\", \"AMERCOAT 253\", \"AMERCOAT 370\",\r\n            \"AMERCOAT 385\", \"AMERCOAT 450 HSG \/ SIGMADUR 520 US\", \"AMERCOAT 68 HS VOC\", \"AMERCOAT 861N\", \"AMERLOCK 400 GF \/ SIGMASHIELD 400\",\r\n            \"AMERLOCK 400 NT\", \"AMERLOCK 400 VOC\", \"AMERLOCK 600\", \"AMERSHIELD VOC\", \"AMERTHANE 490\", \"CENTREPOX N EVO\", \"CENTREPOX PZ EVO\",\r\n            \"CENTRIFUGON EAP EVO\", \"COLTURA EP FLOORING EVO 1MM\", \"COLTURA EP FLOORING EVO 3MM\", \"COLTURA EP FLOORING EVO RAGREAGE\",\r\n            \"DIMETCOTE 9 VOC\", \"DURETHANE DTM | 95-3000 SERIES\", \"KL4400 SERIES\", \"KL5000\/KL5000B\", \"KL6129\/KL6129B\", \"KL9600N Series\",\r\n            \"MEGASEAL HPU\", \"MEGASEAL HSPC\", \"MEGASEAL SL\", \"PHENGUARD 930\/935\/940\", \"PHENGUARD SUBSEA 610\", \"PITT-CHAR XP\",\r\n            \"PITTHANE ULTRA \/ SIGMADUR 550 US\", \"PITT-TECH | 90-374 SERIES\", \"PITT-TECH | 90-474 SERIES\", \"PITT-TECH | 90-712 SERIES\",\r\n            \"PITT-TECH | 90-812 SERIES\", \"PPG AQUAVIGOR 130\", \"PPG DIMETCOTE 9\", \"PPG ENDUIT PANTOXY NF\", \"PPG HI-TEMP 1000\",\r\n            \"PPG HI-TEMP 1027\", \"PPG HI-TEMP 1027 HD\", \"PPG HI-TEMP 500\", \"PPG HI-TEMP 900\", \"PPG HYDROCENTRIFUGON PEINTURE NF\",\r\n            \"PPG NOVAGUARD 260\", \"PPG NOVAGUARD 4801\", \"PPG NOVAGUARD 840\", \"PPG PITT-CHAR NX\", \"PPG PITT-THERM 1000 FX\", \"PPG PSX 700\",\r\n            \"PPG SIGMACOVER 256\", \"PPG SIGMACOVER 280\", \"PPG SIGMACOVER 522\", \"PPG SIGMACOVER 809\", \"PPG SIGMADUR 520\", \"PPG SIGMADUR 550\",\r\n            \"PPG SIGMAFAST 210 HS\", \"PPG SIGMAFAST 278 D\", \"PPG SIGMAGUARD 720\", \"PPG SIGMAGUARD CSF 585\", \"PPG SIGMALINE 2000\",\r\n            \"PPG SIGMALINE 2500\", \"PPG SIGMATHERM 230\", \"PPG SIGMATHERM 350\", \"PPG SIGMATHERM 540\", \"PPG SIGMAZINC 68 GP\", \"PSX 500\",\r\n            \"PSX ONE 750\", \"SIGMACOVER 280 LT\", \"SIGMACOVER 690\", \"SIGMACOVER 850\", \"SIGMADUR 2800\", \"SIGMADUR 550 H\",\r\n            \"SIGMAFAST 278\", \"SIGMAGUARD 730\", \"SIGMAPRIME 700 HSV LT\", \"SIGMARINE 24\", \"SIGMASHIELD 1090\", \"SIGMASHIELD 880 ALU\",\r\n            \"SIGMASHIELD 880 XS\", \"SIGMAZINC 100\", \"SIGMAZINC 109 G\", \"VIGOR ZN 302 SR\"\r\n        ];\r\n\r\n        const descriptions = [\r\n            \"Tek bile\u015fenli, i\u00e7\/d\u0131\u015f mekan end\u00fcstriyel parlak alkid.\",\r\n            \"Tek bile\u015fenli, alkid \/ ya\u011f re\u00e7inesi.\",\r\n            \"Solventsiz Sikloalifatik Amin Tank Astar\u0131.\",\r\n            \"G\u00fc\u00e7lendirilmi\u015f a\u015f\u0131nmaya dayan\u0131kl\u0131 epoksi.\",\r\n            \"Novolac epoksi tank astar\u0131.\",\r\n            \"Y\u00fcksek performansl\u0131 epoksi astar.\"\r\n        ];\r\n\r\n        const productListContainer = document.getElementById('product-list');\r\n        let productHtml = '';\r\n\r\n        products.forEach((product, index) => {\r\n            const desc = descriptions[index % descriptions.length];\r\n            productHtml += `\r\n                <div class=\"flex flex-col sm:flex-row sm:items-center sm:justify-between p-6 border-b border-gray-200 last:border-b-0\">\r\n                    <div class=\"mb-4 sm:mb-0\">\r\n                        <a href=\"#\" class=\"text-lg font-semibold text-blue-700 hover:underline\">${product}<\/a>\r\n                        <p class=\"text-gray-600 mt-1 text-sm\">${desc}<\/p>\r\n                    <\/div>\r\n                    <div class=\"flex-shrink-0 flex space-x-2\">\r\n                        <a href=\"#\" class=\"px-4 py-2 text-sm font-medium text-blue-700 border border-blue-700 rounded-md hover:bg-blue-50 transition-colors\">PDS<\/a>\r\n                        <a href=\"#\" class=\"px-4 py-2 text-sm font-medium text-blue-700 border border-blue-700 rounded-md hover:bg-blue-50 transition-colors\">SDS<\/a>\r\n                        <a href=\"#\" class=\"px-4 py-2 text-sm font-medium text-blue-700 border border-blue-700 rounded-md hover:bg-blue-50 transition-colors\">Documents<\/a>\r\n                    <\/div>\r\n                <\/div>\r\n            `;\r\n        });\r\n\r\n        productListContainer.innerHTML = productHtml;\r\n    <\/script>\r\n<\/body>\r\n<\/html>\r\n\r\n\t\t<\/div>\n\t\t\t\t<\/div>\n\t\t\t\t\t<\/div>\n\t\t\t\t<\/div>\n\t\t\t\t\t\t\t<\/div>\n\t\t","protected":false},"excerpt":{"rendered":"<p>ENERJ\u0130 Anasayfa Enerji pazar\u0131ndaki t\u00fcm ko\u015fullara kar\u015f\u0131 korumaya y\u00f6nelik komple bir kaplama yelpazesi sunuyoruz. Enerji sekt\u00f6r\u00fcnde boya kaplama sistemleri, \u00e7e\u015fitli uygulamalar i\u00e7in kullan\u0131lan \u00f6nemli bir unsurdur. Bu kaplamalar, enerji \u00fcretim tesislerinde, enerji iletim hatlar\u0131nda, g\u00fcne\u015f enerjisi panellerinde, r\u00fczgar t\u00fcrbinlerinde ve di\u011fer enerji altyap\u0131 projelerinde yayg\u0131n olarak kullan\u0131l\u0131r. daha fazlas\u0131 i\u00e7in Makine ve Hafif Ticari Grubu &#8211; \u00dcr\u00fcnler \u00dcr\u00fcn Sonu\u00e7lar\u0131 Gerekli&#8230;<\/p>\n","protected":false},"author":1,"featured_media":0,"parent":0,"menu_order":0,"comment_status":"closed","ping_status":"closed","template":"elementor_header_footer","meta":{"footnotes":""},"_links":{"self":[{"href":"https:\/\/dekoralboya.com.tr\/index.php\/wp-json\/wp\/v2\/pages\/849"}],"collection":[{"href":"https:\/\/dekoralboya.com.tr\/index.php\/wp-json\/wp\/v2\/pages"}],"about":[{"href":"https:\/\/dekoralboya.com.tr\/index.php\/wp-json\/wp\/v2\/types\/page"}],"author":[{"embeddable":true,"href":"https:\/\/dekoralboya.com.tr\/index.php\/wp-json\/wp\/v2\/users\/1"}],"replies":[{"embeddable":true,"href":"https:\/\/dekoralboya.com.tr\/index.php\/wp-json\/wp\/v2\/comments?post=849"}],"version-history":[{"count":4,"href":"https:\/\/dekoralboya.com.tr\/index.php\/wp-json\/wp\/v2\/pages\/849\/revisions"}],"predecessor-version":[{"id":5851,"href":"https:\/\/dekoralboya.com.tr\/index.php\/wp-json\/wp\/v2\/pages\/849\/revisions\/5851"}],"wp:attachment":[{"href":"https:\/\/dekoralboya.com.tr\/index.php\/wp-json\/wp\/v2\/media?parent=849"}],"curies":[{"name":"wp","href":"https:\/\/api.w.org\/{rel}","templated":true}]}}