{"id":840,"date":"2023-05-08T09:02:52","date_gmt":"2023-05-08T06:02:52","guid":{"rendered":"https:\/\/dekoralboya.com.tr\/?page_id=840"},"modified":"2023-07-20T05:26:45","modified_gmt":"2023-07-20T02:26:45","slug":"mirka","status":"publish","type":"page","link":"https:\/\/dekoralboya.com.tr\/index.php\/mirka\/","title":{"rendered":"MIRKA"},"content":{"rendered":"\t\t<div data-elementor-type=\"wp-page\" data-elementor-id=\"840\" class=\"elementor elementor-840\">\n\t\t\t\t\t\t\t\t\t<section class=\"elementor-section elementor-top-section elementor-element elementor-element-945dd3a elementor-section-boxed elementor-section-height-default elementor-section-height-default\" data-id=\"945dd3a\" data-element_type=\"section\">\n\t\t\t\t\t\t<div class=\"elementor-container elementor-column-gap-no\">\n\t\t\t\t\t<div class=\"elementor-column elementor-col-100 elementor-top-column elementor-element elementor-element-447f0ee2\" data-id=\"447f0ee2\" data-element_type=\"column\" data-settings=\"{&quot;background_background&quot;:&quot;gradient&quot;}\">\n\t\t\t<div class=\"elementor-widget-wrap elementor-element-populated\">\n\t\t\t\t\t\t\t\t<div class=\"elementor-element elementor-element-645a50a9 elementor-widget elementor-widget-heading\" data-id=\"645a50a9\" data-element_type=\"widget\" data-widget_type=\"heading.default\">\n\t\t\t\t<div class=\"elementor-widget-container\">\n\t\t\t<style>\/*! elementor - v3.14.0 - 26-06-2023 *\/\n.elementor-heading-title{padding:0;margin:0;line-height:1}.elementor-widget-heading .elementor-heading-title[class*=elementor-size-]>a{color:inherit;font-size:inherit;line-height:inherit}.elementor-widget-heading .elementor-heading-title.elementor-size-small{font-size:15px}.elementor-widget-heading .elementor-heading-title.elementor-size-medium{font-size:19px}.elementor-widget-heading .elementor-heading-title.elementor-size-large{font-size:29px}.elementor-widget-heading .elementor-heading-title.elementor-size-xl{font-size:39px}.elementor-widget-heading .elementor-heading-title.elementor-size-xxl{font-size:59px}<\/style><h1 class=\"elementor-heading-title elementor-size-default\">MIRKA<\/h1>\t\t<\/div>\n\t\t\t\t<\/div>\n\t\t\t\t<div class=\"elementor-element elementor-element-23ec6bc4 elementor-align-center elementor-icon-list--layout-traditional elementor-list-item-link-full_width elementor-widget elementor-widget-icon-list\" data-id=\"23ec6bc4\" data-element_type=\"widget\" data-widget_type=\"icon-list.default\">\n\t\t\t\t<div class=\"elementor-widget-container\">\n\t\t\t<link rel=\"stylesheet\" href=\"https:\/\/dekoralboya.com.tr\/wp-content\/plugins\/elementor\/assets\/css\/widget-icon-list.min.css\">\t\t<ul class=\"elementor-icon-list-items\">\n\t\t\t\t\t\t\t<li class=\"elementor-icon-list-item\">\n\t\t\t\t\t\t\t\t\t\t\t<a href=\"https:\/\/dekoralboya.com.tr\/\">\n\n\t\t\t\t\t\t\t\t\t\t\t<span class=\"elementor-icon-list-text\">Anasayfa<\/span>\n\t\t\t\t\t\t\t\t\t\t\t<\/a>\n\t\t\t\t\t\t\t\t\t<\/li>\n\t\t\t\t\t\t<\/ul>\n\t\t\t\t<\/div>\n\t\t\t\t<\/div>\n\t\t\t\t\t<\/div>\n\t\t<\/div>\n\t\t\t\t\t\t\t<\/div>\n\t\t<\/section>\n\t\t\t\t<section class=\"elementor-section elementor-top-section elementor-element elementor-element-50ad0e9c elementor-section-boxed elementor-section-height-default elementor-section-height-default\" data-id=\"50ad0e9c\" data-element_type=\"section\">\n\t\t\t\t\t\t<div class=\"elementor-container elementor-column-gap-no\">\n\t\t\t\t\t<div class=\"elementor-column elementor-col-50 elementor-top-column elementor-element elementor-element-dffd8cb\" data-id=\"dffd8cb\" data-element_type=\"column\">\n\t\t\t<div class=\"elementor-widget-wrap elementor-element-populated\">\n\t\t\t\t\t\t\t\t<div class=\"elementor-element elementor-element-2a076a11 animated-slow elementor-invisible elementor-widget elementor-widget-image\" data-id=\"2a076a11\" data-element_type=\"widget\" data-settings=\"{&quot;_animation&quot;:&quot;fadeInUp&quot;}\" data-widget_type=\"image.default\">\n\t\t\t\t<div class=\"elementor-widget-container\">\n\t\t\t<style>\/*! elementor - v3.14.0 - 26-06-2023 *\/\n.elementor-widget-image{text-align:center}.elementor-widget-image a{display:inline-block}.elementor-widget-image a img[src$=\".svg\"]{width:48px}.elementor-widget-image img{vertical-align:middle;display:inline-block}<\/style>\t\t\t\t\t\t\t\t\t\t\t\t\t<a href=\"https:\/\/dekoralboya.com.tr\/index.php\/iletisim\/\" target=\"_blank\" mirka=\"\">\n\t\t\t\t\t\t\t<img decoding=\"async\" width=\"1080\" height=\"1080\" src=\"https:\/\/dekoralboya.com.tr\/wp-content\/uploads\/2023\/05\/15.png\" class=\"attachment-full size-full wp-image-1229\" alt=\"\" srcset=\"https:\/\/dekoralboya.com.tr\/wp-content\/uploads\/2023\/05\/15.png 1080w, https:\/\/dekoralboya.com.tr\/wp-content\/uploads\/2023\/05\/15-300x300.png 300w, https:\/\/dekoralboya.com.tr\/wp-content\/uploads\/2023\/05\/15-100x100.png 100w, https:\/\/dekoralboya.com.tr\/wp-content\/uploads\/2023\/05\/15-600x600.png 600w, https:\/\/dekoralboya.com.tr\/wp-content\/uploads\/2023\/05\/15-1024x1024.png 1024w, https:\/\/dekoralboya.com.tr\/wp-content\/uploads\/2023\/05\/15-150x150.png 150w, https:\/\/dekoralboya.com.tr\/wp-content\/uploads\/2023\/05\/15-768x768.png 768w\" sizes=\"(max-width: 1080px) 100vw, 1080px\" \/>\t\t\t\t\t\t\t\t<\/a>\n\t\t\t\t\t\t\t\t\t\t\t\t\t\t\t<\/div>\n\t\t\t\t<\/div>\n\t\t\t\t\t<\/div>\n\t\t<\/div>\n\t\t\t\t<div class=\"elementor-column elementor-col-50 elementor-top-column elementor-element elementor-element-51bc9d96\" data-id=\"51bc9d96\" data-element_type=\"column\">\n\t\t\t<div class=\"elementor-widget-wrap elementor-element-populated\">\n\t\t\t\t\t\t\t\t<div class=\"elementor-element elementor-element-470ee1d6 elementor-invisible elementor-widget elementor-widget-heading\" data-id=\"470ee1d6\" data-element_type=\"widget\" data-settings=\"{&quot;_animation&quot;:&quot;bounceInLeft&quot;,&quot;_animation_delay&quot;:300}\" data-widget_type=\"heading.default\">\n\t\t\t\t<div class=\"elementor-widget-container\">\n\t\t\t<h2 class=\"elementor-heading-title elementor-size-default\">Dekoral Boya Mirka ile Y\u00fczeye Yenilik Getirmeye Devam Ediyor<\/h2>\t\t<\/div>\n\t\t\t\t<\/div>\n\t\t\t\t<div class=\"elementor-element elementor-element-1a80b281 elementor-widget elementor-widget-heading\" data-id=\"1a80b281\" data-element_type=\"widget\" data-widget_type=\"heading.default\">\n\t\t\t\t<div class=\"elementor-widget-container\">\n\t\t\t<p class=\"elementor-heading-title elementor-size-default\">PPG Boya B\u00f6lge Distrib\u00fct\u00f6r\u00fc Dekoral Boya Ltd. olarak, sizleri kusursuz bir son kat g\u00f6r\u00fcn\u00fcm\u00fc elde etmek i\u00e7in geli\u015ftirilmi\u015f Mirka Z\u0131mpara Sistemleri ile tan\u0131\u015ft\u0131r\u0131yoruz. PPG Industries markas\u0131n\u0131n boyadaki liderli\u011fini, Mirka z\u0131mpara sistemlerinin tozsuz harika y\u00fczey sonu\u00e7lar\u0131 ile birle\u015ftiriyoruz.\n\nY\u0131llar\u0131n deneyimi ve \u00fcr\u00fcn geli\u015ftirmeye olan g\u00fc\u00e7l\u00fc ba\u011fl\u0131l\u0131\u011f\u0131 sayesinde Mirka, tozsuz y\u00fczey bitirme sa\u011flayan, esnek z\u0131mparalama makineleri ve \u00fcr\u00fcnler konusunda \u00f6nc\u00fc bir uzmand\u0131r. Bu yenilikler ayr\u0131ca \u00e7\u0131\u011f\u0131r a\u00e7an yeni kaplama \u00fcretim s\u00fcre\u00e7lerinin olu\u015fturulmas\u0131yla da desteklenmektedir.\n<\/p>\t\t<\/div>\n\t\t\t\t<\/div>\n\t\t\t\t<div class=\"elementor-element elementor-element-423df290 elementor-align-center elementor-tablet-align-left elementor-widget elementor-widget-button\" data-id=\"423df290\" data-element_type=\"widget\" data-widget_type=\"button.default\">\n\t\t\t\t<div class=\"elementor-widget-container\">\n\t\t\t\t\t<div class=\"elementor-button-wrapper\">\n\t\t\t<a class=\"elementor-button elementor-button-link elementor-size-md\" href=\"https:\/\/dekoralboya.com.tr\/index.php\/iletisim\/\" target=\"_blank\" mirka=\"\">\n\t\t\t\t\t\t<span class=\"elementor-button-content-wrapper\">\n\t\t\t\t\t\t<span class=\"elementor-button-text\">daha fazlas\u0131 i\u00e7in<\/span>\n\t\t<\/span>\n\t\t\t\t\t<\/a>\n\t\t<\/div>\n\t\t\t\t<\/div>\n\t\t\t\t<\/div>\n\t\t\t\t\t<\/div>\n\t\t<\/div>\n\t\t\t\t\t\t\t<\/div>\n\t\t<\/section>\n\t\t\t\t<section class=\"elementor-section elementor-top-section elementor-element elementor-element-331b8dc2 elementor-reverse-mobile elementor-section-boxed elementor-section-height-default elementor-section-height-default\" data-id=\"331b8dc2\" data-element_type=\"section\">\n\t\t\t\t\t\t<div class=\"elementor-container elementor-column-gap-no\">\n\t\t\t\t\t<div class=\"elementor-column elementor-col-50 elementor-top-column elementor-element elementor-element-122c4b72\" data-id=\"122c4b72\" data-element_type=\"column\">\n\t\t\t<div class=\"elementor-widget-wrap elementor-element-populated\">\n\t\t\t\t\t\t\t\t<div class=\"elementor-element elementor-element-36e021d2 elementor-invisible elementor-widget elementor-widget-heading\" data-id=\"36e021d2\" data-element_type=\"widget\" data-settings=\"{&quot;_animation&quot;:&quot;bounceInLeft&quot;,&quot;_animation_delay&quot;:300}\" data-widget_type=\"heading.default\">\n\t\t\t\t<div class=\"elementor-widget-container\">\n\t\t\t<h2 class=\"elementor-heading-title elementor-size-default\">Daha kaliteli bir g\u00f6r\u00fcn\u00fcm<\/h2>\t\t<\/div>\n\t\t\t\t<\/div>\n\t\t\t\t<div class=\"elementor-element elementor-element-2dbcf4d8 elementor-widget elementor-widget-heading\" data-id=\"2dbcf4d8\" data-element_type=\"widget\" data-widget_type=\"heading.default\">\n\t\t\t\t<div class=\"elementor-widget-container\">\n\t\t\t<p class=\"elementor-heading-title elementor-size-default\">Yenilik\u00e7i tasar\u0131ma ve geli\u015ftirmeye olan ba\u011fl\u0131l\u0131\u011f\u0131 sayesinde yeni Mirka Power Tolls birimi ayn\u0131 zamanda kullan\u0131c\u0131lara \u00fcst\u00fcn faydalar sa\u011flayan geli\u015fmi\u015f z\u0131mparalama ve cilalama makinelerini geli\u015ftirmi\u015ftir.\n\n\u00c7ok \u00e7e\u015fitli etkili ve y\u00fcksek kaliteli aksesuarlarla birle\u015ftirilen bu aletler Mirka\u2019n\u0131n m\u00fc\u015fterilerine bireysel ihtiya\u00e7lar\u0131n\u0131 kar\u015f\u0131lamak i\u00e7in eksiksiz bir z\u0131mparalama \u00e7\u00f6z\u00fcm\u00fcne e\u015fsiz bir \u015fekilde eri\u015fme imk\u00e2n\u0131 sunmaktad\u0131r.\n<\/p>\t\t<\/div>\n\t\t\t\t<\/div>\n\t\t\t\t<div class=\"elementor-element elementor-element-2613ee2d elementor-align-center elementor-tablet-align-left elementor-widget elementor-widget-button\" data-id=\"2613ee2d\" data-element_type=\"widget\" data-widget_type=\"button.default\">\n\t\t\t\t<div class=\"elementor-widget-container\">\n\t\t\t\t\t<div class=\"elementor-button-wrapper\">\n\t\t\t<a class=\"elementor-button elementor-button-link elementor-size-md\" href=\"https:\/\/dekoralboya.com.tr\/index.php\/iletisim\/\" target=\"_blank\" mirka=\"\">\n\t\t\t\t\t\t<span class=\"elementor-button-content-wrapper\">\n\t\t\t\t\t\t<span class=\"elementor-button-text\">daha fazlas\u0131 i\u00e7in<\/span>\n\t\t<\/span>\n\t\t\t\t\t<\/a>\n\t\t<\/div>\n\t\t\t\t<\/div>\n\t\t\t\t<\/div>\n\t\t\t\t\t<\/div>\n\t\t<\/div>\n\t\t\t\t<div class=\"elementor-column elementor-col-50 elementor-top-column elementor-element elementor-element-693237a1\" data-id=\"693237a1\" data-element_type=\"column\">\n\t\t\t<div class=\"elementor-widget-wrap elementor-element-populated\">\n\t\t\t\t\t\t\t\t<div class=\"elementor-element elementor-element-16687307 animated-slow elementor-invisible elementor-widget elementor-widget-image\" data-id=\"16687307\" data-element_type=\"widget\" data-settings=\"{&quot;_animation&quot;:&quot;fadeInUp&quot;}\" data-widget_type=\"image.default\">\n\t\t\t\t<div class=\"elementor-widget-container\">\n\t\t\t\t\t\t\t\t\t\t\t\t\t\t\t\t<a href=\"https:\/\/dekoralboya.com.tr\/index.php\/iletisim\/\" target=\"_blank\" mirka=\"\">\n\t\t\t\t\t\t\t<img decoding=\"async\" width=\"1080\" height=\"1080\" src=\"https:\/\/dekoralboya.com.tr\/wp-content\/uploads\/2023\/05\/15.png\" class=\"attachment-full size-full wp-image-1229\" alt=\"\" srcset=\"https:\/\/dekoralboya.com.tr\/wp-content\/uploads\/2023\/05\/15.png 1080w, https:\/\/dekoralboya.com.tr\/wp-content\/uploads\/2023\/05\/15-300x300.png 300w, https:\/\/dekoralboya.com.tr\/wp-content\/uploads\/2023\/05\/15-100x100.png 100w, https:\/\/dekoralboya.com.tr\/wp-content\/uploads\/2023\/05\/15-600x600.png 600w, https:\/\/dekoralboya.com.tr\/wp-content\/uploads\/2023\/05\/15-1024x1024.png 1024w, https:\/\/dekoralboya.com.tr\/wp-content\/uploads\/2023\/05\/15-150x150.png 150w, https:\/\/dekoralboya.com.tr\/wp-content\/uploads\/2023\/05\/15-768x768.png 768w\" sizes=\"(max-width: 1080px) 100vw, 1080px\" \/>\t\t\t\t\t\t\t\t<\/a>\n\t\t\t\t\t\t\t\t\t\t\t\t\t\t\t<\/div>\n\t\t\t\t<\/div>\n\t\t\t\t\t<\/div>\n\t\t<\/div>\n\t\t\t\t\t\t\t<\/div>\n\t\t<\/section>\n\t\t\t\t<section class=\"elementor-section elementor-top-section elementor-element elementor-element-573ed967 elementor-section-boxed elementor-section-height-default elementor-section-height-default\" data-id=\"573ed967\" data-element_type=\"section\">\n\t\t\t\t\t\t<div class=\"elementor-container elementor-column-gap-no\">\n\t\t\t\t\t<div class=\"elementor-column elementor-col-50 elementor-top-column elementor-element elementor-element-144a49b3\" data-id=\"144a49b3\" data-element_type=\"column\">\n\t\t\t<div class=\"elementor-widget-wrap elementor-element-populated\">\n\t\t\t\t\t\t\t\t<div class=\"elementor-element elementor-element-52a9e109 animated-slow elementor-invisible elementor-widget elementor-widget-image\" data-id=\"52a9e109\" data-element_type=\"widget\" data-settings=\"{&quot;_animation&quot;:&quot;fadeInUp&quot;}\" data-widget_type=\"image.default\">\n\t\t\t\t<div class=\"elementor-widget-container\">\n\t\t\t\t\t\t\t\t\t\t\t\t\t\t\t\t<a href=\"https:\/\/dekoralboya.com.tr\/index.php\/iletisim\/\" target=\"_blank\" mirka=\"\">\n\t\t\t\t\t\t\t<img decoding=\"async\" width=\"1080\" height=\"1080\" src=\"https:\/\/dekoralboya.com.tr\/wp-content\/uploads\/2023\/05\/15.png\" class=\"attachment-full size-full wp-image-1229\" alt=\"\" srcset=\"https:\/\/dekoralboya.com.tr\/wp-content\/uploads\/2023\/05\/15.png 1080w, https:\/\/dekoralboya.com.tr\/wp-content\/uploads\/2023\/05\/15-300x300.png 300w, https:\/\/dekoralboya.com.tr\/wp-content\/uploads\/2023\/05\/15-100x100.png 100w, https:\/\/dekoralboya.com.tr\/wp-content\/uploads\/2023\/05\/15-600x600.png 600w, https:\/\/dekoralboya.com.tr\/wp-content\/uploads\/2023\/05\/15-1024x1024.png 1024w, https:\/\/dekoralboya.com.tr\/wp-content\/uploads\/2023\/05\/15-150x150.png 150w, https:\/\/dekoralboya.com.tr\/wp-content\/uploads\/2023\/05\/15-768x768.png 768w\" sizes=\"(max-width: 1080px) 100vw, 1080px\" \/>\t\t\t\t\t\t\t\t<\/a>\n\t\t\t\t\t\t\t\t\t\t\t\t\t\t\t<\/div>\n\t\t\t\t<\/div>\n\t\t\t\t\t<\/div>\n\t\t<\/div>\n\t\t\t\t<div class=\"elementor-column elementor-col-50 elementor-top-column elementor-element elementor-element-55cdf5a4\" data-id=\"55cdf5a4\" data-element_type=\"column\">\n\t\t\t<div class=\"elementor-widget-wrap elementor-element-populated\">\n\t\t\t\t\t\t\t\t<div class=\"elementor-element elementor-element-2c879ccc elementor-invisible elementor-widget elementor-widget-heading\" data-id=\"2c879ccc\" data-element_type=\"widget\" data-settings=\"{&quot;_animation&quot;:&quot;bounceInLeft&quot;,&quot;_animation_delay&quot;:300}\" data-widget_type=\"heading.default\">\n\t\t\t\t<div class=\"elementor-widget-container\">\n\t\t\t<h2 class=\"elementor-heading-title elementor-size-default\">Y\u00fczeye Yenilik Getiriyoruz<\/h2>\t\t<\/div>\n\t\t\t\t<\/div>\n\t\t\t\t<div class=\"elementor-element elementor-element-a54946e elementor-widget elementor-widget-heading\" data-id=\"a54946e\" data-element_type=\"widget\" data-widget_type=\"heading.default\">\n\t\t\t\t<div class=\"elementor-widget-container\">\n\t\t\t<p class=\"elementor-heading-title elementor-size-default\">Mirka ayr\u0131ca en \u00f6nemli \u00fc\u00e7 kalite standard\u0131 olan ISO 9001:2000 kalite g\u00fcvence sistemi, ISO 14001 \u00e7evre y\u00f6netimi sistemi ve OHSAS 18001 i\u015f sa\u011fl\u0131\u011f\u0131 ve g\u00fcvenli\u011fi y\u00f6netimi sistemi i\u00e7in ba\u011f\u0131ms\u0131z olarak de\u011ferlendirilmi\u015f ve onaylanm\u0131\u015f olan, z\u0131mpara sekt\u00f6r\u00fcndeki ilk \u015firkettir.\n\u0130\u015fte t\u00fcm bu sebeplerle, Dekoral Boya olarak \u201cY\u00fczeye Yenilik Getiriyoruz\u201d ilkemizi, Mirka Markas\u0131 ile ta\u00e7land\u0131rd\u0131k ve \u015fimdi sizlerle bulu\u015fturuyoruz.<\/p>\t\t<\/div>\n\t\t\t\t<\/div>\n\t\t\t\t<div class=\"elementor-element elementor-element-12592c3b elementor-align-center elementor-mobile-align-left elementor-widget elementor-widget-button\" data-id=\"12592c3b\" data-element_type=\"widget\" data-widget_type=\"button.default\">\n\t\t\t\t<div class=\"elementor-widget-container\">\n\t\t\t\t\t<div class=\"elementor-button-wrapper\">\n\t\t\t<a class=\"elementor-button elementor-button-link elementor-size-md\" href=\"https:\/\/dekoralboya.com.tr\/index.php\/iletisim\/\" target=\"_blank\" mirka=\"\">\n\t\t\t\t\t\t<span class=\"elementor-button-content-wrapper\">\n\t\t\t\t\t\t<span class=\"elementor-button-text\">daha fazlas\u0131 i\u00e7in<\/span>\n\t\t<\/span>\n\t\t\t\t\t<\/a>\n\t\t<\/div>\n\t\t\t\t<\/div>\n\t\t\t\t<\/div>\n\t\t\t\t\t<\/div>\n\t\t<\/div>\n\t\t\t\t\t\t\t<\/div>\n\t\t<\/section>\n\t\t<div class=\"elementor-element elementor-element-0756c76 e-flex e-con-boxed e-con\" data-id=\"0756c76\" data-element_type=\"container\" data-settings=\"{&quot;content_width&quot;:&quot;boxed&quot;}\">\n\t\t\t\t\t<div class=\"e-con-inner\">\n\t\t\t\t<div class=\"elementor-element elementor-element-a8d2215 elementor-widget elementor-widget-spacer\" data-id=\"a8d2215\" data-element_type=\"widget\" data-widget_type=\"spacer.default\">\n\t\t\t\t<div class=\"elementor-widget-container\">\n\t\t\t<style>\/*! elementor - v3.14.0 - 26-06-2023 *\/\n.elementor-column .elementor-spacer-inner{height:var(--spacer-size)}.e-con{--container-widget-width:100%}.e-con-inner>.elementor-widget-spacer,.e-con>.elementor-widget-spacer{width:var(--container-widget-width,var(--spacer-size));--align-self:var(--container-widget-align-self,initial);--flex-shrink:0}.e-con-inner>.elementor-widget-spacer>.elementor-widget-container,.e-con-inner>.elementor-widget-spacer>.elementor-widget-container>.elementor-spacer,.e-con>.elementor-widget-spacer>.elementor-widget-container,.e-con>.elementor-widget-spacer>.elementor-widget-container>.elementor-spacer{height:100%}.e-con-inner>.elementor-widget-spacer>.elementor-widget-container>.elementor-spacer>.elementor-spacer-inner,.e-con>.elementor-widget-spacer>.elementor-widget-container>.elementor-spacer>.elementor-spacer-inner{height:var(--container-widget-height,var(--spacer-size))}<\/style>\t\t<div class=\"elementor-spacer\">\n\t\t\t<div class=\"elementor-spacer-inner\"><\/div>\n\t\t<\/div>\n\t\t\t\t<\/div>\n\t\t\t\t<\/div>\n\t\t\t\t\t<\/div>\n\t\t\t\t<\/div>\n\t\t<div class=\"elementor-element elementor-element-0baaca0 e-flex e-con-boxed e-con\" data-id=\"0baaca0\" data-element_type=\"container\" data-settings=\"{&quot;content_width&quot;:&quot;boxed&quot;}\">\n\t\t\t\t\t<div class=\"e-con-inner\">\n\t\t\t\t<div class=\"elementor-element elementor-element-44dd763 elementor-widget elementor-widget-heading\" data-id=\"44dd763\" data-element_type=\"widget\" data-widget_type=\"heading.default\">\n\t\t\t\t<div class=\"elementor-widget-container\">\n\t\t\t<h2 class=\"elementor-heading-title elementor-size-default\">\u00d6zellikleri<\/h2>\t\t<\/div>\n\t\t\t\t<\/div>\n\t\t\t\t\t<\/div>\n\t\t\t\t<\/div>\n\t\t<div class=\"elementor-element elementor-element-13226a0 e-flex e-con-boxed e-con\" data-id=\"13226a0\" data-element_type=\"container\" data-settings=\"{&quot;content_width&quot;:&quot;boxed&quot;}\">\n\t\t\t\t\t<div class=\"e-con-inner\">\n\t\t\t\t<div class=\"elementor-element elementor-element-cd811ab elementor-widget elementor-widget-text-editor\" data-id=\"cd811ab\" data-element_type=\"widget\" data-widget_type=\"text-editor.default\">\n\t\t\t\t<div class=\"elementor-widget-container\">\n\t\t\t<style>\/*! elementor - v3.14.0 - 26-06-2023 *\/\n.elementor-widget-text-editor.elementor-drop-cap-view-stacked .elementor-drop-cap{background-color:#69727d;color:#fff}.elementor-widget-text-editor.elementor-drop-cap-view-framed .elementor-drop-cap{color:#69727d;border:3px solid;background-color:transparent}.elementor-widget-text-editor:not(.elementor-drop-cap-view-default) .elementor-drop-cap{margin-top:8px}.elementor-widget-text-editor:not(.elementor-drop-cap-view-default) .elementor-drop-cap-letter{width:1em;height:1em}.elementor-widget-text-editor .elementor-drop-cap{float:left;text-align:center;line-height:1;font-size:50px}.elementor-widget-text-editor .elementor-drop-cap-letter{display:inline-block}<\/style>\t\t\t\t<p>&#8211;\u00a0\u00a0\u00a0\u00a0\u00a0\u00a0\u00a0\u00a0\u00a0\u00a0<strong>\u00c7ok Daha az sarfiyat<\/strong><br \/>&#8211;\u00a0\u00a0\u00a0\u00a0\u00a0\u00a0\u00a0\u00a0\u00a0\u00a0<strong>Daha h\u0131zl\u0131 bir \u00fcretim<\/strong><br \/>&#8211;\u00a0\u00a0\u00a0\u00a0\u00a0\u00a0\u00a0\u00a0\u00a0\u00a0<strong>Daha kaliteli bir g\u00f6r\u00fcn\u00fcm<\/strong><br \/>&#8211;\u00a0\u00a0\u00a0\u00a0\u00a0\u00a0\u00a0\u00a0\u00a0\u00a0<strong>Tozdan ar\u0131nd\u0131r\u0131lm\u0131\u015f bir s\u00fcre\u00e7<\/strong>\u00a0noktas\u0131nda iddial\u0131y\u0131z.<br \/><br \/>En yak\u0131n zamanda gerek \u00fcr\u00fcn tan\u0131t\u0131m\u0131m\u0131z gerekse de sizlere sunaca\u011f\u0131m\u0131z katma de\u011fer anlam\u0131nda, Mirka Temsilcimizin sizlere bir \u00e7al\u0131\u015fma ziyareti ger\u00e7ekle\u015ftirmesini temenni ediyoruz.<\/p>\t\t\t\t\t\t<\/div>\n\t\t\t\t<\/div>\n\t\t\t\t\t<\/div>\n\t\t\t\t<\/div>\n\t\t<div class=\"elementor-element elementor-element-5610a0c e-flex e-con-boxed e-con\" data-id=\"5610a0c\" data-element_type=\"container\" data-settings=\"{&quot;content_width&quot;:&quot;boxed&quot;}\">\n\t\t\t\t\t<div class=\"e-con-inner\">\n\t\t\t\t<div class=\"elementor-element elementor-element-7c1e6ad elementor-widget elementor-widget-image\" data-id=\"7c1e6ad\" data-element_type=\"widget\" data-widget_type=\"image.default\">\n\t\t\t\t<div class=\"elementor-widget-container\">\n\t\t\t\t\t\t\t\t\t\t\t\t\t\t\t<img decoding=\"async\" width=\"640\" height=\"70\" src=\"https:\/\/dekoralboya.com.tr\/wp-content\/uploads\/2023\/05\/219539c5-1e6b-418d-8683-a1124818d19c-1-1024x112.png\" class=\"attachment-large size-large wp-image-1634\" alt=\"\" srcset=\"https:\/\/dekoralboya.com.tr\/wp-content\/uploads\/2023\/05\/219539c5-1e6b-418d-8683-a1124818d19c-1-1024x112.png 1024w, https:\/\/dekoralboya.com.tr\/wp-content\/uploads\/2023\/05\/219539c5-1e6b-418d-8683-a1124818d19c-1-300x33.png 300w, https:\/\/dekoralboya.com.tr\/wp-content\/uploads\/2023\/05\/219539c5-1e6b-418d-8683-a1124818d19c-1-768x84.png 768w, https:\/\/dekoralboya.com.tr\/wp-content\/uploads\/2023\/05\/219539c5-1e6b-418d-8683-a1124818d19c-1-600x66.png 600w, https:\/\/dekoralboya.com.tr\/wp-content\/uploads\/2023\/05\/219539c5-1e6b-418d-8683-a1124818d19c-1.png 1523w\" sizes=\"(max-width: 640px) 100vw, 640px\" \/>\t\t\t\t\t\t\t\t\t\t\t\t\t\t\t<\/div>\n\t\t\t\t<\/div>\n\t\t\t\t\t<\/div>\n\t\t\t\t<\/div>\n\t\t\t\t\t\t\t<\/div>\n\t\t","protected":false},"excerpt":{"rendered":"<p>MIRKA Anasayfa Dekoral Boya Mirka ile Y\u00fczeye Yenilik Getirmeye Devam Ediyor PPG Boya B\u00f6lge Distrib\u00fct\u00f6r\u00fc Dekoral Boya Ltd. olarak, sizleri kusursuz bir son kat g\u00f6r\u00fcn\u00fcm\u00fc elde etmek i\u00e7in geli\u015ftirilmi\u015f Mirka Z\u0131mpara Sistemleri ile tan\u0131\u015ft\u0131r\u0131yoruz. PPG Industries markas\u0131n\u0131n boyadaki liderli\u011fini, Mirka z\u0131mpara sistemlerinin tozsuz harika y\u00fczey sonu\u00e7lar\u0131 ile birle\u015ftiriyoruz. Y\u0131llar\u0131n deneyimi ve \u00fcr\u00fcn geli\u015ftirmeye olan g\u00fc\u00e7l\u00fc ba\u011fl\u0131l\u0131\u011f\u0131 sayesinde Mirka, tozsuz y\u00fczey&#8230;<\/p>\n","protected":false},"author":1,"featured_media":0,"parent":0,"menu_order":0,"comment_status":"closed","ping_status":"closed","template":"elementor_header_footer","meta":{"footnotes":""},"_links":{"self":[{"href":"https:\/\/dekoralboya.com.tr\/index.php\/wp-json\/wp\/v2\/pages\/840"}],"collection":[{"href":"https:\/\/dekoralboya.com.tr\/index.php\/wp-json\/wp\/v2\/pages"}],"about":[{"href":"https:\/\/dekoralboya.com.tr\/index.php\/wp-json\/wp\/v2\/types\/page"}],"author":[{"embeddable":true,"href":"https:\/\/dekoralboya.com.tr\/index.php\/wp-json\/wp\/v2\/users\/1"}],"replies":[{"embeddable":true,"href":"https:\/\/dekoralboya.com.tr\/index.php\/wp-json\/wp\/v2\/comments?post=840"}],"version-history":[{"count":1,"href":"https:\/\/dekoralboya.com.tr\/index.php\/wp-json\/wp\/v2\/pages\/840\/revisions"}],"predecessor-version":[{"id":4996,"href":"https:\/\/dekoralboya.com.tr\/index.php\/wp-json\/wp\/v2\/pages\/840\/revisions\/4996"}],"wp:attachment":[{"href":"https:\/\/dekoralboya.com.tr\/index.php\/wp-json\/wp\/v2\/media?parent=840"}],"curies":[{"name":"wp","href":"https:\/\/api.w.org\/{rel}","templated":true}]}}