{"id":817,"date":"2023-05-08T08:55:12","date_gmt":"2023-05-08T05:55:12","guid":{"rendered":"https:\/\/dekoralboya.com.tr\/?page_id=817"},"modified":"2025-10-28T13:55:43","modified_gmt":"2025-10-28T10:55:43","slug":"iletisim","status":"publish","type":"page","link":"https:\/\/dekoralboya.com.tr\/index.php\/iletisim\/","title":{"rendered":"\u0130LET\u0130\u015e\u0130M"},"content":{"rendered":"\t\t<div data-elementor-type=\"wp-page\" data-elementor-id=\"817\" class=\"elementor elementor-817\">\n\t\t\t\t\t\t\t\t\t<section class=\"elementor-section elementor-top-section elementor-element elementor-element-692a9204 elementor-section-boxed elementor-section-height-default elementor-section-height-default\" data-id=\"692a9204\" data-element_type=\"section\" data-settings=\"{&quot;background_background&quot;:&quot;classic&quot;}\">\n\t\t\t\t\t\t<div class=\"elementor-container elementor-column-gap-no\">\n\t\t\t\t\t<div class=\"elementor-column elementor-col-100 elementor-top-column elementor-element elementor-element-278c4e19\" data-id=\"278c4e19\" data-element_type=\"column\" data-settings=\"{&quot;background_background&quot;:&quot;classic&quot;}\">\n\t\t\t<div class=\"elementor-widget-wrap elementor-element-populated\">\n\t\t\t\t\t\t\t\t<div class=\"elementor-element elementor-element-7da76efa elementor-widget__width-initial elementor-widget-tablet__width-initial elementor-widget-mobile__width-initial elementor-absolute elementor-widget elementor-widget-image\" data-id=\"7da76efa\" data-element_type=\"widget\" data-settings=\"{&quot;_position&quot;:&quot;absolute&quot;}\" data-widget_type=\"image.default\">\n\t\t\t\t<div class=\"elementor-widget-container\">\n\t\t\t<style>\/*! elementor - v3.14.0 - 26-06-2023 *\/\n.elementor-widget-image{text-align:center}.elementor-widget-image a{display:inline-block}.elementor-widget-image a img[src$=\".svg\"]{width:48px}.elementor-widget-image img{vertical-align:middle;display:inline-block}<\/style>\t\t\t\t\t\t\t\t\t\t\t\t<img decoding=\"async\" width=\"598\" height=\"140\" src=\"https:\/\/dekoralboya.com.tr\/wp-content\/uploads\/2023\/05\/cropped-dekoralboya_logo.jpg\" class=\"attachment-full size-full wp-image-1600\" alt=\"\" srcset=\"https:\/\/dekoralboya.com.tr\/wp-content\/uploads\/2023\/05\/cropped-dekoralboya_logo.jpg 598w, https:\/\/dekoralboya.com.tr\/wp-content\/uploads\/2023\/05\/cropped-dekoralboya_logo-300x70.jpg 300w\" sizes=\"(max-width: 598px) 100vw, 598px\" \/>\t\t\t\t\t\t\t\t\t\t\t\t\t\t\t<\/div>\n\t\t\t\t<\/div>\n\t\t\t\t<div class=\"elementor-element elementor-element-2a89e975 elementor-widget__width-initial elementor-widget-tablet__width-initial elementor-widget-mobile__width-initial elementor-absolute elementor-widget elementor-widget-image\" data-id=\"2a89e975\" data-element_type=\"widget\" data-settings=\"{&quot;_position&quot;:&quot;absolute&quot;}\" data-widget_type=\"image.default\">\n\t\t\t\t<div class=\"elementor-widget-container\">\n\t\t\t\t\t\t\t\t\t\t\t\t\t\t\t<img decoding=\"async\" width=\"2560\" height=\"1707\" src=\"https:\/\/dekoralboya.com.tr\/wp-content\/uploads\/2023\/05\/3R7A9591-scaled.jpg\" class=\"attachment-full size-full wp-image-1853\" alt=\"\" srcset=\"https:\/\/dekoralboya.com.tr\/wp-content\/uploads\/2023\/05\/3R7A9591-scaled.jpg 2560w, https:\/\/dekoralboya.com.tr\/wp-content\/uploads\/2023\/05\/3R7A9591-300x200.jpg 300w, https:\/\/dekoralboya.com.tr\/wp-content\/uploads\/2023\/05\/3R7A9591-1024x683.jpg 1024w, https:\/\/dekoralboya.com.tr\/wp-content\/uploads\/2023\/05\/3R7A9591-768x512.jpg 768w, https:\/\/dekoralboya.com.tr\/wp-content\/uploads\/2023\/05\/3R7A9591-1536x1024.jpg 1536w, https:\/\/dekoralboya.com.tr\/wp-content\/uploads\/2023\/05\/3R7A9591-2048x1365.jpg 2048w, https:\/\/dekoralboya.com.tr\/wp-content\/uploads\/2023\/05\/3R7A9591-600x400.jpg 600w\" sizes=\"(max-width: 2560px) 100vw, 2560px\" \/>\t\t\t\t\t\t\t\t\t\t\t\t\t\t\t<\/div>\n\t\t\t\t<\/div>\n\t\t\t\t<div class=\"elementor-element elementor-element-10ed1d34 elementor-widget elementor-widget-heading\" data-id=\"10ed1d34\" data-element_type=\"widget\" data-widget_type=\"heading.default\">\n\t\t\t\t<div class=\"elementor-widget-container\">\n\t\t\t<style>\/*! elementor - v3.14.0 - 26-06-2023 *\/\n.elementor-heading-title{padding:0;margin:0;line-height:1}.elementor-widget-heading .elementor-heading-title[class*=elementor-size-]>a{color:inherit;font-size:inherit;line-height:inherit}.elementor-widget-heading .elementor-heading-title.elementor-size-small{font-size:15px}.elementor-widget-heading .elementor-heading-title.elementor-size-medium{font-size:19px}.elementor-widget-heading .elementor-heading-title.elementor-size-large{font-size:29px}.elementor-widget-heading .elementor-heading-title.elementor-size-xl{font-size:39px}.elementor-widget-heading .elementor-heading-title.elementor-size-xxl{font-size:59px}<\/style><h2 class=\"elementor-heading-title elementor-size-default\">\u0130LET\u0130\u015e\u0130M<\/h2>\t\t<\/div>\n\t\t\t\t<\/div>\n\t\t\t\t\t<\/div>\n\t\t<\/div>\n\t\t\t\t\t\t\t<\/div>\n\t\t<\/section>\n\t\t<div class=\"elementor-element elementor-element-a97b8eb e-flex e-con-boxed e-con\" data-id=\"a97b8eb\" data-element_type=\"container\" data-settings=\"{&quot;content_width&quot;:&quot;boxed&quot;}\">\n\t\t\t\t\t<div class=\"e-con-inner\">\n\t\t\t\t<div class=\"elementor-element elementor-element-080289c elementor-widget elementor-widget-html\" data-id=\"080289c\" data-element_type=\"widget\" data-widget_type=\"html.default\">\n\t\t\t\t<div class=\"elementor-widget-container\">\n\t\t\t<!DOCTYPE html>\r\n<html lang=\"tr\">\r\n<head>\r\n    <meta charset=\"UTF-8\">\r\n    <meta name=\"viewport\" content=\"width=device-width, initial-scale=1.0\">\r\n    <title>\u0130leti\u015fim - Dekoral Boya<\/title>\r\n    <!-- Tailwind CSS CDN -->\r\n    <script src=\"https:\/\/cdn.tailwindcss.com\"><\/script>\r\n    <!-- Lucide Icons CDN -->\r\n    <script src=\"https:\/\/unpkg.com\/lucide@latest\/dist\/umd\/lucide.js\"><\/script>\r\n    <style>\r\n        \/* Inter font ailesini uygula *\/\r\n        body {\r\n            font-family: 'Inter', sans-serif;\r\n        }\r\n        \/* Lucide ikonlar\u0131 i\u00e7in temel boyut ayar\u0131 *\/\r\n        [data-lucide] {\r\n            width: 20px;\r\n            height: 20px;\r\n        }\r\n    <\/style>\r\n<\/head>\r\n<body class=\"bg-gray-50\">\r\n\r\n    <!-- Header \/ Navigasyon Bar\u0131 -->\r\n    <!-- Header b\u00f6l\u00fcm\u00fc kald\u0131r\u0131ld\u0131 -->\r\n\r\n    <!-- Ana \u0130\u00e7erik Alan\u0131 -->\r\n    <!-- 'container', 'mx-auto', 'max-w-7xl' s\u0131n\u0131flar\u0131 kald\u0131r\u0131ld\u0131 -->\r\n    <main class=\"py-16 sm:py-24\">\r\n        <div class=\"px-4 sm:px-6 lg:px-8\">\r\n\r\n            <!-- \u00dcst Ba\u015fl\u0131k -->\r\n            <div class=\"text-center mb-16\">\r\n                <h1 class=\"text-4xl font-bold tracking-tight text-gray-900 sm:text-5xl\">Bize Ula\u015f\u0131n<\/h1>\r\n                <p class=\"mt-4 text-xl text-gray-600\">Sorular\u0131n\u0131z, \u00f6nerileriniz veya i\u015f birlikleri i\u00e7in buraday\u0131z.<\/p>\r\n            <\/div>\r\n\r\n            <!-- \u0130leti\u015fim Bilgileri ve Form Alan\u0131 -->\r\n            <div class=\"bg-white shadow-xl rounded-2xl overflow-hidden\">\r\n                <div class=\"grid grid-cols-1 lg:grid-cols-2\">\r\n\r\n                    <!-- Sol Taraf: \u0130leti\u015fim Bilgileri -->\r\n                    <div class=\"p-8 sm:p-12 lg:p-16 bg-blue-900 text-white\">\r\n                        <h2 class=\"text-3xl font-bold mb-8\">\u0130leti\u015fim Bilgileri<\/h2>\r\n                        <p class=\"text-lg text-blue-100 mb-10\">\r\n                            Bizimle do\u011frudan ileti\u015fime ge\u00e7mek i\u00e7in a\u015fa\u011f\u0131daki bilgileri kullanabilir veya yandaki formu doldurabilirsiniz.\r\n                        <\/p>\r\n                        \r\n                        <div class=\"space-y-6\">\r\n                            <!-- Adres -->\r\n                            <div class=\"flex items-start space-x-4\">\r\n                                <div class=\"flex-shrink-0 pt-1\">\r\n                                    <i data-lucide=\"map-pin\" class=\"text-blue-300\"><\/i>\r\n                                <\/div>\r\n                                <div>\r\n                                    <h3 class=\"text-lg font-semibold\">Adres<\/h3>\r\n                                    <p class=\"text-blue-100\">Saray Mahallesi Bekir Ad\u0131belli Bulvar\u0131 No:33<br>Posta Kodu: 06980 Kahramankazan \/ ANKARA<\/p>\r\n                                <\/div>\r\n                            <\/div>\r\n\r\n                            <!-- Telefon -->\r\n                            <div class=\"flex items-start space-x-4\">\r\n                                <div class=\"flex-shrink-0 pt-1\">\r\n                                    <i data-lucide=\"phone\" class=\"text-blue-300\"><\/i>\r\n                                <\/div>\r\n                                <div>\r\n                                    <h3 class=\"text-lg font-semibold\">Telefon<\/h3>\r\n                                    <a href=\"tel:+903123548777\" class=\"text-blue-100 hover:text-white transition\">0312 354 8 777<\/a>\r\n                                <\/div>\r\n                            <\/div>\r\n                            \r\n                            <!-- Faks b\u00f6l\u00fcm\u00fc kald\u0131r\u0131ld\u0131 ve e-posta b\u00f6l\u00fcm\u00fc g\u00fcncellendi -->\r\n                            <!-- Genel E-posta -->\r\n                            <div class=\"flex items-start space-x-4\">\r\n                                <div class=\"flex-shrink-0 pt-1\">\r\n                                    <i data-lucide=\"mail\" class=\"text-blue-300\"><\/i>\r\n                                <\/div>\r\n                                <div>\r\n                                    <h3 class=\"text-lg font-semibold\">Genel E-posta<\/h3>\r\n                                    <a href=\"mailto:info@dekoralboya.com.tr\" class=\"text-blue-100 hover:text-white transition\">info@dekoralboya.com.tr<\/a>\r\n                                <\/div>\r\n                            <\/div>\r\n                            \r\n                            <!-- Destek E-posta -->\r\n                            <div class=\"flex items-start space-x-4\">\r\n                                <div class=\"flex-shrink-0 pt-1\">\r\n                                    <i data-lucide=\"help-circle\" class=\"text-blue-300\"><\/i>\r\n                                <\/div>\r\n                                <div>\r\n                                    <h3 class=\"text-lg font-semibold\">Bilgilendirme, Teklif ve Saha Raporu<\/h3>\r\n                                    <a href=\"mailto:destek@dekoralboya.com.tr\" class=\"text-blue-100 hover:text-white transition\">destek@dekoralboya.com.tr<\/a>\r\n                                <\/div>\r\n                            <\/div>\r\n                            \r\n                            <!-- Muhasebe E-posta -->\r\n                            <div class=\"flex items-start space-x-4\">\r\n                                <div class=\"flex-shrink-0 pt-1\">\r\n                                    <i data-lucide=\"landmark\" class=\"text-blue-300\"><\/i>\r\n                                <\/div>\r\n                                <div>\r\n                                    <h3 class=\"text-lg font-semibold\">Muhasebe ve Finans<\/h3>\r\n                                    <a href=\"mailto:muhasebe@dekoralboya.com.tr\" class=\"text-blue-100 hover:text-white transition\">muhasebe@dekoralboya.com.tr<\/a>\r\n                                <\/div>\r\n                            <\/div>\r\n                        <\/div>\r\n                    <\/div>\r\n\r\n                    <!-- Sa\u011f Taraf: \u0130leti\u015fim Formu -->\r\n                    <div class=\"p-8 sm:p-12 lg:p-16\">\r\n                        <h2 class=\"text-3xl font-bold text-gray-900 mb-8\">Mesaj G\u00f6nderin<\/h2>\r\n                        <!-- \r\n                          FORM G\u00d6NDER\u0130M\u0130 NOTU:\r\n                          Bu form, bir sunucu (backend) olmadan e-posta g\u00f6ndermez.\r\n                          action=\"mailto:...\" kullanmak, kullan\u0131c\u0131n\u0131n kendi e-posta program\u0131n\u0131 (Outlook, Mail vb.) a\u00e7ar.\r\n                          \u0130ste\u011finiz \u00fczerine murat.bayram@dekoralboya.com.tr adresine y\u00f6nlendirildi.\r\n                        -->\r\n                        <form action=\"mailto:murat.bayram@dekoralboya.com.tr\" method=\"POST\" enctype=\"text\/plain\" class=\"space-y-6\">\r\n                            <div>\r\n                                <label for=\"full-name\" class=\"block text-sm font-medium text-gray-700\">Ad\u0131n\u0131z Soyad\u0131n\u0131z<\/label>\r\n                                <div class=\"mt-1\">\r\n                                    <input type=\"text\" name=\"full-name\" id=\"full-name\" autocomplete=\"name\" class=\"block w-full rounded-md border-gray-300 shadow-sm focus:border-blue-500 focus:ring-blue-500 sm:text-sm p-3\">\r\n                                <\/div>\r\n                            <\/div>\r\n                            <div>\r\n                                <label for=\"email\" class=\"block text-sm font-medium text-gray-700\">E-posta Adresiniz<\/label>\r\n                                <div class=\"mt-1\">\r\n                                    <input id=\"email\" name=\"email\" type=\"email\" autocomplete=\"email\" class=\"block w-full rounded-md border-gray-300 shadow-sm focus:border-blue-500 focus:ring-blue-500 sm:text-sm p-3\">\r\n                                <\/div>\r\n                            <\/div>\r\n                            <div>\r\n                                <label for=\"subject\" class=\"block text-sm font-medium text-gray-700\">Konu<\/label>\r\n                                <div class=\"mt-1\">\r\n                                    <input type=\"text\" name=\"subject\" id=\"subject\" class=\"block w-full rounded-md border-gray-300 shadow-sm focus:border-blue-500 focus:ring-blue-500 sm:text-sm p-3\">\r\n                                <\/div>\r\n                            <\/div>\r\n                            <div>\r\n                                <label for=\"message\" class=\"block text-sm font-medium text-gray-700\">Mesaj\u0131n\u0131z<\/label>\r\n                                <div class=\"mt-1\">\r\n                                    <textarea id=\"message\" name=\"message\" rows=\"6\" class=\"block w-full rounded-md border-gray-300 shadow-sm focus:border-blue-500 focus:ring-blue-500 sm:text-sm p-3\"><\/textarea>\r\n                                <\/div>\r\n                            <\/div>\r\n                            <div>\r\n                                <button type=\"submit\" class=\"w-full flex justify-center rounded-md border border-transparent bg-blue-700 py-3 px-4 text-base font-medium text-white shadow-sm hover:bg-blue-800 focus:outline-none focus:ring-2 focus:ring-blue-500 focus:ring-offset-2 transition-colors\">\r\n                                    Mesaj\u0131 G\u00f6nder\r\n                                <\/button>\r\n                            <\/div>\r\n                        <\/form>\r\n                    <\/div>\r\n\r\n                <\/div>\r\n            <\/div>\r\n        <\/div>\r\n    <\/main>\r\n\r\n    <!-- Harita Alan\u0131 -->\r\n    <!-- 'container', 'mx-auto', 'max-w-7xl' s\u0131n\u0131flar\u0131 kald\u0131r\u0131ld\u0131 -->\r\n    <section class=\"bg-gray-100\">\r\n        <div class=\"px-4 sm:px-6 lg:px-8 py-16 sm:py-24\">\r\n            <h2 class=\"text-3xl font-bold text-center text-gray-900 mb-10\">Fabrika Konumumuz<\/h2>\r\n            <!-- 'aspect-w-16 aspect-h-9' s\u0131n\u0131flar\u0131 kald\u0131r\u0131ld\u0131 -->\r\n            <div class=\"rounded-xl overflow-hidden shadow-xl\">\r\n                <!-- Google Harita G\u00f6mme Kodu (Ankara Adresi ile g\u00fcncellendi) -->\r\n                <iframe \r\n                    src=\"https:\/\/maps.google.com\/maps?q=Saray%20Mahallesi%20Bekir%20Ad%C4%B1belli%20Bulvar%C4%B1%20No:33%20Kahramankazan%20ANKARA&t=&z=15&ie=UTF8&iwloc=&output=embed\" \r\n                    width=\"100%\" \r\n                    height=\"450\" \r\n                    style=\"border:0;\" \r\n                    allowfullscreen=\"\" \r\n                    loading=\"lazy\" \r\n                    referrerpolicy=\"no-referrer-when-downgrade\">\r\n                <\/iframe>\r\n            <\/div>\r\n        <\/div>\r\n    <\/section>\r\n\r\n    <!-- Footer -->\r\n    <!-- Footer b\u00f6l\u00fcm\u00fc kald\u0131r\u0131ld\u0131 -->\r\n\r\n    <!-- Lucide ikonlar\u0131n\u0131 ba\u015flatma beti\u011fi -->\r\n    <script>\r\n        lucide.createIcons();\r\n    <\/script>\r\n<\/body>\r\n<\/html>\r\n\r\n\t\t<\/div>\n\t\t\t\t<\/div>\n\t\t\t\t\t<\/div>\n\t\t\t\t<\/div>\n\t\t\t\t\t\t\t<\/div>\n\t\t","protected":false},"excerpt":{"rendered":"<p>\u0130LET\u0130\u015e\u0130M \u0130leti\u015fim &#8211; Dekoral Boya Bize Ula\u015f\u0131n Sorular\u0131n\u0131z, \u00f6nerileriniz veya i\u015f birlikleri i\u00e7in buraday\u0131z. \u0130leti\u015fim Bilgileri Bizimle do\u011frudan ileti\u015fime ge\u00e7mek i\u00e7in a\u015fa\u011f\u0131daki bilgileri kullanabilir veya yandaki formu doldurabilirsiniz. Adres Saray Mahallesi Bekir Ad\u0131belli Bulvar\u0131 No:33Posta Kodu: 06980 Kahramankazan \/ ANKARA Telefon 0312 354 8 777 Genel E-posta info@dekoralboya.com.tr Bilgilendirme, Teklif ve Saha Raporu destek@dekoralboya.com.tr Muhasebe ve Finans muhasebe@dekoralboya.com.tr Mesaj G\u00f6nderin&#8230;<\/p>\n","protected":false},"author":1,"featured_media":0,"parent":0,"menu_order":0,"comment_status":"closed","ping_status":"closed","template":"elementor_header_footer","meta":{"footnotes":""},"_links":{"self":[{"href":"https:\/\/dekoralboya.com.tr\/index.php\/wp-json\/wp\/v2\/pages\/817"}],"collection":[{"href":"https:\/\/dekoralboya.com.tr\/index.php\/wp-json\/wp\/v2\/pages"}],"about":[{"href":"https:\/\/dekoralboya.com.tr\/index.php\/wp-json\/wp\/v2\/types\/page"}],"author":[{"embeddable":true,"href":"https:\/\/dekoralboya.com.tr\/index.php\/wp-json\/wp\/v2\/users\/1"}],"replies":[{"embeddable":true,"href":"https:\/\/dekoralboya.com.tr\/index.php\/wp-json\/wp\/v2\/comments?post=817"}],"version-history":[{"count":7,"href":"https:\/\/dekoralboya.com.tr\/index.php\/wp-json\/wp\/v2\/pages\/817\/revisions"}],"predecessor-version":[{"id":6149,"href":"https:\/\/dekoralboya.com.tr\/index.php\/wp-json\/wp\/v2\/pages\/817\/revisions\/6149"}],"wp:attachment":[{"href":"https:\/\/dekoralboya.com.tr\/index.php\/wp-json\/wp\/v2\/media?parent=817"}],"curies":[{"name":"wp","href":"https:\/\/api.w.org\/{rel}","templated":true}]}}