{"id":810,"date":"2023-05-08T08:52:38","date_gmt":"2023-05-08T05:52:38","guid":{"rendered":"https:\/\/dekoralboya.com.tr\/?page_id=810"},"modified":"2025-09-29T21:14:50","modified_gmt":"2025-09-29T18:14:50","slug":"kalite-ve-cevre-politikamiz","status":"publish","type":"page","link":"https:\/\/dekoralboya.com.tr\/index.php\/kalite-ve-cevre-politikamiz\/","title":{"rendered":"KAL\u0130TE VE \u00c7EVRE POL\u0130T\u0130KAMIZ"},"content":{"rendered":"\t\t<div data-elementor-type=\"wp-page\" data-elementor-id=\"810\" class=\"elementor elementor-810\">\n\t\t\t\t\t\t\t\t\t<section class=\"elementor-section elementor-top-section elementor-element elementor-element-5e6dfcff elementor-section-boxed elementor-section-height-default elementor-section-height-default\" data-id=\"5e6dfcff\" data-element_type=\"section\">\n\t\t\t\t\t\t<div class=\"elementor-container elementor-column-gap-no\">\n\t\t\t\t\t<div class=\"elementor-column elementor-col-100 elementor-top-column elementor-element elementor-element-2646295c\" data-id=\"2646295c\" data-element_type=\"column\" data-settings=\"{&quot;background_background&quot;:&quot;gradient&quot;}\">\n\t\t\t<div class=\"elementor-widget-wrap elementor-element-populated\">\n\t\t\t\t\t\t\t\t<div class=\"elementor-element elementor-element-73275b7f elementor-widget elementor-widget-heading\" data-id=\"73275b7f\" data-element_type=\"widget\" data-widget_type=\"heading.default\">\n\t\t\t\t<div class=\"elementor-widget-container\">\n\t\t\t<style>\/*! elementor - v3.14.0 - 26-06-2023 *\/\n.elementor-heading-title{padding:0;margin:0;line-height:1}.elementor-widget-heading .elementor-heading-title[class*=elementor-size-]>a{color:inherit;font-size:inherit;line-height:inherit}.elementor-widget-heading .elementor-heading-title.elementor-size-small{font-size:15px}.elementor-widget-heading .elementor-heading-title.elementor-size-medium{font-size:19px}.elementor-widget-heading .elementor-heading-title.elementor-size-large{font-size:29px}.elementor-widget-heading .elementor-heading-title.elementor-size-xl{font-size:39px}.elementor-widget-heading .elementor-heading-title.elementor-size-xxl{font-size:59px}<\/style><h1 class=\"elementor-heading-title elementor-size-default\"><a href=\"https:\/\/dekoralboya.com.tr\/\">KAL\u0130TE VE \u00c7EVRE POL\u0130T\u0130KAMIZ<\/a><\/h1>\t\t<\/div>\n\t\t\t\t<\/div>\n\t\t\t\t<div class=\"elementor-element elementor-element-ee45dc0 elementor-align-center elementor-icon-list--layout-traditional elementor-list-item-link-full_width elementor-widget elementor-widget-icon-list\" data-id=\"ee45dc0\" data-element_type=\"widget\" data-widget_type=\"icon-list.default\">\n\t\t\t\t<div class=\"elementor-widget-container\">\n\t\t\t<link rel=\"stylesheet\" href=\"https:\/\/dekoralboya.com.tr\/wp-content\/plugins\/elementor\/assets\/css\/widget-icon-list.min.css\">\t\t<ul class=\"elementor-icon-list-items\">\n\t\t\t\t\t\t\t<li class=\"elementor-icon-list-item\">\n\t\t\t\t\t\t\t\t\t\t\t<a href=\"https:\/\/dekoralboya.com.tr\/\">\n\n\t\t\t\t\t\t\t\t\t\t\t<span class=\"elementor-icon-list-text\">Anasayfa<\/span>\n\t\t\t\t\t\t\t\t\t\t\t<\/a>\n\t\t\t\t\t\t\t\t\t<\/li>\n\t\t\t\t\t\t<\/ul>\n\t\t\t\t<\/div>\n\t\t\t\t<\/div>\n\t\t\t\t\t<\/div>\n\t\t<\/div>\n\t\t\t\t\t\t\t<\/div>\n\t\t<\/section>\n\t\t<div class=\"elementor-element elementor-element-eb3f4ad e-flex e-con-boxed e-con\" data-id=\"eb3f4ad\" data-element_type=\"container\" data-settings=\"{&quot;content_width&quot;:&quot;boxed&quot;}\">\n\t\t\t\t\t<div class=\"e-con-inner\">\n\t\t\t\t<div class=\"elementor-element elementor-element-5f1d6b3 elementor-widget elementor-widget-image\" data-id=\"5f1d6b3\" data-element_type=\"widget\" data-widget_type=\"image.default\">\n\t\t\t\t<div class=\"elementor-widget-container\">\n\t\t\t<style>\/*! elementor - v3.14.0 - 26-06-2023 *\/\n.elementor-widget-image{text-align:center}.elementor-widget-image a{display:inline-block}.elementor-widget-image a img[src$=\".svg\"]{width:48px}.elementor-widget-image img{vertical-align:middle;display:inline-block}<\/style>\t\t\t\t\t\t\t\t\t\t\t\t<img decoding=\"async\" width=\"640\" height=\"169\" src=\"https:\/\/dekoralboya.com.tr\/wp-content\/uploads\/2023\/05\/Ekran-goruntusu-2023-05-08-152843-1.png\" class=\"attachment-large size-large wp-image-1149\" alt=\"\" srcset=\"https:\/\/dekoralboya.com.tr\/wp-content\/uploads\/2023\/05\/Ekran-goruntusu-2023-05-08-152843-1.png 796w, https:\/\/dekoralboya.com.tr\/wp-content\/uploads\/2023\/05\/Ekran-goruntusu-2023-05-08-152843-1-600x158.png 600w, https:\/\/dekoralboya.com.tr\/wp-content\/uploads\/2023\/05\/Ekran-goruntusu-2023-05-08-152843-1-300x79.png 300w, https:\/\/dekoralboya.com.tr\/wp-content\/uploads\/2023\/05\/Ekran-goruntusu-2023-05-08-152843-1-768x203.png 768w\" sizes=\"(max-width: 640px) 100vw, 640px\" \/>\t\t\t\t\t\t\t\t\t\t\t\t\t\t\t<\/div>\n\t\t\t\t<\/div>\n\t\t\t\t\t<\/div>\n\t\t\t\t<\/div>\n\t\t<div class=\"elementor-element elementor-element-617753f e-flex e-con-boxed e-con\" data-id=\"617753f\" data-element_type=\"container\" data-settings=\"{&quot;content_width&quot;:&quot;boxed&quot;}\">\n\t\t\t\t\t<div class=\"e-con-inner\">\n\t\t\t\t<div class=\"elementor-element elementor-element-2d198e4 elementor-widget elementor-widget-spacer\" data-id=\"2d198e4\" data-element_type=\"widget\" data-widget_type=\"spacer.default\">\n\t\t\t\t<div class=\"elementor-widget-container\">\n\t\t\t<style>\/*! elementor - v3.14.0 - 26-06-2023 *\/\n.elementor-column .elementor-spacer-inner{height:var(--spacer-size)}.e-con{--container-widget-width:100%}.e-con-inner>.elementor-widget-spacer,.e-con>.elementor-widget-spacer{width:var(--container-widget-width,var(--spacer-size));--align-self:var(--container-widget-align-self,initial);--flex-shrink:0}.e-con-inner>.elementor-widget-spacer>.elementor-widget-container,.e-con-inner>.elementor-widget-spacer>.elementor-widget-container>.elementor-spacer,.e-con>.elementor-widget-spacer>.elementor-widget-container,.e-con>.elementor-widget-spacer>.elementor-widget-container>.elementor-spacer{height:100%}.e-con-inner>.elementor-widget-spacer>.elementor-widget-container>.elementor-spacer>.elementor-spacer-inner,.e-con>.elementor-widget-spacer>.elementor-widget-container>.elementor-spacer>.elementor-spacer-inner{height:var(--container-widget-height,var(--spacer-size))}<\/style>\t\t<div class=\"elementor-spacer\">\n\t\t\t<div class=\"elementor-spacer-inner\"><\/div>\n\t\t<\/div>\n\t\t\t\t<\/div>\n\t\t\t\t<\/div>\n\t\t\t\t\t<\/div>\n\t\t\t\t<\/div>\n\t\t<div class=\"elementor-element elementor-element-e057662 e-flex e-con-boxed e-con\" data-id=\"e057662\" data-element_type=\"container\" data-settings=\"{&quot;content_width&quot;:&quot;boxed&quot;}\">\n\t\t\t\t\t<div class=\"e-con-inner\">\n\t\t\t\t<div class=\"elementor-element elementor-element-db09f1d elementor-widget elementor-widget-html\" data-id=\"db09f1d\" data-element_type=\"widget\" data-widget_type=\"html.default\">\n\t\t\t\t<div class=\"elementor-widget-container\">\n\t\t\t<!DOCTYPE html>\r\n<html lang=\"tr\">\r\n<head>\r\n    <meta charset=\"UTF-8\">\r\n    <meta name=\"viewport\" content=\"width=device-width, initial-scale=1.0\">\r\n    <title>Kalite ve \u00c7evre Politikam\u0131z - Dekoral Boya<\/title>\r\n    <!-- Tailwind CSS for styling -->\r\n    <script src=\"https:\/\/cdn.tailwindcss.com\"><\/script>\r\n    <!-- Google Fonts: Inter -->\r\n    <link rel=\"preconnect\" href=\"https:\/\/fonts.googleapis.com\">\r\n    <link rel=\"preconnect\" href=\"https:\/\/fonts.gstatic.com\" crossorigin>\r\n    <link href=\"https:\/\/fonts.googleapis.com\/css2?family=Inter:wght@400;500;600;700&display=swap\" rel=\"stylesheet\">\r\n    \r\n    <style>\r\n        \/* Custom styles *\/\r\n        body {\r\n            font-family: 'Inter', sans-serif;\r\n            -webkit-font-smoothing: antialiased;\r\n            -moz-osx-font-smoothing: grayscale;\r\n        }\r\n        .icon-container {\r\n            width: 48px;\r\n            height: 48px;\r\n        }\r\n    <\/style>\r\n<\/head>\r\n<body class=\"bg-gray-50 text-gray-800\">\r\n\r\n    <div class=\"container mx-auto px-4 py-12 sm:px-6 lg:px-8\">\r\n        <div class=\"max-w-4xl mx-auto\">\r\n\r\n            <!-- Header Section -->\r\n            <header class=\"text-center mb-12\">\r\n                <h1 class=\"text-4xl font-bold text-blue-800 sm:text-5xl tracking-tight\">\r\n                    Kalite ve \u00c7evre Politikam\u0131z\r\n                <\/h1>\r\n                <p class=\"mt-4 text-lg text-gray-600 max-w-3xl mx-auto\">\r\n                    \u015eirketimizin Kalite ve \u00c7evre Politikas\u0131; \u00e7evre bilincini sistematik ve d\u00fczenli bir \u015fekilde sa\u011flamak \u00fczere kalite ve \u00e7evre y\u00f6netim sistemini benimsemek ve gereklerini yerine getirmektir. Politikam\u0131z a\u015fa\u011f\u0131daki temel ilkeler \u00fczerine kurulmu\u015ftur:\r\n                <\/p>\r\n            <\/header>\r\n\r\n            <!-- Policy Items Grid -->\r\n            <main>\r\n                <div class=\"grid grid-cols-1 md:grid-cols-2 gap-8\">\r\n                    <!-- Policy Item 1: M\u00fc\u015fteri Memnuniyeti ve S\u00fcrekli \u0130yile\u015fme -->\r\n                    <div class=\"bg-white p-6 rounded-xl shadow-md hover:shadow-lg transition-shadow duration-300 flex items-start space-x-4 h-full\">\r\n                        <div class=\"flex-shrink-0 bg-blue-100 text-blue-700 rounded-full p-3 icon-container flex items-center justify-center\">\r\n                            <svg xmlns=\"http:\/\/www.w3.org\/2000\/svg\" width=\"24\" height=\"24\" viewBox=\"0 0 24 24\" fill=\"none\" stroke=\"currentColor\" stroke-width=\"2\" stroke-linecap=\"round\" stroke-linejoin=\"round\" class=\"lucide lucide-trending-up\"><polyline points=\"22 7 13.5 15.5 8.5 10.5 2 17\"\/><polyline points=\"16 7 22 7 22 13\"\/><\/svg>\r\n                        <\/div>\r\n                        <div>\r\n                            <h2 class=\"text-lg font-semibold text-gray-900\">M\u00fc\u015fteri Memnuniyeti ve S\u00fcrekli \u0130yile\u015fme<\/h2>\r\n                            <p class=\"mt-1 text-gray-600\">\r\n                                En \u00fcst d\u00fczeyde m\u00fc\u015fteri memnuniyeti sa\u011flayarak, s\u00fcrekli iyile\u015fmeyi \u00f6n planda tutmak.\r\n                            <\/p>\r\n                        <\/div>\r\n                    <\/div>\r\n\r\n                    <!-- Policy Item 2: Yasal ve Teknik Uygunluk -->\r\n                    <div class=\"bg-white p-6 rounded-xl shadow-md hover:shadow-lg transition-shadow duration-300 flex items-start space-x-4 h-full\">\r\n                        <div class=\"flex-shrink-0 bg-blue-100 text-blue-700 rounded-full p-3 icon-container flex items-center justify-center\">\r\n                             <svg xmlns=\"http:\/\/www.w3.org\/2000\/svg\" width=\"24\" height=\"24\" viewBox=\"0 0 24 24\" fill=\"none\" stroke=\"currentColor\" stroke-width=\"2\" stroke-linecap=\"round\" stroke-linejoin=\"round\" class=\"lucide lucide-scale\"><path d=\"m16 16 3-8 3 8c-.87.65-1.92 1-3 1s-2.13-.35-3-1Z\"\/><path d=\"m2 16 3-8 3 8c-.87.65-1.92 1-3 1s-2.13-.35-3-1Z\"\/><path d=\"M7 21h10\"\/><path d=\"M12 3v18\"\/><path d=\"M3 7h2c2 0 5-1 7-2 2 1 5 2 7 2h2\"\/><\/svg>\r\n                        <\/div>\r\n                        <div>\r\n                            <h2 class=\"text-lg font-semibold text-gray-900\">Yasal ve Teknik Uygunluk<\/h2>\r\n                            <p class=\"mt-1 text-gray-600\">\r\n                                Yasal mevzuat ve teknik \u015fartnamelere uygun \u00e7al\u0131\u015fmak, al\u0131nan i\u015fleri zaman\u0131nda bitirmek.\r\n                            <\/p>\r\n                        <\/div>\r\n                    <\/div>\r\n\r\n                    <!-- Policy Item 3: \u00c7al\u0131\u015fan Geli\u015fimi ve Kat\u0131l\u0131m\u0131 -->\r\n                    <div class=\"bg-white p-6 rounded-xl shadow-md hover:shadow-lg transition-shadow duration-300 flex items-start space-x-4 h-full\">\r\n                        <div class=\"flex-shrink-0 bg-blue-100 text-blue-700 rounded-full p-3 icon-container flex items-center justify-center\">\r\n                           <svg xmlns=\"http:\/\/www.w3.org\/2000\/svg\" width=\"24\" height=\"24\" viewBox=\"0 0 24 24\" fill=\"none\" stroke=\"currentColor\" stroke-width=\"2\" stroke-linecap=\"round\" stroke-linejoin=\"round\" class=\"lucide lucide-graduation-cap\"><path d=\"M22 10v6M2 10l10-5 10 5-10 5z\"\/><path d=\"M6 12v5c3 3 9 3 12 0v-5\"\/><\/svg>\r\n                        <\/div>\r\n                        <div>\r\n                            <h2 class=\"text-lg font-semibold text-gray-900\">\u00c7al\u0131\u015fan Geli\u015fimi ve Kat\u0131l\u0131m\u0131<\/h2>\r\n                            <p class=\"mt-1 text-gray-600\">\r\n                                \u00c7al\u0131\u015fanlar\u0131m\u0131z\u0131n s\u00fcrekli geli\u015fmesi i\u00e7in e\u011fitim ve bilin\u00e7lendirme faaliyetleri organize etmek ve y\u00f6netime tam kat\u0131l\u0131mlar\u0131n\u0131 sa\u011flamak.\r\n                            <\/p>\r\n                        <\/div>\r\n                    <\/div>\r\n\r\n                    <!-- Policy Item 4: Sistem \u0130yile\u015ftirme ve Sekt\u00f6r Liderli\u011fi -->\r\n                    <div class=\"bg-white p-6 rounded-xl shadow-md hover:shadow-lg transition-shadow duration-300 flex items-start space-x-4 h-full\">\r\n                        <div class=\"flex-shrink-0 bg-blue-100 text-blue-700 rounded-full p-3 icon-container flex items-center justify-center\">\r\n                            <svg xmlns=\"http:\/\/www.w3.org\/2000\/svg\" width=\"24\" height=\"24\" viewBox=\"0 0 24 24\" fill=\"none\" stroke=\"currentColor\" stroke-width=\"2\" stroke-linecap=\"round\" stroke-linejoin=\"round\" class=\"lucide lucide-shield-check\"><path d=\"M12 22s8-4 8-10V5l-8-3-8 3v7c0 6 8 10 8 10\"\/><path d=\"m9 12 2 2 4-4\"\/><\/svg>\r\n                        <\/div>\r\n                        <div>\r\n                            <h2 class=\"text-lg font-semibold text-gray-900\">Sistem \u0130yile\u015ftirme ve Sekt\u00f6r Liderli\u011fi<\/h2>\r\n                            <p class=\"mt-1 text-gray-600\">\r\n                                Kalite ve \u00e7evre y\u00f6netim sistemimizi s\u00fcrekli iyile\u015ftirerek, sekt\u00f6rde rakiplerimizden \u00f6nde olmak.\r\n                            <\/p>\r\n                        <\/div>\r\n                    <\/div>\r\n\r\n                    <!-- Policy Item 5: \u00c7evre Kirlili\u011fini \u00d6nleme -->\r\n                    <div class=\"bg-white p-6 rounded-xl shadow-md hover:shadow-lg transition-shadow duration-300 flex items-start space-x-4 h-full\">\r\n                        <div class=\"flex-shrink-0 bg-green-100 text-green-700 rounded-full p-3 icon-container flex items-center justify-center\">\r\n                           <svg xmlns=\"http:\/\/www.w3.org\/2000\/svg\" width=\"24\" height=\"24\" viewBox=\"0 0 24 24\" fill=\"none\" stroke=\"currentColor\" stroke-width=\"2\" stroke-linecap=\"round\" stroke-linejoin=\"round\" class=\"lucide lucide-leaf\"><path d=\"M11 20A7 7 0 0 1 4 13V8a7.99 7.99 0 0 1 14.5-3.5A4.5 4.5 0 1 1 11 20z\"\/><path d=\"M4 13a4.5 4.5 0 0 0 6.5 4\"\/><\/svg>\r\n                        <\/div>\r\n                        <div>\r\n                            <h2 class=\"text-lg font-semibold text-gray-900\">\u00c7evre Kirlili\u011fini \u00d6nleme<\/h2>\r\n                            <p class=\"mt-1 text-gray-600\">\r\n                                \u00c7evre kirlenmesine etki eden \u015firket i\u00e7i ve d\u0131\u015f\u0131 etkenleri en aza indirmek.\r\n                            <\/p>\r\n                        <\/div>\r\n                    <\/div>\r\n\r\n                    <!-- Policy Item 6: Kaynak Verimlili\u011fi ve Geri D\u00f6n\u00fc\u015f\u00fcm -->\r\n                    <div class=\"bg-white p-6 rounded-xl shadow-md hover:shadow-lg transition-shadow duration-300 flex items-start space-x-4 h-full\">\r\n                        <div class=\"flex-shrink-0 bg-green-100 text-green-700 rounded-full p-3 icon-container flex items-center justify-center\">\r\n                            <svg xmlns=\"http:\/\/www.w3.org\/2000\/svg\" width=\"24\" height=\"24\" viewBox=\"0 0 24 24\" fill=\"none\" stroke=\"currentColor\" stroke-width=\"2\" stroke-linecap=\"round\" stroke-linejoin=\"round\" class=\"lucide lucide-recycle\"><path d=\"M7 19H4.5a1.5 1.5 0 0 1 0-3H7\"\/><path d=\"M11 19h2.5a1.5 1.5 0 0 0 0-3H11\"\/><path d=\"M9 19V5\"\/><path d=\"M13.5 16H15a1.5 1.5 0 0 0 1.5-1.5v-1a1.5 1.5 0 0 0-1.5-1.5h-10A1.5 1.5 0 0 0 3.5 13v1A1.5 1.5 0 0 0 5 15.5h1.5\"\/><path d=\"m16 6 2.5-2.5L21 6\"\/><path d=\"m18.5 11 2.5 2.5L18.5 16\"\/><\/svg>\r\n                        <\/div>\r\n                        <div>\r\n                            <h2 class=\"text-lg font-semibold text-gray-900\">Kaynak Verimlili\u011fi ve Geri D\u00f6n\u00fc\u015f\u00fcm<\/h2>\r\n                            <p class=\"mt-1 text-gray-600\">\r\n                                Kaynaklar\u0131 etkin ve ak\u0131lc\u0131 bir \u015fekilde kullanmak, geri d\u00f6n\u00fc\u015f\u00fcm teknolojisi uygulamak ve bu t\u00fcr faaliyetlere destek vermek.\r\n                            <\/p>\r\n                        <\/div>\r\n                    <\/div>\r\n                    \r\n                    <!-- Policy Item 7: Sistematik \u00c7evre Bilinci -->\r\n                    <div class=\"bg-white p-6 rounded-xl shadow-md hover:shadow-lg transition-shadow duration-300 flex items-start space-x-4 h-full\">\r\n                        <div class=\"flex-shrink-0 bg-green-100 text-green-700 rounded-full p-3 icon-container flex items-center justify-center\">\r\n                           <svg xmlns=\"http:\/\/www.w3.org\/2000\/svg\" width=\"24\" height=\"24\" viewBox=\"0 0 24 24\" fill=\"none\" stroke=\"currentColor\" stroke-width=\"2\" stroke-linecap=\"round\" stroke-linejoin=\"round\" class=\"lucide lucide-brain-circuit\"><path d=\"M12 5a3 3 0 1 0-5.993.251\"\/><path d=\"M12 5a3 3 0 1 1 5.993.251\"\/><path d=\"M15 13a3 3 0 1 0-5.993.251\"\/><path d=\"M15 13a3 3 0 1 1 5.993.251\"\/><path d=\"M9 13a3 3 0 1 1 5.993.251\"\/><path d=\"M9.007 13.25A3 3 0 1 0 12 19a3 3 0 1 0-2.993-5.75\"\/><path d=\"M5.003 13.25A3 3 0 1 1 2 19a3 3 0 1 1 3.003-5.75\"\/><path d=\"M18.997 13.25A3 3 0 1 0 22 19a3 3 0 1 0-3.003-5.75\"\/><path d=\"M12 19v2\"\/><path d=\"M12 13v-2\"\/><path d=\"M12 9V7\"\/><path d=\"m4.5 10.5-1-1\"\/><path d=\"m19.5 10.5 1-1\"\/><path d=\"m4.5 17.5-1 1\"\/><path d=\"m19.5 17.5 1 1\"\/><path d=\"M9 17h6\"\/><\/svg>\r\n                        <\/div>\r\n                        <div>\r\n                            <h2 class=\"text-lg font-semibold text-gray-900\">Sistematik \u00c7evre Bilinci<\/h2>\r\n                            <p class=\"mt-1 text-gray-600\">\r\n                                Yasal y\u00fck\u00fcml\u00fcl\u00fckleri yerine getirerek, b\u00fct\u00fcn faaliyet sahalar\u0131nda \u00e7evre bilincini sistematik ve d\u00fczenli bir \u015fekilde sa\u011flamak.\r\n                            <\/p>\r\n                        <\/div>\r\n                    <\/div>\r\n                    \r\n                    <!-- Policy Item 8: Kalite ve \u00c7evre Y\u00f6netim Sistemi -->\r\n                    <div class=\"bg-white p-6 rounded-xl shadow-md hover:shadow-lg transition-shadow duration-300 flex items-start space-x-4 h-full\">\r\n                        <div class=\"flex-shrink-0 bg-blue-100 text-blue-700 rounded-full p-3 icon-container flex items-center justify-center\">\r\n                            <svg xmlns=\"http:\/\/www.w3.org\/2000\/svg\" width=\"24\" height=\"24\" viewBox=\"0 0 24 24\" fill=\"none\" stroke=\"currentColor\" stroke-width=\"2\" stroke-linecap=\"round\" stroke-linejoin=\"round\" class=\"lucide lucide-clipboard-check\"><rect width=\"8\" height=\"4\" x=\"8\" y=\"2\" rx=\"1\" ry=\"1\"\/><path d=\"M16 4h2a2 2 0 0 1 2 2v14a2 2 0 0 1-2 2H6a2 2 0 0 1-2-2V6a2 2 0 0 1 2-2h2\"\/><path d=\"m9 14 2 2 4-4\"\/><\/svg>\r\n                        <\/div>\r\n                        <div>\r\n                            <h2 class=\"text-lg font-semibold text-gray-900\">Kalite ve \u00c7evre Y\u00f6netim Sistemi<\/h2>\r\n                            <p class=\"mt-1 text-gray-600\">\r\n                                Kalite ve \u00c7evre Y\u00f6netim Sistemi'ni benimsemek ve t\u00fcm gereklerini eksiksiz olarak yerine getirmek.\r\n                            <\/p>\r\n                        <\/div>\r\n                    <\/div>\r\n                <\/div>\r\n            <\/main>\r\n\r\n            <!-- Signature Section -->\r\n            <div class=\"mt-16 text-right\">\r\n                <p class=\"text-lg font-semibold text-gray-900\">Ziya \u00c7ANKAL<\/p>\r\n                <p class=\"text-md text-gray-600\">Genel M\u00fcd\u00fcr<\/p>\r\n            <\/div>\r\n\r\n            <!-- Footer -->\r\n            <footer class=\"text-center mt-12\">\r\n                <p class=\"text-sm text-gray-500\">&copy; <script>document.write(new Date().getFullYear())<\/script> Dekoral Boya. T\u00fcm haklar\u0131 sakl\u0131d\u0131r.<\/p>\r\n            <\/footer>\r\n\r\n        <\/div>\r\n    <\/div>\r\n\r\n<\/body>\r\n<\/html>\r\n\r\n\t\t<\/div>\n\t\t\t\t<\/div>\n\t\t\t\t\t<\/div>\n\t\t\t\t<\/div>\n\t\t\t\t\t\t\t<\/div>\n\t\t","protected":false},"excerpt":{"rendered":"<p>KAL\u0130TE VE \u00c7EVRE POL\u0130T\u0130KAMIZ Anasayfa Kalite ve \u00c7evre Politikam\u0131z &#8211; Dekoral Boya Kalite ve \u00c7evre Politikam\u0131z \u015eirketimizin Kalite ve \u00c7evre Politikas\u0131; \u00e7evre bilincini sistematik ve d\u00fczenli bir \u015fekilde sa\u011flamak \u00fczere kalite ve \u00e7evre y\u00f6netim sistemini benimsemek ve gereklerini yerine getirmektir. Politikam\u0131z a\u015fa\u011f\u0131daki temel ilkeler \u00fczerine kurulmu\u015ftur: M\u00fc\u015fteri Memnuniyeti ve S\u00fcrekli \u0130yile\u015fme En \u00fcst d\u00fczeyde m\u00fc\u015fteri memnuniyeti sa\u011flayarak, s\u00fcrekli iyile\u015fmeyi \u00f6n&#8230;<\/p>\n","protected":false},"author":1,"featured_media":0,"parent":0,"menu_order":0,"comment_status":"closed","ping_status":"closed","template":"elementor_header_footer","meta":{"footnotes":""},"_links":{"self":[{"href":"https:\/\/dekoralboya.com.tr\/index.php\/wp-json\/wp\/v2\/pages\/810"}],"collection":[{"href":"https:\/\/dekoralboya.com.tr\/index.php\/wp-json\/wp\/v2\/pages"}],"about":[{"href":"https:\/\/dekoralboya.com.tr\/index.php\/wp-json\/wp\/v2\/types\/page"}],"author":[{"embeddable":true,"href":"https:\/\/dekoralboya.com.tr\/index.php\/wp-json\/wp\/v2\/users\/1"}],"replies":[{"embeddable":true,"href":"https:\/\/dekoralboya.com.tr\/index.php\/wp-json\/wp\/v2\/comments?post=810"}],"version-history":[{"count":7,"href":"https:\/\/dekoralboya.com.tr\/index.php\/wp-json\/wp\/v2\/pages\/810\/revisions"}],"predecessor-version":[{"id":5815,"href":"https:\/\/dekoralboya.com.tr\/index.php\/wp-json\/wp\/v2\/pages\/810\/revisions\/5815"}],"wp:attachment":[{"href":"https:\/\/dekoralboya.com.tr\/index.php\/wp-json\/wp\/v2\/media?parent=810"}],"curies":[{"name":"wp","href":"https:\/\/api.w.org\/{rel}","templated":true}]}}