{"id":5990,"date":"2025-10-01T20:07:48","date_gmt":"2025-10-01T17:07:48","guid":{"rendered":"https:\/\/dekoralboya.com.tr\/?page_id=5990"},"modified":"2025-10-01T20:10:58","modified_gmt":"2025-10-01T17:10:58","slug":"belgelerimiz","status":"publish","type":"page","link":"https:\/\/dekoralboya.com.tr\/index.php\/belgelerimiz\/","title":{"rendered":"BELGELER\u0130M\u0130Z"},"content":{"rendered":"\t\t<div data-elementor-type=\"wp-page\" data-elementor-id=\"5990\" class=\"elementor elementor-5990\">\n\t\t\t\t\t\t\t\t\t<section class=\"elementor-section elementor-top-section elementor-element elementor-element-5e6dfcff elementor-section-boxed elementor-section-height-default elementor-section-height-default\" data-id=\"5e6dfcff\" data-element_type=\"section\">\n\t\t\t\t\t\t<div class=\"elementor-container elementor-column-gap-no\">\n\t\t\t\t\t<div class=\"elementor-column elementor-col-100 elementor-top-column elementor-element elementor-element-2646295c\" data-id=\"2646295c\" data-element_type=\"column\" data-settings=\"{&quot;background_background&quot;:&quot;gradient&quot;}\">\n\t\t\t<div class=\"elementor-widget-wrap elementor-element-populated\">\n\t\t\t\t\t\t\t\t<div class=\"elementor-element elementor-element-73275b7f elementor-widget elementor-widget-heading\" data-id=\"73275b7f\" data-element_type=\"widget\" data-widget_type=\"heading.default\">\n\t\t\t\t<div class=\"elementor-widget-container\">\n\t\t\t<style>\/*! elementor - v3.14.0 - 26-06-2023 *\/\n.elementor-heading-title{padding:0;margin:0;line-height:1}.elementor-widget-heading .elementor-heading-title[class*=elementor-size-]>a{color:inherit;font-size:inherit;line-height:inherit}.elementor-widget-heading .elementor-heading-title.elementor-size-small{font-size:15px}.elementor-widget-heading .elementor-heading-title.elementor-size-medium{font-size:19px}.elementor-widget-heading .elementor-heading-title.elementor-size-large{font-size:29px}.elementor-widget-heading .elementor-heading-title.elementor-size-xl{font-size:39px}.elementor-widget-heading .elementor-heading-title.elementor-size-xxl{font-size:59px}<\/style><h1 class=\"elementor-heading-title elementor-size-default\"><a href=\"https:\/\/dekoralboya.com.tr\/\">BELGELER\u0130M\u0130Z<\/a><\/h1>\t\t<\/div>\n\t\t\t\t<\/div>\n\t\t\t\t<div class=\"elementor-element elementor-element-ee45dc0 elementor-align-center elementor-icon-list--layout-traditional elementor-list-item-link-full_width elementor-widget elementor-widget-icon-list\" data-id=\"ee45dc0\" data-element_type=\"widget\" data-widget_type=\"icon-list.default\">\n\t\t\t\t<div class=\"elementor-widget-container\">\n\t\t\t<link rel=\"stylesheet\" href=\"https:\/\/dekoralboya.com.tr\/wp-content\/plugins\/elementor\/assets\/css\/widget-icon-list.min.css\">\t\t<ul class=\"elementor-icon-list-items\">\n\t\t\t\t\t\t\t<li class=\"elementor-icon-list-item\">\n\t\t\t\t\t\t\t\t\t\t\t<a href=\"https:\/\/dekoralboya.com.tr\/\">\n\n\t\t\t\t\t\t\t\t\t\t\t<span class=\"elementor-icon-list-text\">Anasayfa<\/span>\n\t\t\t\t\t\t\t\t\t\t\t<\/a>\n\t\t\t\t\t\t\t\t\t<\/li>\n\t\t\t\t\t\t<\/ul>\n\t\t\t\t<\/div>\n\t\t\t\t<\/div>\n\t\t\t\t\t<\/div>\n\t\t<\/div>\n\t\t\t\t\t\t\t<\/div>\n\t\t<\/section>\n\t\t<div class=\"elementor-element elementor-element-4b2363a e-flex e-con-boxed e-con\" data-id=\"4b2363a\" data-element_type=\"container\" data-settings=\"{&quot;content_width&quot;:&quot;boxed&quot;}\">\n\t\t\t\t\t<div class=\"e-con-inner\">\n\t\t\t\t<div class=\"elementor-element elementor-element-c903f64 elementor-widget elementor-widget-html\" data-id=\"c903f64\" data-element_type=\"widget\" data-widget_type=\"html.default\">\n\t\t\t\t<div class=\"elementor-widget-container\">\n\t\t\t<!DOCTYPE html>\r\n<html lang=\"tr\">\r\n<head>\r\n    <meta charset=\"UTF-8\">\r\n    <meta name=\"viewport\" content=\"width=device-width, initial-scale=1.0\">\r\n    <title>Belgelerimiz - Dekoral Boya<\/title>\r\n    <script src=\"https:\/\/cdn.tailwindcss.com\"><\/script>\r\n    <link rel=\"preconnect\" href=\"https:\/\/fonts.googleapis.com\">\r\n    <link rel=\"preconnect\" href=\"https:\/\/fonts.gstatic.com\" crossorigin>\r\n    <link href=\"https:\/\/fonts.googleapis.com\/css2?family=Poppins:wght@400;500;600;700&display=swap\" rel=\"stylesheet\">\r\n    <style>\r\n        body {\r\n            font-family: 'Poppins', sans-serif;\r\n        }\r\n        \/* Dekoral Boya Kurumsal Renkleri *\/\r\n        .dekoral-blue {\r\n            background-color: #004a99; \/* LinkedIn sayfas\u0131ndan esinlenilen ana mavi tonu *\/\r\n        }\r\n        .dekoral-blue-text {\r\n            color: #004a99;\r\n        }\r\n        .dekoral-light-blue {\r\n            background-color: #e6f0ff;\r\n        }\r\n        .card-hover-effect {\r\n            transition: transform 0.3s ease, box-shadow 0.3s ease;\r\n        }\r\n        .card-hover-effect:hover {\r\n            transform: translateY(-5px);\r\n            box-shadow: 0 10px 15px -3px rgba(0, 0, 0, 0.1), 0 4px 6px -2px rgba(0, 0, 0, 0.05);\r\n        }\r\n    <\/style>\r\n<\/head>\r\n<body class=\"bg-gray-50\">\r\n\r\n    <!-- Ana Konteyner -->\r\n    <div class=\"container mx-auto px-4 py-12 md:py-20\">\r\n\r\n        <!-- Ba\u015fl\u0131k B\u00f6l\u00fcm\u00fc -->\r\n        <header class=\"text-center mb-12\">\r\n            <h1 class=\"text-4xl md:text-5xl font-bold dekoral-blue-text mb-2\">DEKORAL BOYA<\/h1>\r\n            <h2 class=\"text-2xl md:text-3xl font-semibold text-gray-700\">Kalite ve G\u00fcvence Belgelerimiz<\/h2>\r\n            <p class=\"mt-4 text-gray-600 max-w-2xl mx-auto\">\r\n                Dekoral Boya olarak, \u00fcretim s\u00fcre\u00e7lerimizin her a\u015famas\u0131nda ulusal ve uluslararas\u0131 standartlara uygunlu\u011fu birincil \u00f6nceli\u011fimiz olarak g\u00f6r\u00fcyoruz. M\u00fc\u015fterilerimize en y\u00fcksek kalitede \u00fcr\u00fcnler sunma taahh\u00fcd\u00fcm\u00fcz\u00fc, sahip oldu\u011fumuz sertifikalar ve belgelerle g\u00fcvence alt\u0131na al\u0131yoruz.\r\n            <\/p>\r\n        <\/header>\r\n\r\n        <!-- Belgeler Grid Yap\u0131s\u0131 -->\r\n        <main class=\"grid grid-cols-1 sm:grid-cols-2 lg:grid-cols-3 gap-8\">\r\n\r\n            <!-- Belge Kart\u0131: ISO 9001:2015 -->\r\n            <div class=\"bg-white rounded-lg shadow-md p-6 flex flex-col items-center text-center card-hover-effect\">\r\n                <div class=\"w-16 h-16 dekoral-light-blue rounded-full flex items-center justify-center mb-4\">\r\n                    <!-- Kalite \u0130konu -->\r\n                    <svg class=\"w-8 h-8 dekoral-blue-text\" xmlns=\"http:\/\/www.w3.org\/2000\/svg\" fill=\"none\" viewBox=\"0 0 24 24\" stroke-width=\"1.5\" stroke=\"currentColor\">\r\n                        <path stroke-linecap=\"round\" stroke-linejoin=\"round\" d=\"M9 12.75L11.25 15 15 9.75M21 12a9 9 0 11-18 0 9 9 0 0118 0z\" \/>\r\n                    <\/svg>\r\n                <\/div>\r\n                <h3 class=\"text-lg font-semibold text-gray-800\">ISO 9001:2015<\/h3>\r\n                <p class=\"text-gray-600 mb-4\">Kalite Y\u00f6netim Sistemi<\/p>\r\n                <a href=\"DEKORAL BOYA 9OO1.pdf\" target=\"_blank\" class=\"mt-auto w-full text-center dekoral-blue text-white font-semibold py-2 px-4 rounded-lg hover:bg-opacity-90 transition-colors\">\r\n                    Belgeyi G\u00f6r\u00fcnt\u00fcle\r\n                <\/a>\r\n            <\/div>\r\n\r\n            <!-- Belge Kart\u0131: ISO 14001:2015 -->\r\n            <div class=\"bg-white rounded-lg shadow-md p-6 flex flex-col items-center text-center card-hover-effect\">\r\n                <div class=\"w-16 h-16 dekoral-light-blue rounded-full flex items-center justify-center mb-4\">\r\n                    <!-- \u00c7evre \u0130konu -->\r\n                     <svg class=\"w-8 h-8 dekoral-blue-text\" xmlns=\"http:\/\/www.w3.org\/2000\/svg\" fill=\"none\" viewBox=\"0 0 24 24\" stroke-width=\"1.5\" stroke=\"currentColor\">\r\n                        <path stroke-linecap=\"round\" stroke-linejoin=\"round\" d=\"M12 21a9.004 9.004 0 008.716-6.747M12 21a9.004 9.004 0 01-8.716-6.747M12 21c2.485 0 4.5-4.03 4.5-9S14.485 3 12 3m0 18c-2.485 0-4.5-4.03-4.5-9S9.515 3 12 3m0 0a8.997 8.997 0 017.843 4.582M12 3a8.997 8.997 0 00-7.843 4.582m15.686 0A11.953 11.953 0 0112 10.5c-2.998 0-5.74-1.1-7.843-2.918m15.686 0A8.959 8.959 0 0121 12c0 .778-.099 1.533-.284 2.253m0 0A17.919 17.919 0 0112 16.5c-3.162 0-6.133-.815-8.716-2.247m0 0A9.015 9.015 0 013 12c0-1.605.42-3.113 1.157-4.418\" \/>\r\n                    <\/svg>\r\n                <\/div>\r\n                <h3 class=\"text-lg font-semibold text-gray-800\">ISO 14001:2015<\/h3>\r\n                <p class=\"text-gray-600 mb-4\">\u00c7evre Y\u00f6netim Sistemi<\/p>\r\n                <a href=\"DEKORAL BOYA 14OO1.pdf\" target=\"_blank\" class=\"mt-auto w-full text-center dekoral-blue text-white font-semibold py-2 px-4 rounded-lg hover:bg-opacity-90 transition-colors\">\r\n                    Belgeyi G\u00f6r\u00fcnt\u00fcle\r\n                <\/a>\r\n            <\/div>\r\n\r\n            <!-- Belge Kart\u0131: ISO 45001:2018 -->\r\n            <div class=\"bg-white rounded-lg shadow-md p-6 flex flex-col items-center text-center card-hover-effect\">\r\n                <div class=\"w-16 h-16 dekoral-light-blue rounded-full flex items-center justify-center mb-4\">\r\n                    <!-- ISG \u0130konu -->\r\n                    <svg class=\"w-8 h-8 dekoral-blue-text\" xmlns=\"http:\/\/www.w3.org\/2000\/svg\" fill=\"none\" viewBox=\"0 0 24 24\" stroke-width=\"1.5\" stroke=\"currentColor\">\r\n                       <path stroke-linecap=\"round\" stroke-linejoin=\"round\" d=\"M9 12.75L11.25 15 15 9.75M21 12a9 9 0 11-18 0 9 9 0 0118 0z\" \/>\r\n                    <\/svg>\r\n                <\/div>\r\n                <h3 class=\"text-lg font-semibold text-gray-800\">ISO 45001:2018<\/h3>\r\n                <p class=\"text-gray-600 mb-4\">\u0130\u015f Sa\u011fl\u0131\u011f\u0131 ve G\u00fcvenli\u011fi Y\u00f6netim Sistemi<\/p>\r\n                <a href=\"DEKORAL BOYA 45001 (1).pdf\" target=\"_blank\" class=\"mt-auto w-full text-center dekoral-blue text-white font-semibold py-2 px-4 rounded-lg hover:bg-opacity-90 transition-colors\">\r\n                    Belgeyi G\u00f6r\u00fcnt\u00fcle\r\n                <\/a>\r\n            <\/div>\r\n\r\n            <!-- Belge Kart\u0131: S\u0131f\u0131r At\u0131k Belgesi -->\r\n            <div class=\"bg-white rounded-lg shadow-md p-6 flex flex-col items-center text-center card-hover-effect\">\r\n                <div class=\"w-16 h-16 dekoral-light-blue rounded-full flex items-center justify-center mb-4\">\r\n                    <!-- S\u0131f\u0131r At\u0131k \u0130konu -->\r\n                    <svg class=\"w-8 h-8 dekoral-blue-text\" xmlns=\"http:\/\/www.w3.org\/2000\/svg\" fill=\"none\" viewBox=\"0 0 24 24\" stroke-width=\"1.5\" stroke=\"currentColor\">\r\n                        <path stroke-linecap=\"round\" stroke-linejoin=\"round\" d=\"M14.74 9l-.346 9m-4.788 0L9.26 9m9.968-3.21c.342.052.682.107 1.022.166m-1.022-.165L18.16 19.673a2.25 2.25 0 01-2.244 2.077H8.084a2.25 2.25 0 01-2.244-2.077L4.772 5.79m14.456 0a48.108 48.108 0 00-3.478-.397m-12 .562c.34-.059.68-.114 1.022-.165m0 0a48.11 48.11 0 013.478-.397m7.5 0v-.916c0-1.18-.91-2.164-2.09-2.201a51.964 51.964 0 00-3.32 0c-1.18.037-2.09 1.022-2.09 2.201v.916m7.5 0a48.667 48.667 0 00-7.5 0\" \/>\r\n                    <\/svg>\r\n                <\/div>\r\n                <h3 class=\"text-lg font-semibold text-gray-800\">S\u0131f\u0131r At\u0131k Belgesi<\/h3>\r\n                <p class=\"text-gray-600 mb-4\">T.C. \u00c7evre, \u015eehircilik ve \u0130klim De\u011fi\u015fikli\u011fi Bakanl\u0131\u011f\u0131<\/p>\r\n                <a href=\"1757331179752.jpg\" target=\"_blank\" class=\"mt-auto w-full text-center dekoral-blue text-white font-semibold py-2 px-4 rounded-lg hover:bg-opacity-90 transition-colors\">\r\n                    Belgeyi G\u00f6r\u00fcnt\u00fcle\r\n                <\/a>\r\n            <\/div>\r\n\r\n            <!-- Belge Kart\u0131: TSE Uygunluk Belgesi (Epoksi) -->\r\n            <div class=\"bg-white rounded-lg shadow-md p-6 flex flex-col items-center text-center card-hover-effect\">\r\n                 <div class=\"w-16 h-16 dekoral-light-blue rounded-full flex items-center justify-center mb-4\">\r\n                    <!-- TSE \u0130konu\/Standart \u0130konu -->\r\n                    <svg class=\"w-8 h-8 dekoral-blue-text\" xmlns=\"http:\/\/www.w3.org\/2000\/svg\" fill=\"none\" viewBox=\"0 0 24 24\" stroke-width=\"1.5\" stroke=\"currentColor\">\r\n                        <path stroke-linecap=\"round\" stroke-linejoin=\"round\" d=\"M12 21a9.004 9.004 0 008.716-6.747M12 21a9.004 9.004 0 01-8.716-6.747M12 21c2.485 0 4.5-4.03 4.5-9S14.485 3 12 3m0 18c-2.485 0-4.5-4.03-4.5-9S9.515 3 12 3m0 0a8.997 8.997 0 017.843 4.582M12 3a8.997 8.997 0 00-7.843 4.582m15.686 0A11.953 11.953 0 0112 10.5c-2.998 0-5.74-1.1-7.843-2.918m15.686 0A8.959 8.959 0 0121 12c0 .778-.099 1.533-.284 2.253m0 0A17.919 17.919 0 0112 16.5c-3.162 0-6.133-.815-8.716-2.247m0 0A9.015 9.015 0 013 12c0-1.605.42-3.113 1.157-4.418\" \/>\r\n                    <\/svg>\r\n                <\/div>\r\n                <h3 class=\"text-lg font-semibold text-gray-800\">TSE Uygunluk Belgesi<\/h3>\r\n                <p class=\"text-gray-600 mb-4\">TS 11590 - Epoksi Re\u00e7ine Esasl\u0131 Boyalar<\/p>\r\n                <a href=\"TU\u0308RK STANDARDLARI ENSTITU\u0308SU\u0308 (1).pdf\" target=\"_blank\" class=\"mt-auto w-full text-center dekoral-blue text-white font-semibold py-2 px-4 rounded-lg hover:bg-opacity-90 transition-colors\">\r\n                    Belgeyi G\u00f6r\u00fcnt\u00fcle\r\n                <\/a>\r\n            <\/div>\r\n\r\n            <!-- Belge Kart\u0131: TSE Uygunluk Belgesi (Ftalik) -->\r\n            <div class=\"bg-white rounded-lg shadow-md p-6 flex flex-col items-center text-center card-hover-effect\">\r\n                 <div class=\"w-16 h-16 dekoral-light-blue rounded-full flex items-center justify-center mb-4\">\r\n                    <!-- TSE \u0130konu\/Standart \u0130konu -->\r\n                    <svg class=\"w-8 h-8 dekoral-blue-text\" xmlns=\"http:\/\/www.w3.org\/2000\/svg\" fill=\"none\" viewBox=\"0 0 24 24\" stroke-width=\"1.5\" stroke=\"currentColor\">\r\n                       <path stroke-linecap=\"round\" stroke-linejoin=\"round\" d=\"M12 21a9.004 9.004 0 008.716-6.747M12 21a9.004 9.004 0 01-8.716-6.747M12 21c2.485 0 4.5-4.03 4.5-9S14.485 3 12 3m0 18c-2.485 0-4.5-4.03-4.5-9S9.515 3 12 3m0 0a8.997 8.997 0 017.843 4.582M12 3a8.997 8.997 0 00-7.843 4.582m15.686 0A11.953 11.953 0 0112 10.5c-2.998 0-5.74-1.1-7.843-2.918m15.686 0A8.959 8.959 0 0121 12c0 .778-.099 1.533-.284 2.253m0 0A17.919 17.919 0 0112 16.5c-3.162 0-6.133-.815-8.716-2.247m0 0A9.015 9.015 0 013 12c0-1.605.42-3.113 1.157-4.418\" \/>\r\n                    <\/svg>\r\n                <\/div>\r\n                <h3 class=\"text-lg font-semibold text-gray-800\">TSE Uygunluk Belgesi<\/h3>\r\n                <p class=\"text-gray-600 mb-4\">TS 11650 - Ftalik Re\u00e7ine Esasl\u0131 Boyalar<\/p>\r\n                <a href=\"TU\u0308RK STANDARDLARI ENSTITU\u0308SU\u0308.pdf\" target=\"_blank\" class=\"mt-auto w-full text-center dekoral-blue text-white font-semibold py-2 px-4 rounded-lg hover:bg-opacity-90 transition-colors\">\r\n                    Belgeyi G\u00f6r\u00fcnt\u00fcle\r\n                <\/a>\r\n            <\/div>\r\n\r\n        <\/main>\r\n        \r\n        <!-- Footer -->\r\n        <footer class=\"text-center mt-16 text-gray-500\">\r\n            <p>&copy; 2024 Dekoral Boya Kimya Sanayi ve Ticaret A.\u015e. T\u00fcm Haklar\u0131 Sakl\u0131d\u0131r.<\/p>\r\n        <\/footer>\r\n\r\n    <\/div>\r\n\r\n<\/body>\r\n<\/html>\r\n\r\n\t\t<\/div>\n\t\t\t\t<\/div>\n\t\t\t\t\t<\/div>\n\t\t\t\t<\/div>\n\t\t\t\t\t\t\t<\/div>\n\t\t","protected":false},"excerpt":{"rendered":"<p>BELGELER\u0130M\u0130Z Anasayfa Belgelerimiz &#8211; Dekoral Boya DEKORAL BOYA Kalite ve G\u00fcvence Belgelerimiz Dekoral Boya olarak, \u00fcretim s\u00fcre\u00e7lerimizin her a\u015famas\u0131nda ulusal ve uluslararas\u0131 standartlara uygunlu\u011fu birincil \u00f6nceli\u011fimiz olarak g\u00f6r\u00fcyoruz. M\u00fc\u015fterilerimize en y\u00fcksek kalitede \u00fcr\u00fcnler sunma taahh\u00fcd\u00fcm\u00fcz\u00fc, sahip oldu\u011fumuz sertifikalar ve belgelerle g\u00fcvence alt\u0131na al\u0131yoruz. ISO 9001:2015 Kalite Y\u00f6netim Sistemi Belgeyi G\u00f6r\u00fcnt\u00fcle ISO 14001:2015 \u00c7evre Y\u00f6netim Sistemi Belgeyi G\u00f6r\u00fcnt\u00fcle ISO 45001:2018 \u0130\u015f&#8230;<\/p>\n","protected":false},"author":1,"featured_media":0,"parent":0,"menu_order":0,"comment_status":"closed","ping_status":"closed","template":"elementor_header_footer","meta":{"footnotes":""},"_links":{"self":[{"href":"https:\/\/dekoralboya.com.tr\/index.php\/wp-json\/wp\/v2\/pages\/5990"}],"collection":[{"href":"https:\/\/dekoralboya.com.tr\/index.php\/wp-json\/wp\/v2\/pages"}],"about":[{"href":"https:\/\/dekoralboya.com.tr\/index.php\/wp-json\/wp\/v2\/types\/page"}],"author":[{"embeddable":true,"href":"https:\/\/dekoralboya.com.tr\/index.php\/wp-json\/wp\/v2\/users\/1"}],"replies":[{"embeddable":true,"href":"https:\/\/dekoralboya.com.tr\/index.php\/wp-json\/wp\/v2\/comments?post=5990"}],"version-history":[{"count":10,"href":"https:\/\/dekoralboya.com.tr\/index.php\/wp-json\/wp\/v2\/pages\/5990\/revisions"}],"predecessor-version":[{"id":6002,"href":"https:\/\/dekoralboya.com.tr\/index.php\/wp-json\/wp\/v2\/pages\/5990\/revisions\/6002"}],"wp:attachment":[{"href":"https:\/\/dekoralboya.com.tr\/index.php\/wp-json\/wp\/v2\/media?parent=5990"}],"curies":[{"name":"wp","href":"https:\/\/api.w.org\/{rel}","templated":true}]}}