{"id":5825,"date":"2025-09-29T21:48:58","date_gmt":"2025-09-29T18:48:58","guid":{"rendered":"https:\/\/dekoralboya.com.tr\/?page_id=5825"},"modified":"2025-09-29T21:59:59","modified_gmt":"2025-09-29T18:59:59","slug":"haberler","status":"publish","type":"page","link":"https:\/\/dekoralboya.com.tr\/index.php\/haberler\/","title":{"rendered":"HABERLER"},"content":{"rendered":"\t\t<div data-elementor-type=\"wp-page\" data-elementor-id=\"5825\" class=\"elementor elementor-5825\">\n\t\t\t\t\t\t\t\t\t<section class=\"elementor-section elementor-top-section elementor-element elementor-element-7ad3d10 elementor-section-boxed elementor-section-height-default elementor-section-height-default\" data-id=\"7ad3d10\" data-element_type=\"section\">\n\t\t\t\t\t\t<div class=\"elementor-container elementor-column-gap-no\">\n\t\t\t\t\t<div class=\"elementor-column elementor-col-100 elementor-top-column elementor-element elementor-element-1265192e\" data-id=\"1265192e\" data-element_type=\"column\" data-settings=\"{&quot;background_background&quot;:&quot;gradient&quot;}\">\n\t\t\t<div class=\"elementor-widget-wrap elementor-element-populated\">\n\t\t\t\t\t\t\t\t<div class=\"elementor-element elementor-element-33f95fc3 elementor-widget elementor-widget-heading\" data-id=\"33f95fc3\" data-element_type=\"widget\" data-widget_type=\"heading.default\">\n\t\t\t\t<div class=\"elementor-widget-container\">\n\t\t\t<style>\/*! elementor - v3.14.0 - 26-06-2023 *\/\n.elementor-heading-title{padding:0;margin:0;line-height:1}.elementor-widget-heading .elementor-heading-title[class*=elementor-size-]>a{color:inherit;font-size:inherit;line-height:inherit}.elementor-widget-heading .elementor-heading-title.elementor-size-small{font-size:15px}.elementor-widget-heading .elementor-heading-title.elementor-size-medium{font-size:19px}.elementor-widget-heading .elementor-heading-title.elementor-size-large{font-size:29px}.elementor-widget-heading .elementor-heading-title.elementor-size-xl{font-size:39px}.elementor-widget-heading .elementor-heading-title.elementor-size-xxl{font-size:59px}<\/style><h1 class=\"elementor-heading-title elementor-size-default\">KURUMSAL HABERLER<\/h1>\t\t<\/div>\n\t\t\t\t<\/div>\n\t\t\t\t<div class=\"elementor-element elementor-element-60dd4813 elementor-icon-list--layout-inline elementor-align-center elementor-list-item-link-full_width elementor-widget elementor-widget-icon-list\" data-id=\"60dd4813\" data-element_type=\"widget\" data-widget_type=\"icon-list.default\">\n\t\t\t\t<div class=\"elementor-widget-container\">\n\t\t\t<link rel=\"stylesheet\" href=\"https:\/\/dekoralboya.com.tr\/wp-content\/plugins\/elementor\/assets\/css\/widget-icon-list.min.css\">\t\t<ul class=\"elementor-icon-list-items elementor-inline-items\">\n\t\t\t\t\t\t\t<li class=\"elementor-icon-list-item elementor-inline-item\">\n\t\t\t\t\t\t\t\t\t\t\t<a href=\"https:\/\/dekoralboya.com.tr\/\">\n\n\t\t\t\t\t\t\t\t\t\t\t<span class=\"elementor-icon-list-text\">Anasayfa<\/span>\n\t\t\t\t\t\t\t\t\t\t\t<\/a>\n\t\t\t\t\t\t\t\t\t<\/li>\n\t\t\t\t\t\t<\/ul>\n\t\t\t\t<\/div>\n\t\t\t\t<\/div>\n\t\t\t\t\t<\/div>\n\t\t<\/div>\n\t\t\t\t\t\t\t<\/div>\n\t\t<\/section>\n\t\t<div class=\"elementor-element elementor-element-8bb2d41 e-flex e-con-boxed e-con\" data-id=\"8bb2d41\" data-element_type=\"container\" data-settings=\"{&quot;content_width&quot;:&quot;boxed&quot;}\">\n\t\t\t\t\t<div class=\"e-con-inner\">\n\t\t\t\t<div class=\"elementor-element elementor-element-fff76f2 elementor-widget elementor-widget-html\" data-id=\"fff76f2\" data-element_type=\"widget\" data-widget_type=\"html.default\">\n\t\t\t\t<div class=\"elementor-widget-container\">\n\t\t\t<!DOCTYPE html>\r\n<html lang=\"tr\" class=\"scroll-smooth\">\r\n<head>\r\n    <meta charset=\"UTF-8\">\r\n    <meta name=\"viewport\" content=\"width=device-width, initial-scale=1.0\">\r\n    <title>Dekoral Boya - Hayata Renk Kat<\/title>\r\n    <script src=\"https:\/\/cdn.tailwindcss.com\"><\/script>\r\n    <link rel=\"preconnect\" href=\"https:\/\/fonts.googleapis.com\">\r\n    <link rel=\"preconnect\" href=\"https:\/\/fonts.gstatic.com\" crossorigin>\r\n    <link href=\"https:\/\/fonts.googleapis.com\/css2?family=Inter:wght@400;500;600;700&display=swap\" rel=\"stylesheet\">\r\n    <style>\r\n        body {\r\n            font-family: 'Inter', sans-serif;\r\n        }\r\n        .hero-bg {\r\n            background-image: linear-gradient(rgba(0, 0, 0, 0.5), rgba(0, 0, 0, 0.5)), url('https:\/\/placehold.co\/1920x1080\/a7c0cd\/ffffff?text=Dekoral+Boya');\r\n            background-size: cover;\r\n            background-position: center;\r\n        }\r\n    <\/style>\r\n<\/head>\r\n<body class=\"bg-gray-50 text-gray-800\">\r\n\r\n    <!-- Header \/ Navigasyon -->\r\n    <header class=\"bg-white shadow-md sticky top-0 z-50\">\r\n        <div class=\"container mx-auto px-6 py-4 flex justify-between items-center\">\r\n            <a href=\"#\" class=\"text-2xl font-bold text-blue-800\">DEKORAL<\/a>\r\n            <nav class=\"hidden md:flex space-x-8\">\r\n                <a href=\"#hakkimizda\" class=\"text-gray-600 hover:text-blue-600 transition duration-300\">Hakk\u0131m\u0131zda<\/a>\r\n                <a href=\"#haberler\" class=\"text-gray-600 hover:text-blue-600 transition duration-300\">Haberler<\/a>\r\n            <\/nav>\r\n            <button id=\"mobile-menu-button\" class=\"md:hidden text-gray-800 focus:outline-none\">\r\n                <svg class=\"w-6 h-6\" fill=\"none\" stroke=\"currentColor\" viewBox=\"0 0 24 24\" xmlns=\"http:\/\/www.w3.org\/2000\/svg\"><path stroke-linecap=\"round\" stroke-linejoin=\"round\" stroke-width=\"2\" d=\"M4 6h16M4 12h16m-7 6h7\"><\/path><\/svg>\r\n            <\/button>\r\n        <\/div>\r\n        <!-- Mobil Men\u00fc -->\r\n        <div id=\"mobile-menu\" class=\"hidden md:hidden px-6 pb-4\">\r\n            <a href=\"#hakkimizda\" class=\"block py-2 text-gray-600 hover:text-blue-600\">Hakk\u0131m\u0131zda<\/a>\r\n            <a href=\"#haberler\" class=\"block py-2 text-gray-600 hover:text-blue-600\">Haberler<\/a>\r\n        <\/div>\r\n    <\/header>\r\n\r\n    <main>\r\n        <!-- Hero B\u00f6l\u00fcm\u00fc -->\r\n        <section class=\"hero-bg text-white\">\r\n            <div class=\"container mx-auto px-6 py-32 text-center\">\r\n                <h1 class=\"text-4xl md:text-6xl font-bold mb-4\">Hayata Renk Kat\u0131n<\/h1>\r\n                <p class=\"text-lg md:text-xl max-w-3xl mx-auto mb-8\">Yenilik\u00e7i ve kaliteli boya \u00e7\u00f6z\u00fcmlerimizle mekanlar\u0131n\u0131za de\u011fer kat\u0131yoruz. S\u00fcrd\u00fcr\u00fclebilir ve estetik \u00fcr\u00fcnlerle hayallerinizi renklendiriyoruz.<\/p>\r\n                <a href=\"#hakkimizda\" class=\"bg-white text-blue-600 font-bold px-8 py-3 rounded-lg hover:bg-gray-200 transition duration-300\">Daha Fazlas\u0131n\u0131 \u00d6\u011frenin<\/a>\r\n            <\/div>\r\n        <\/section>\r\n\r\n        <!-- Yeni Hakk\u0131m\u0131zda B\u00f6l\u00fcm\u00fc -->\r\n        <section id=\"hakkimizda\" class=\"py-20 bg-white\">\r\n            <div class=\"container mx-auto px-6 max-w-4xl\">\r\n                <div class=\"text-center mb-12\">\r\n                    <h2 class=\"text-3xl md:text-4xl font-bold text-gray-800\">Hakk\u0131m\u0131zda<\/h2>\r\n                <\/div>\r\n                <div class=\"text-left text-gray-600 space-y-4 leading-relaxed\">\r\n                    <p>Dekoral Boya bir boya kimya \u00fcretim tesisi ve d\u00fcnyan\u0131n \u00f6nde gelen end\u00fcstri boyalar\u0131 markalar\u0131n\u0131n b\u00f6lge distrib\u00fct\u00f6r\u00fcd\u00fcr. Partnerlerimizle birlikte projelerinize de\u011fer veriyor, daha kaliteli haliyle pazara sunmak i\u00e7in yard\u0131mc\u0131 olmaya \u00e7al\u0131\u015f\u0131yoruz.<\/p>\r\n                    <p>Emeklerinize renk katarken, bir taraftan da her t\u00fcrl\u00fc y\u00fczeye\/zemine yenilik getiriyoruz. Y\u00fczeyleri daha uzun s\u00fcre dayanacak \u015fekilde koruyor, renk ve tasar\u0131mlarla de\u011fer kat\u0131yor, daha kullan\u0131\u015fl\u0131 hale getirmek i\u00e7in \u00f6zel fonksiyonlar kazand\u0131r\u0131yoruz.<\/p>\r\n                    <p>Konfor, emniyet ve g\u00fcvenli alanlar olu\u015fturma gibi post modern hayat\u0131n yeni rollerine ve yeni konu ba\u015fl\u0131klar\u0131na Ar-GE\u2019mizde yer veriyoruz. Sanayile\u015fen topluluklar\u0131n ihtiya\u00e7lar\u0131na t\u00fcm olanaklar\u0131m\u0131z\u0131 kullanarak cevap vermeye gayret ediyoruz. Partnerlerimizin ve m\u00fc\u015fterilerimizin d\u00f6n\u00fc\u015fen, de\u011fi\u015fen ihtiya\u00e7lar\u0131na h\u0131zl\u0131 ve anlaml\u0131 katk\u0131 sunmak i\u00e7in var g\u00fcc\u00fcm\u00fczle \u00e7al\u0131\u015f\u0131yoruz.<\/p>\r\n                    <p>CORAL markas\u0131 ve PPG, Selemix, Zinga, Mirka gibi d\u00fcnya devi partnerleriyle birlikte b\u00fcy\u00fcmeye ve siz de\u011ferli m\u00fc\u015fterilerimizi b\u00fcy\u00fctmeye devam ediyoruz. Dekoral Boya olarak uzun s\u00fcreli dostluklar kurabilece\u011fimiz ortakl\u0131klar\u0131 \u00f6nemsiyoruz.<\/p>\r\n                    <p>End\u00fcstri boyalar\u0131, genel end\u00fcstri, ara\u00e7 \u00fcst\u00fc ekipman, tar\u0131m ve \u00e7e\u015fitli makina ve aletleri ile her t\u00fcrl\u00fc \u00e7elik yap\u0131 projelerinde g\u00fcvenilir boya uzman\u0131n\u0131z olarak 7\/24 hizmetinizdeyiz. \u00d6zel projelerinizde, farkl\u0131 kal\u0131nl\u0131k ve kalite standartlar\u0131nda sonu\u00e7 bekledi\u011finiz epoksi, poli\u00fcretan, akrilik, sentetik ve end\u00fcstriyel boya ihtiya\u00e7lar\u0131n\u0131zda bir telefonunuz yeterli.<\/p>\r\n                    <p>Bizler ilk g\u00fcnk\u00fc heyecanla boya sekt\u00f6r\u00fcn\u00fcn ve siz de\u011ferli m\u00fc\u015fterilerimizin de\u011fi\u015fen ve d\u00f6n\u00fc\u015fen ihtiya\u00e7lar\u0131na cevap vermek i\u00e7in \u00e7al\u0131\u015f\u0131yoruz. Orta ve uzun vadeli yak\u0131n gelece\u011fi \u00f6ng\u00f6ren bir zihniyetle, sekt\u00f6rel geli\u015fimi destekleyen yenilik\u00e7i \u00e7\u00f6z\u00fcmler sunmaya devam edebilme dile\u011fiyle;<\/p>\r\n                    <p class=\"font-semibold text-gray-800 mt-6 text-right\">Ziya \u00c7ANKAL<\/p>\r\n                <\/div>\r\n            <\/div>\r\n        <\/section>\r\n\r\n        <!-- Haberler \/ LinkedIn B\u00f6l\u00fcm\u00fc -->\r\n        <section id=\"haberler\" class=\"py-20 bg-gray-50\">\r\n            <div class=\"container mx-auto px-6\">\r\n                <!-- LinkedIn Y\u00f6nlendirme -->\r\n                <div class=\"text-center bg-white p-8 rounded-lg shadow-lg border border-blue-100 max-w-4xl mx-auto\">\r\n                    <h3 class=\"text-2xl font-semibold text-gray-800 mb-3\">En G\u00fcncel Geli\u015fmeler \u0130\u00e7in Bizi Takip Edin!<\/h3>\r\n                    <p class=\"text-gray-600 mb-6 max-w-2xl mx-auto\">Sekt\u00f6rdeki en son yenilikleri, \u015firketimizle ilgili duyurular\u0131 ve projelerimizi an\u0131nda \u00f6\u011frenmek i\u00e7in kurumsal LinkedIn sayfam\u0131z\u0131 ziyaret edebilirsiniz.<\/p>\r\n                    <a href=\"https:\/\/tr.linkedin.com\/company\/dekoralboya\" target=\"_blank\" rel=\"noopener noreferrer\" class=\"inline-flex items-center bg-blue-600 text-white font-bold px-6 py-3 rounded-lg hover:bg-blue-700 transition-transform transform hover:scale-105 duration-300\">\r\n                        <svg class=\"w-5 h-5 mr-3\" fill=\"currentColor\" viewBox=\"0 0 24 24\" aria-hidden=\"true\"><path d=\"M19 0h-14c-2.761 0-5 2.239-5 5v14c0 2.761 2.239 5 5 5h14c2.762 0 5-2.239 5-5v-14c0-2.761-2.238-5-5-5zm-11 19h-3v-11h3v11zm-1.5-12.268c-.966 0-1.75-.79-1.75-1.764s.784-1.764 1.75-1.764 1.75.79 1.75 1.764-.783 1.764-1.75 1.764zm13.5 12.268h-3v-5.604c0-3.368-4-3.113-4 0v5.604h-3v-11h3v1.765c1.396-2.586 7-2.777 7 2.476v6.759z\"\/><\/svg>\r\n                        LinkedIn'de Takip Edin\r\n                    <\/a>\r\n                <\/div>\r\n            <\/div>\r\n        <\/section>\r\n\r\n    <\/main>\r\n\r\n    <!-- Footer -->\r\n    <footer class=\"bg-gray-800 text-white\">\r\n        <div class=\"container mx-auto px-6 py-12\">\r\n            <div class=\"grid grid-cols-1 md:grid-cols-4 gap-8\">\r\n                <div>\r\n                    <h3 class=\"text-xl font-bold mb-4\">DEKORAL<\/h3>\r\n                    <p class=\"text-gray-400\">PPG'nin bir par\u00e7as\u0131 olarak hayata renk kat\u0131yoruz.<\/p>\r\n                <\/div>\r\n                <div>\r\n                    <h4 class=\"font-semibold mb-4\">H\u0131zl\u0131 Eri\u015fim<\/h4>\r\n                    <ul>\r\n                        <li class=\"mb-2\"><a href=\"#hakkimizda\" class=\"text-gray-400 hover:text-white\">Hakk\u0131m\u0131zda<\/a><\/li>\r\n                        <li class=\"mb-2\"><a href=\"#haberler\" class=\"text-gray-400 hover:text-white\">Haberler<\/a><\/li>\r\n                    <\/ul>\r\n                <\/div>\r\n                <div>\r\n                    <h4 class=\"font-semibold mb-4\">Yasal<\/h4>\r\n                     <ul>\r\n                        <li class=\"mb-2\"><a href=\"#\" class=\"text-gray-400 hover:text-white\">Gizlilik Politikas\u0131<\/a><\/li>\r\n                        <li class=\"mb-2\"><a href=\"#\" class=\"text-gray-400 hover:text-white\">Kullan\u0131m Ko\u015fullar\u0131<\/a><\/li>\r\n                    <\/ul>\r\n                <\/div>\r\n                <div>\r\n                    <h4 class=\"font-semibold mb-4\">Bizi Takip Edin<\/h4>\r\n                    <div class=\"flex space-x-4\">\r\n                        <a href=\"https:\/\/tr.linkedin.com\/company\/dekoralboya\" target=\"_blank\" class=\"text-gray-400 hover:text-white\" rel=\"noopener\">\r\n                            <svg class=\"w-6 h-6\" fill=\"currentColor\" viewBox=\"0 0 24 24\" aria-hidden=\"true\"><path fill-rule=\"evenodd\" d=\"M19 0h-14c-2.761 0-5 2.239-5 5v14c0 2.761 2.239 5 5 5h14c2.762 0 5-2.239 5-5v-14c0-2.761-2.238-5-5-5zm-11 19h-3v-11h3v11zm-1.5-12.268c-.966 0-1.75-.79-1.75-1.764s.784-1.764 1.75-1.764 1.75.79 1.75 1.764-.783 1.764-1.75 1.764zm13.5 12.268h-3v-5.604c0-3.368-4-3.113-4 0v5.604h-3v-11h3v1.765c1.396-2.586 7-2.777 7 2.476v6.759z\" clip-rule=\"evenodd\"\/><\/svg>\r\n                        <\/a>\r\n                        <!-- Di\u011fer sosyal medya ikonlar\u0131 buraya eklenebilir -->\r\n                    <\/div>\r\n                <\/div>\r\n            <\/div>\r\n            <div class=\"mt-12 border-t border-gray-700 pt-8 text-center text-gray-500\">\r\n                <p>&copy; 2024 Dekoral Boya San. ve Tic. A.\u015e. T\u00fcm haklar\u0131 sakl\u0131d\u0131r.<\/p>\r\n            <\/div>\r\n        <\/div>\r\n    <\/footer>\r\n\r\n    <script>\r\n        const mobileMenuButton = document.getElementById('mobile-menu-button');\r\n        const mobileMenu = document.getElementById('mobile-menu');\r\n\r\n        mobileMenuButton.addEventListener('click', () => {\r\n            mobileMenu.classList.toggle('hidden');\r\n        });\r\n    <\/script>\r\n<\/body>\r\n<\/html>\r\n\r\n\t\t<\/div>\n\t\t\t\t<\/div>\n\t\t\t\t\t<\/div>\n\t\t\t\t<\/div>\n\t\t\t\t\t\t\t<\/div>\n\t\t","protected":false},"excerpt":{"rendered":"<p>KURUMSAL HABERLER Anasayfa Dekoral Boya &#8211; Hayata Renk Kat DEKORAL Hakk\u0131m\u0131zda Haberler Hakk\u0131m\u0131zda Haberler Hayata Renk Kat\u0131n Yenilik\u00e7i ve kaliteli boya \u00e7\u00f6z\u00fcmlerimizle mekanlar\u0131n\u0131za de\u011fer kat\u0131yoruz. S\u00fcrd\u00fcr\u00fclebilir ve estetik \u00fcr\u00fcnlerle hayallerinizi renklendiriyoruz. Daha Fazlas\u0131n\u0131 \u00d6\u011frenin Hakk\u0131m\u0131zda Dekoral Boya bir boya kimya \u00fcretim tesisi ve d\u00fcnyan\u0131n \u00f6nde gelen end\u00fcstri boyalar\u0131 markalar\u0131n\u0131n b\u00f6lge distrib\u00fct\u00f6r\u00fcd\u00fcr. Partnerlerimizle birlikte projelerinize de\u011fer veriyor, daha kaliteli haliyle pazara&#8230;<\/p>\n","protected":false},"author":1,"featured_media":0,"parent":0,"menu_order":0,"comment_status":"closed","ping_status":"closed","template":"elementor_header_footer","meta":{"footnotes":""},"_links":{"self":[{"href":"https:\/\/dekoralboya.com.tr\/index.php\/wp-json\/wp\/v2\/pages\/5825"}],"collection":[{"href":"https:\/\/dekoralboya.com.tr\/index.php\/wp-json\/wp\/v2\/pages"}],"about":[{"href":"https:\/\/dekoralboya.com.tr\/index.php\/wp-json\/wp\/v2\/types\/page"}],"author":[{"embeddable":true,"href":"https:\/\/dekoralboya.com.tr\/index.php\/wp-json\/wp\/v2\/users\/1"}],"replies":[{"embeddable":true,"href":"https:\/\/dekoralboya.com.tr\/index.php\/wp-json\/wp\/v2\/comments?post=5825"}],"version-history":[{"count":7,"href":"https:\/\/dekoralboya.com.tr\/index.php\/wp-json\/wp\/v2\/pages\/5825\/revisions"}],"predecessor-version":[{"id":5834,"href":"https:\/\/dekoralboya.com.tr\/index.php\/wp-json\/wp\/v2\/pages\/5825\/revisions\/5834"}],"wp:attachment":[{"href":"https:\/\/dekoralboya.com.tr\/index.php\/wp-json\/wp\/v2\/media?parent=5825"}],"curies":[{"name":"wp","href":"https:\/\/api.w.org\/{rel}","templated":true}]}}