{"id":5069,"date":"2023-10-03T08:46:05","date_gmt":"2023-10-03T05:46:05","guid":{"rendered":"https:\/\/dekoralboya.com.tr\/?page_id=5069"},"modified":"2024-02-07T08:15:45","modified_gmt":"2024-02-07T05:15:45","slug":"dekoral","status":"publish","type":"page","link":"https:\/\/dekoralboya.com.tr\/index.php\/dekoral\/","title":{"rendered":"Dekoral"},"content":{"rendered":"\t\t<div data-elementor-type=\"wp-page\" data-elementor-id=\"5069\" class=\"elementor elementor-5069\">\n\t\t\t\t\t\t\t\t\t<section class=\"elementor-section elementor-top-section elementor-element elementor-element-a510905 elementor-section-boxed elementor-section-height-default elementor-section-height-default\" data-id=\"a510905\" data-element_type=\"section\">\n\t\t\t\t\t\t<div class=\"elementor-container elementor-column-gap-no\">\n\t\t\t\t\t<div class=\"elementor-column elementor-col-100 elementor-top-column elementor-element elementor-element-8880e26\" data-id=\"8880e26\" data-element_type=\"column\" data-settings=\"{&quot;background_background&quot;:&quot;gradient&quot;}\">\n\t\t\t<div class=\"elementor-widget-wrap elementor-element-populated\">\n\t\t\t\t\t\t\t\t<div class=\"elementor-element elementor-element-c2b741d elementor-widget elementor-widget-heading\" data-id=\"c2b741d\" data-element_type=\"widget\" data-widget_type=\"heading.default\">\n\t\t\t\t<div class=\"elementor-widget-container\">\n\t\t\t<style>\/*! elementor - v3.14.0 - 26-06-2023 *\/\n.elementor-heading-title{padding:0;margin:0;line-height:1}.elementor-widget-heading .elementor-heading-title[class*=elementor-size-]>a{color:inherit;font-size:inherit;line-height:inherit}.elementor-widget-heading .elementor-heading-title.elementor-size-small{font-size:15px}.elementor-widget-heading .elementor-heading-title.elementor-size-medium{font-size:19px}.elementor-widget-heading .elementor-heading-title.elementor-size-large{font-size:29px}.elementor-widget-heading .elementor-heading-title.elementor-size-xl{font-size:39px}.elementor-widget-heading .elementor-heading-title.elementor-size-xxl{font-size:59px}<\/style><h1 class=\"elementor-heading-title elementor-size-default\">DEKORAL<\/h1>\t\t<\/div>\n\t\t\t\t<\/div>\n\t\t\t\t<div class=\"elementor-element elementor-element-1883dca elementor-align-center elementor-icon-list--layout-traditional elementor-list-item-link-full_width elementor-widget elementor-widget-icon-list\" data-id=\"1883dca\" data-element_type=\"widget\" data-widget_type=\"icon-list.default\">\n\t\t\t\t<div class=\"elementor-widget-container\">\n\t\t\t<link rel=\"stylesheet\" href=\"https:\/\/dekoralboya.com.tr\/wp-content\/plugins\/elementor\/assets\/css\/widget-icon-list.min.css\">\t\t<ul class=\"elementor-icon-list-items\">\n\t\t\t\t\t\t\t<li class=\"elementor-icon-list-item\">\n\t\t\t\t\t\t\t\t\t\t\t<a href=\"https:\/\/coralpaints.com.tr\/urunler?d=TR\" target=\"_blank\" coral=\"\" rel=\"noopener\">\n\n\t\t\t\t\t\t\t\t\t\t\t<span class=\"elementor-icon-list-text\">Anasayfa<\/span>\n\t\t\t\t\t\t\t\t\t\t\t<\/a>\n\t\t\t\t\t\t\t\t\t<\/li>\n\t\t\t\t\t\t<\/ul>\n\t\t\t\t<\/div>\n\t\t\t\t<\/div>\n\t\t\t\t\t<\/div>\n\t\t<\/div>\n\t\t\t\t\t\t\t<\/div>\n\t\t<\/section>\n\t\t\t\t<section class=\"elementor-section elementor-top-section elementor-element elementor-element-7b584f1 elementor-section-boxed elementor-section-height-default elementor-section-height-default\" data-id=\"7b584f1\" data-element_type=\"section\">\n\t\t\t\t\t\t<div class=\"elementor-container elementor-column-gap-no\">\n\t\t\t\t\t<div class=\"elementor-column elementor-col-50 elementor-top-column elementor-element elementor-element-52a27b0\" data-id=\"52a27b0\" data-element_type=\"column\">\n\t\t\t<div class=\"elementor-widget-wrap elementor-element-populated\">\n\t\t\t\t\t\t\t\t<div class=\"elementor-element elementor-element-c5dbabd animated-slow elementor-invisible elementor-widget elementor-widget-image\" data-id=\"c5dbabd\" data-element_type=\"widget\" data-settings=\"{&quot;_animation&quot;:&quot;fadeInUp&quot;}\" data-widget_type=\"image.default\">\n\t\t\t\t<div class=\"elementor-widget-container\">\n\t\t\t<style>\/*! elementor - v3.14.0 - 26-06-2023 *\/\n.elementor-widget-image{text-align:center}.elementor-widget-image a{display:inline-block}.elementor-widget-image a img[src$=\".svg\"]{width:48px}.elementor-widget-image img{vertical-align:middle;display:inline-block}<\/style>\t\t\t\t\t\t\t\t\t\t\t\t<img decoding=\"async\" width=\"1024\" height=\"768\" src=\"https:\/\/dekoralboya.com.tr\/wp-content\/uploads\/2023\/10\/3-2.jpg\" class=\"attachment-full size-full wp-image-5062\" alt=\"\" srcset=\"https:\/\/dekoralboya.com.tr\/wp-content\/uploads\/2023\/10\/3-2.jpg 1024w, https:\/\/dekoralboya.com.tr\/wp-content\/uploads\/2023\/10\/3-2-300x225.jpg 300w, https:\/\/dekoralboya.com.tr\/wp-content\/uploads\/2023\/10\/3-2-768x576.jpg 768w, https:\/\/dekoralboya.com.tr\/wp-content\/uploads\/2023\/10\/3-2-600x450.jpg 600w\" sizes=\"(max-width: 1024px) 100vw, 1024px\" \/>\t\t\t\t\t\t\t\t\t\t\t\t\t\t\t<\/div>\n\t\t\t\t<\/div>\n\t\t\t\t\t<\/div>\n\t\t<\/div>\n\t\t\t\t<div class=\"elementor-column elementor-col-50 elementor-top-column elementor-element elementor-element-837fc62\" data-id=\"837fc62\" data-element_type=\"column\">\n\t\t\t<div class=\"elementor-widget-wrap elementor-element-populated\">\n\t\t\t\t\t\t\t\t<div class=\"elementor-element elementor-element-1a6300b elementor-invisible elementor-widget elementor-widget-heading\" data-id=\"1a6300b\" data-element_type=\"widget\" data-settings=\"{&quot;_animation&quot;:&quot;bounceInLeft&quot;,&quot;_animation_delay&quot;:300}\" data-widget_type=\"heading.default\">\n\t\t\t\t<div class=\"elementor-widget-container\">\n\t\t\t<h2 class=\"elementor-heading-title elementor-size-default\">Evini Yenile, Ya\u015fam\u0131na Renk Kat!<\/h2>\t\t<\/div>\n\t\t\t\t<\/div>\n\t\t\t\t<div class=\"elementor-element elementor-element-10f17f1 elementor-widget elementor-widget-heading\" data-id=\"10f17f1\" data-element_type=\"widget\" data-widget_type=\"heading.default\">\n\t\t\t\t<div class=\"elementor-widget-container\">\n\t\t\t<p class=\"elementor-heading-title elementor-size-default\">Herkesin hayali, kendine ait bir yuvada huzurlu ve mutlu bir ya\u015fam s\u00fcrmek. Eviniz, karakterinizin yans\u0131mas\u0131d\u0131r ve onu \u00f6zg\u00fcn k\u0131lan \u015fey, ki\u015fiselle\u015ftirmenizdir. \u0130\u015fte bu noktada Dekoral Boya olarak hayat\u0131n\u0131za renk kat\u0131yor, mekanlar\u0131n\u0131za \u00f6zg\u00fcnl\u00fck kazand\u0131r\u0131yoruz<\/p>\t\t<\/div>\n\t\t\t\t<\/div>\n\t\t\t\t<div class=\"elementor-element elementor-element-fa5057e elementor-align-center elementor-tablet-align-left elementor-widget elementor-widget-button\" data-id=\"fa5057e\" data-element_type=\"widget\" data-widget_type=\"button.default\">\n\t\t\t\t<div class=\"elementor-widget-container\">\n\t\t\t\t\t<div class=\"elementor-button-wrapper\">\n\t\t\t<a class=\"elementor-button elementor-button-link elementor-size-md\" href=\"https:\/\/drive.google.com\/file\/d\/1XhlOc72KVD1Ctxc8bd1E8rwbCst1ClGb\/view?usp=sharing\" target=\"_blank\" coral=\"\" rel=\"noopener\">\n\t\t\t\t\t\t<span class=\"elementor-button-content-wrapper\">\n\t\t\t\t\t\t<span class=\"elementor-button-text\">DAHA FAZLASI \u0130\u00c7\u0130N<\/span>\n\t\t<\/span>\n\t\t\t\t\t<\/a>\n\t\t<\/div>\n\t\t\t\t<\/div>\n\t\t\t\t<\/div>\n\t\t\t\t\t<\/div>\n\t\t<\/div>\n\t\t\t\t\t\t\t<\/div>\n\t\t<\/section>\n\t\t\t\t<section class=\"elementor-section elementor-top-section elementor-element elementor-element-bbb776e elementor-reverse-mobile elementor-section-boxed elementor-section-height-default elementor-section-height-default\" data-id=\"bbb776e\" data-element_type=\"section\">\n\t\t\t\t\t\t<div class=\"elementor-container elementor-column-gap-no\">\n\t\t\t\t\t<div class=\"elementor-column elementor-col-50 elementor-top-column elementor-element elementor-element-cf59f79\" data-id=\"cf59f79\" data-element_type=\"column\">\n\t\t\t<div class=\"elementor-widget-wrap elementor-element-populated\">\n\t\t\t\t\t\t\t\t<div class=\"elementor-element elementor-element-7d75721 elementor-invisible elementor-widget elementor-widget-heading\" data-id=\"7d75721\" data-element_type=\"widget\" data-settings=\"{&quot;_animation&quot;:&quot;bounceInLeft&quot;,&quot;_animation_delay&quot;:300}\" data-widget_type=\"heading.default\">\n\t\t\t\t<div class=\"elementor-widget-container\">\n\t\t\t<h2 class=\"elementor-heading-title elementor-size-default\">S\u0130L\u0130KONLU \u0130\u00c7 CEPHE BOYASI<\/h2>\t\t<\/div>\n\t\t\t\t<\/div>\n\t\t\t\t<div class=\"elementor-element elementor-element-aec52e3 elementor-widget elementor-widget-heading\" data-id=\"aec52e3\" data-element_type=\"widget\" data-widget_type=\"heading.default\">\n\t\t\t\t<div class=\"elementor-widget-container\">\n\t\t\t<p class=\"elementor-heading-title elementor-size-default\">Dekoral \u00fcst\u00fcn beyazl\u0131k ve \u00f6rt\u00fcc\u00fcl\u00fckte, \u00f6zel yumu\u015fak dokuda yar\u0131mat su\nbazl\u0131 silikonlu i\u00e7 cephe sonkat boyas\u0131d\u0131r.\n\u00d6zel dokusu ile yumu\u015fak y\u00fczey hissi verir. \u00dcst\u00fcn beyazl\u0131\u011f\u0131 ile daha\nayd\u0131nl\u0131k ve temiz ortamlar sa\u011flar. Decora form\u00fcl\u00fcnde kullan\u0131lan \u00f6zel\ndolgular sayesinde benzersiz bir yumu\u015fak dokuya sahiptir. Y\u00fcksek su\nkald\u0131rma \u00f6zelli\u011fine sahiptir.<\/p>\t\t<\/div>\n\t\t\t\t<\/div>\n\t\t\t\t<div class=\"elementor-element elementor-element-3a261dd elementor-align-center elementor-tablet-align-left elementor-widget elementor-widget-button\" data-id=\"3a261dd\" data-element_type=\"widget\" data-widget_type=\"button.default\">\n\t\t\t\t<div class=\"elementor-widget-container\">\n\t\t\t\t\t<div class=\"elementor-button-wrapper\">\n\t\t\t<a class=\"elementor-button elementor-button-link elementor-size-md\" href=\"https:\/\/dekoralboya.com.tr\/index.php\/iletisim\/\" target=\"_blank\" coral=\"\">\n\t\t\t\t\t\t<span class=\"elementor-button-content-wrapper\">\n\t\t\t\t\t\t<span class=\"elementor-button-text\">DAHA FAZLASI \u0130\u00c7\u0130N<\/span>\n\t\t<\/span>\n\t\t\t\t\t<\/a>\n\t\t<\/div>\n\t\t\t\t<\/div>\n\t\t\t\t<\/div>\n\t\t\t\t\t<\/div>\n\t\t<\/div>\n\t\t\t\t<div class=\"elementor-column elementor-col-50 elementor-top-column elementor-element elementor-element-65e985e\" data-id=\"65e985e\" data-element_type=\"column\">\n\t\t\t<div class=\"elementor-widget-wrap elementor-element-populated\">\n\t\t\t\t\t\t\t\t<div class=\"elementor-element elementor-element-2bf960e animated-slow elementor-invisible elementor-widget elementor-widget-image\" data-id=\"2bf960e\" data-element_type=\"widget\" data-settings=\"{&quot;_animation&quot;:&quot;fadeInUp&quot;}\" data-widget_type=\"image.default\">\n\t\t\t\t<div class=\"elementor-widget-container\">\n\t\t\t\t\t\t\t\t\t\t\t\t\t\t\t<img decoding=\"async\" width=\"149\" height=\"157\" src=\"https:\/\/dekoralboya.com.tr\/wp-content\/uploads\/2024\/02\/Ekran-goruntusu-2024-02-06-171255.png\" class=\"attachment-full size-full wp-image-5707\" alt=\"\" \/>\t\t\t\t\t\t\t\t\t\t\t\t\t\t\t<\/div>\n\t\t\t\t<\/div>\n\t\t\t\t\t<\/div>\n\t\t<\/div>\n\t\t\t\t\t\t\t<\/div>\n\t\t<\/section>\n\t\t\t\t<section class=\"elementor-section elementor-top-section elementor-element elementor-element-f98ad81 elementor-section-boxed elementor-section-height-default elementor-section-height-default\" data-id=\"f98ad81\" data-element_type=\"section\">\n\t\t\t\t\t\t<div class=\"elementor-container elementor-column-gap-no\">\n\t\t\t\t\t<div class=\"elementor-column elementor-col-50 elementor-top-column elementor-element elementor-element-ecb2358\" data-id=\"ecb2358\" data-element_type=\"column\">\n\t\t\t<div class=\"elementor-widget-wrap elementor-element-populated\">\n\t\t\t\t\t\t\t\t<div class=\"elementor-element elementor-element-2cb7fc7 animated-slow elementor-invisible elementor-widget elementor-widget-image\" data-id=\"2cb7fc7\" data-element_type=\"widget\" data-settings=\"{&quot;_animation&quot;:&quot;fadeInUp&quot;}\" data-widget_type=\"image.default\">\n\t\t\t\t<div class=\"elementor-widget-container\">\n\t\t\t\t\t\t\t\t\t\t\t\t\t\t\t<img decoding=\"async\" width=\"150\" height=\"161\" src=\"https:\/\/dekoralboya.com.tr\/wp-content\/uploads\/2024\/02\/Ekran-goruntusu-2024-02-06-171422.png\" class=\"attachment-full size-full wp-image-5708\" alt=\"\" \/>\t\t\t\t\t\t\t\t\t\t\t\t\t\t\t<\/div>\n\t\t\t\t<\/div>\n\t\t\t\t\t<\/div>\n\t\t<\/div>\n\t\t\t\t<div class=\"elementor-column elementor-col-50 elementor-top-column elementor-element elementor-element-1340bfa\" data-id=\"1340bfa\" data-element_type=\"column\">\n\t\t\t<div class=\"elementor-widget-wrap elementor-element-populated\">\n\t\t\t\t\t\t\t\t<div class=\"elementor-element elementor-element-07d10c7 elementor-invisible elementor-widget elementor-widget-heading\" data-id=\"07d10c7\" data-element_type=\"widget\" data-settings=\"{&quot;_animation&quot;:&quot;bounceInLeft&quot;,&quot;_animation_delay&quot;:300}\" data-widget_type=\"heading.default\">\n\t\t\t\t<div class=\"elementor-widget-container\">\n\t\t\t<h2 class=\"elementor-heading-title elementor-size-default\">PLAST\u0130K \u0130\u00c7 CEPHE BOYASI<\/h2>\t\t<\/div>\n\t\t\t\t<\/div>\n\t\t\t\t<div class=\"elementor-element elementor-element-e7f779e elementor-widget elementor-widget-heading\" data-id=\"e7f779e\" data-element_type=\"widget\" data-widget_type=\"heading.default\">\n\t\t\t\t<div class=\"elementor-widget-container\">\n\t\t\t<p class=\"elementor-heading-title elementor-size-default\">Dekoral  \u00fcst\u00fcn beyazl\u0131k ve \u00f6rt\u00fcc\u00fcl\u00fckte, \u00f6zel yumu\u015fak dokuda yar\u0131mat su\nbazl\u0131 plastik ekonomik i\u00e7 cephe sonkat boyas\u0131d\u0131r.\n\u00d6zel dokusu ile yumu\u015fak y\u00fczey hissi verir. \u00dcst\u00fcn beyazl\u0131\u011f\u0131 ile daha\nayd\u0131nl\u0131k ve temiz ortamlar sa\u011flar.Dekoral  form\u00fcl\u00fcnde kullan\u0131lan \u00f6zel\ndolgular sayesinde benzersiz bir yumu\u015fak dokuya sahiptir. Uyguland\u0131\u011f\u0131\ny\u00fczey ile b\u00fct\u00fcnle\u015fir. Kabarma ve d\u00f6k\u00fclme yapmaz.<\/p>\t\t<\/div>\n\t\t\t\t<\/div>\n\t\t\t\t<div class=\"elementor-element elementor-element-3e7355b elementor-align-center elementor-tablet-align-left elementor-widget elementor-widget-button\" data-id=\"3e7355b\" data-element_type=\"widget\" data-widget_type=\"button.default\">\n\t\t\t\t<div class=\"elementor-widget-container\">\n\t\t\t\t\t<div class=\"elementor-button-wrapper\">\n\t\t\t<a class=\"elementor-button elementor-button-link elementor-size-md\" href=\"https:\/\/dekoralboya.com.tr\/index.php\/iletisim\/\" target=\"_blank\" coral=\"\">\n\t\t\t\t\t\t<span class=\"elementor-button-content-wrapper\">\n\t\t\t\t\t\t<span class=\"elementor-button-text\">DAHA FAZLASI \u0130\u00c7\u0130N<\/span>\n\t\t<\/span>\n\t\t\t\t\t<\/a>\n\t\t<\/div>\n\t\t\t\t<\/div>\n\t\t\t\t<\/div>\n\t\t\t\t\t<\/div>\n\t\t<\/div>\n\t\t\t\t\t\t\t<\/div>\n\t\t<\/section>\n\t\t\t\t<section class=\"elementor-section elementor-top-section elementor-element elementor-element-d443db3 elementor-reverse-mobile elementor-section-boxed elementor-section-height-default elementor-section-height-default\" data-id=\"d443db3\" data-element_type=\"section\">\n\t\t\t\t\t\t<div class=\"elementor-container elementor-column-gap-no\">\n\t\t\t\t\t<div class=\"elementor-column elementor-col-50 elementor-top-column elementor-element elementor-element-fe9eabd\" data-id=\"fe9eabd\" data-element_type=\"column\">\n\t\t\t<div class=\"elementor-widget-wrap elementor-element-populated\">\n\t\t\t\t\t\t\t\t<div class=\"elementor-element elementor-element-ea0d718 elementor-invisible elementor-widget elementor-widget-heading\" data-id=\"ea0d718\" data-element_type=\"widget\" data-settings=\"{&quot;_animation&quot;:&quot;bounceInLeft&quot;,&quot;_animation_delay&quot;:300}\" data-widget_type=\"heading.default\">\n\t\t\t\t<div class=\"elementor-widget-container\">\n\t\t\t<h2 class=\"elementor-heading-title elementor-size-default\">TAVAN BOYASI<\/h2>\t\t<\/div>\n\t\t\t\t<\/div>\n\t\t\t\t<div class=\"elementor-element elementor-element-19f9861 elementor-widget elementor-widget-heading\" data-id=\"19f9861\" data-element_type=\"widget\" data-widget_type=\"heading.default\">\n\t\t\t\t<div class=\"elementor-widget-container\">\n\t\t\t<p class=\"elementor-heading-title elementor-size-default\">Akrilik em\u00fclsiyon esasl\u0131, beyaz, \u00f6rt\u00fcc\u00fc, \u00f6zel olarak form\u00fcle edilmi\u015f i\u00e7\ncephe tavan boyas\u0131d\u0131r.\nDekoral  Plastik Tavan, geli\u015ftirilmi\u015f yeni form\u00fclasyonuyla al\u00e7\u0131l\u0131 y\u00fczeylerde\nm\u00fckemmel performans g\u00f6sterir. \u0130deal matl\u0131kta, p\u00fcr\u00fczs\u00fcz g\u00f6r\u00fcn\u00fc\u015fl\u00fc,\noptimum beyazl\u0131k ve maksi<\/p>\t\t<\/div>\n\t\t\t\t<\/div>\n\t\t\t\t<div class=\"elementor-element elementor-element-4a57257 elementor-align-center elementor-tablet-align-left elementor-widget elementor-widget-button\" data-id=\"4a57257\" data-element_type=\"widget\" data-widget_type=\"button.default\">\n\t\t\t\t<div class=\"elementor-widget-container\">\n\t\t\t\t\t<div class=\"elementor-button-wrapper\">\n\t\t\t<a class=\"elementor-button elementor-button-link elementor-size-md\" href=\"https:\/\/dekoralboya.com.tr\/index.php\/iletisim\/\" target=\"_blank\" coral=\"\">\n\t\t\t\t\t\t<span class=\"elementor-button-content-wrapper\">\n\t\t\t\t\t\t<span class=\"elementor-button-text\">DAHA FAZLASI \u0130\u00c7\u0130N<\/span>\n\t\t<\/span>\n\t\t\t\t\t<\/a>\n\t\t<\/div>\n\t\t\t\t<\/div>\n\t\t\t\t<\/div>\n\t\t\t\t\t<\/div>\n\t\t<\/div>\n\t\t\t\t<div class=\"elementor-column elementor-col-50 elementor-top-column elementor-element elementor-element-4f51f83\" data-id=\"4f51f83\" data-element_type=\"column\">\n\t\t\t<div class=\"elementor-widget-wrap elementor-element-populated\">\n\t\t\t\t\t\t\t\t<div class=\"elementor-element elementor-element-eb078fd animated-slow elementor-invisible elementor-widget elementor-widget-image\" data-id=\"eb078fd\" data-element_type=\"widget\" data-settings=\"{&quot;_animation&quot;:&quot;fadeInUp&quot;}\" data-widget_type=\"image.default\">\n\t\t\t\t<div class=\"elementor-widget-container\">\n\t\t\t\t\t\t\t\t\t\t\t\t\t\t\t<img decoding=\"async\" width=\"152\" height=\"165\" src=\"https:\/\/dekoralboya.com.tr\/wp-content\/uploads\/2024\/02\/Ekran-goruntusu-2024-02-06-171613.png\" class=\"attachment-full size-full wp-image-5712\" alt=\"\" \/>\t\t\t\t\t\t\t\t\t\t\t\t\t\t\t<\/div>\n\t\t\t\t<\/div>\n\t\t\t\t\t<\/div>\n\t\t<\/div>\n\t\t\t\t\t\t\t<\/div>\n\t\t<\/section>\n\t\t\t\t<section class=\"elementor-section elementor-top-section elementor-element elementor-element-01c0494 elementor-section-boxed elementor-section-height-default elementor-section-height-default\" data-id=\"01c0494\" data-element_type=\"section\">\n\t\t\t\t\t\t<div class=\"elementor-container elementor-column-gap-no\">\n\t\t\t\t\t<div class=\"elementor-column elementor-col-50 elementor-top-column elementor-element elementor-element-6a8feb7\" data-id=\"6a8feb7\" data-element_type=\"column\">\n\t\t\t<div class=\"elementor-widget-wrap elementor-element-populated\">\n\t\t\t\t\t\t\t\t<div class=\"elementor-element elementor-element-549e967 animated-slow elementor-invisible elementor-widget elementor-widget-image\" data-id=\"549e967\" data-element_type=\"widget\" data-settings=\"{&quot;_animation&quot;:&quot;fadeInUp&quot;}\" data-widget_type=\"image.default\">\n\t\t\t\t<div class=\"elementor-widget-container\">\n\t\t\t\t\t\t\t\t\t\t\t\t\t\t\t<img decoding=\"async\" width=\"150\" height=\"165\" src=\"https:\/\/dekoralboya.com.tr\/wp-content\/uploads\/2024\/02\/Ekran-goruntusu-2024-02-06-171726.png\" class=\"attachment-full size-full wp-image-5716\" alt=\"\" \/>\t\t\t\t\t\t\t\t\t\t\t\t\t\t\t<\/div>\n\t\t\t\t<\/div>\n\t\t\t\t\t<\/div>\n\t\t<\/div>\n\t\t\t\t<div class=\"elementor-column elementor-col-50 elementor-top-column elementor-element elementor-element-fabbd38\" data-id=\"fabbd38\" data-element_type=\"column\">\n\t\t\t<div class=\"elementor-widget-wrap elementor-element-populated\">\n\t\t\t\t\t\t\t\t<div class=\"elementor-element elementor-element-933dee7 elementor-invisible elementor-widget elementor-widget-heading\" data-id=\"933dee7\" data-element_type=\"widget\" data-settings=\"{&quot;_animation&quot;:&quot;bounceInLeft&quot;,&quot;_animation_delay&quot;:300}\" data-widget_type=\"heading.default\">\n\t\t\t\t<div class=\"elementor-widget-container\">\n\t\t\t<h2 class=\"elementor-heading-title elementor-size-default\">S\u0130L\u0130KONLU \u0130\u00c7 CEPHE ASTARI<\/h2>\t\t<\/div>\n\t\t\t\t<\/div>\n\t\t\t\t<div class=\"elementor-element elementor-element-0b2cfcc elementor-widget elementor-widget-heading\" data-id=\"0b2cfcc\" data-element_type=\"widget\" data-widget_type=\"heading.default\">\n\t\t\t\t<div class=\"elementor-widget-container\">\n\t\t\t<p class=\"elementor-heading-title elementor-size-default\">Su bazl\u0131, y\u00fcksek penetrasyon ve aderansa sahip, yo\u011fun konsantre astard\u0131r.\nDekoral  Silikonlu \u0130\u00e7 Cephe Astar\u0131, uyguland\u0131\u011f\u0131 y\u00fczeyin emicili\u011fini azalt\u0131r,\nboyan\u0131n erken kurumas\u0131n\u0131 engeller ve farkl\u0131 emicili\u011fe sahip y\u00fczeylerde\nson kat boyada olu\u015fabilecek renk dalgalanmalar\u0131n\u0131 \u00f6nler. Al\u00e7\u0131, kire\u00e7\nbadana, \u00f6zelli\u011fini yitirmi\u015f d\u00fc\u015f\u00fck kaliteli emici plastik boyal\u0131 y\u00fczeyler, gaz\nbeton vb. \u00e7ok emici ve\/veya tozuma karakterli y\u00fczeylerde uygulan\u0131r.<\/p>\t\t<\/div>\n\t\t\t\t<\/div>\n\t\t\t\t<div class=\"elementor-element elementor-element-1647251 elementor-align-center elementor-tablet-align-left elementor-widget elementor-widget-button\" data-id=\"1647251\" data-element_type=\"widget\" data-widget_type=\"button.default\">\n\t\t\t\t<div class=\"elementor-widget-container\">\n\t\t\t\t\t<div class=\"elementor-button-wrapper\">\n\t\t\t<a class=\"elementor-button elementor-button-link elementor-size-md\" href=\"https:\/\/dekoralboya.com.tr\/index.php\/iletisim\/\" target=\"_blank\" coral=\"\">\n\t\t\t\t\t\t<span class=\"elementor-button-content-wrapper\">\n\t\t\t\t\t\t<span class=\"elementor-button-text\">DAHA FAZLASI \u0130\u00c7\u0130N<\/span>\n\t\t<\/span>\n\t\t\t\t\t<\/a>\n\t\t<\/div>\n\t\t\t\t<\/div>\n\t\t\t\t<\/div>\n\t\t\t\t\t<\/div>\n\t\t<\/div>\n\t\t\t\t\t\t\t<\/div>\n\t\t<\/section>\n\t\t\t\t\t\t\t<\/div>\n\t\t","protected":false},"excerpt":{"rendered":"<p>DEKORAL Anasayfa Evini Yenile, Ya\u015fam\u0131na Renk Kat! Herkesin hayali, kendine ait bir yuvada huzurlu ve mutlu bir ya\u015fam s\u00fcrmek. Eviniz, karakterinizin yans\u0131mas\u0131d\u0131r ve onu \u00f6zg\u00fcn k\u0131lan \u015fey, ki\u015fiselle\u015ftirmenizdir. \u0130\u015fte bu noktada Dekoral Boya olarak hayat\u0131n\u0131za renk kat\u0131yor, mekanlar\u0131n\u0131za \u00f6zg\u00fcnl\u00fck kazand\u0131r\u0131yoruz DAHA FAZLASI \u0130\u00c7\u0130N S\u0130L\u0130KONLU \u0130\u00c7 CEPHE BOYASI Dekoral \u00fcst\u00fcn beyazl\u0131k ve \u00f6rt\u00fcc\u00fcl\u00fckte, \u00f6zel yumu\u015fak dokuda yar\u0131mat su bazl\u0131 silikonlu i\u00e7&#8230;<\/p>\n","protected":false},"author":1,"featured_media":0,"parent":0,"menu_order":0,"comment_status":"closed","ping_status":"closed","template":"page-templates\/full-width-container.php","meta":{"footnotes":""},"_links":{"self":[{"href":"https:\/\/dekoralboya.com.tr\/index.php\/wp-json\/wp\/v2\/pages\/5069"}],"collection":[{"href":"https:\/\/dekoralboya.com.tr\/index.php\/wp-json\/wp\/v2\/pages"}],"about":[{"href":"https:\/\/dekoralboya.com.tr\/index.php\/wp-json\/wp\/v2\/types\/page"}],"author":[{"embeddable":true,"href":"https:\/\/dekoralboya.com.tr\/index.php\/wp-json\/wp\/v2\/users\/1"}],"replies":[{"embeddable":true,"href":"https:\/\/dekoralboya.com.tr\/index.php\/wp-json\/wp\/v2\/comments?post=5069"}],"version-history":[{"count":41,"href":"https:\/\/dekoralboya.com.tr\/index.php\/wp-json\/wp\/v2\/pages\/5069\/revisions"}],"predecessor-version":[{"id":5740,"href":"https:\/\/dekoralboya.com.tr\/index.php\/wp-json\/wp\/v2\/pages\/5069\/revisions\/5740"}],"wp:attachment":[{"href":"https:\/\/dekoralboya.com.tr\/index.php\/wp-json\/wp\/v2\/media?parent=5069"}],"curies":[{"name":"wp","href":"https:\/\/api.w.org\/{rel}","templated":true}]}}