{"id":368,"date":"2021-04-30T16:33:29","date_gmt":"2021-04-30T13:33:29","guid":{"rendered":"https:\/\/bizbergthemes.com\/bizberg-lite\/?page_id=368"},"modified":"2025-10-01T20:16:56","modified_gmt":"2025-10-01T17:16:56","slug":"individual-consulting-homepage","status":"publish","type":"page","link":"https:\/\/dekoralboya.com.tr\/index.php\/individual-consulting-homepage\/","title":{"rendered":"HAKKIMIZDA"},"content":{"rendered":"\t\t<div data-elementor-type=\"wp-page\" data-elementor-id=\"368\" class=\"elementor elementor-368\">\n\t\t\t\t\t\t\t\t\t<section class=\"elementor-section elementor-top-section elementor-element elementor-element-674bb232 elementor-section-boxed elementor-section-height-default elementor-section-height-default\" data-id=\"674bb232\" data-element_type=\"section\">\n\t\t\t\t\t\t<div class=\"elementor-container elementor-column-gap-no\">\n\t\t\t\t\t<div class=\"elementor-column elementor-col-100 elementor-top-column elementor-element elementor-element-2ee4e1f6\" data-id=\"2ee4e1f6\" data-element_type=\"column\" data-settings=\"{&quot;background_background&quot;:&quot;classic&quot;}\">\n\t\t\t<div class=\"elementor-widget-wrap elementor-element-populated\">\n\t\t\t\t\t\t\t\t<div class=\"elementor-element elementor-element-78f78fed elementor-widget elementor-widget-heading\" data-id=\"78f78fed\" data-element_type=\"widget\" data-widget_type=\"heading.default\">\n\t\t\t\t<div class=\"elementor-widget-container\">\n\t\t\t<style>\/*! elementor - v3.14.0 - 26-06-2023 *\/\n.elementor-heading-title{padding:0;margin:0;line-height:1}.elementor-widget-heading .elementor-heading-title[class*=elementor-size-]>a{color:inherit;font-size:inherit;line-height:inherit}.elementor-widget-heading .elementor-heading-title.elementor-size-small{font-size:15px}.elementor-widget-heading .elementor-heading-title.elementor-size-medium{font-size:19px}.elementor-widget-heading .elementor-heading-title.elementor-size-large{font-size:29px}.elementor-widget-heading .elementor-heading-title.elementor-size-xl{font-size:39px}.elementor-widget-heading .elementor-heading-title.elementor-size-xxl{font-size:59px}<\/style><h1 class=\"elementor-heading-title elementor-size-default\">Hakk\u0131m\u0131zda<\/h1>\t\t<\/div>\n\t\t\t\t<\/div>\n\t\t\t\t<div class=\"elementor-element elementor-element-39524a44 elementor-align-center elementor-icon-list--layout-traditional elementor-list-item-link-full_width elementor-widget elementor-widget-icon-list\" data-id=\"39524a44\" data-element_type=\"widget\" data-widget_type=\"icon-list.default\">\n\t\t\t\t<div class=\"elementor-widget-container\">\n\t\t\t<link rel=\"stylesheet\" href=\"https:\/\/dekoralboya.com.tr\/wp-content\/plugins\/elementor\/assets\/css\/widget-icon-list.min.css\">\t\t<ul class=\"elementor-icon-list-items\">\n\t\t\t\t\t\t\t<li class=\"elementor-icon-list-item\">\n\t\t\t\t\t\t\t\t\t\t\t<a href=\"https:\/\/dekoralboya.com.tr\/\">\n\n\t\t\t\t\t\t\t\t\t\t\t<span class=\"elementor-icon-list-text\">Anasayfa<\/span>\n\t\t\t\t\t\t\t\t\t\t\t<\/a>\n\t\t\t\t\t\t\t\t\t<\/li>\n\t\t\t\t\t\t<\/ul>\n\t\t\t\t<\/div>\n\t\t\t\t<\/div>\n\t\t\t\t\t<\/div>\n\t\t<\/div>\n\t\t\t\t\t\t\t<\/div>\n\t\t<\/section>\n\t\t<div class=\"elementor-element elementor-element-777d047 e-flex e-con-boxed e-con\" data-id=\"777d047\" data-element_type=\"container\" data-settings=\"{&quot;content_width&quot;:&quot;boxed&quot;}\">\n\t\t\t\t\t<div class=\"e-con-inner\">\n\t\t\t\t<div class=\"elementor-element elementor-element-07a1cd7 elementor-widget elementor-widget-html\" data-id=\"07a1cd7\" data-element_type=\"widget\" data-widget_type=\"html.default\">\n\t\t\t\t<div class=\"elementor-widget-container\">\n\t\t\t<!DOCTYPE html>\r\n<html lang=\"tr\">\r\n<head>\r\n    <meta charset=\"UTF-8\">\r\n    <meta name=\"viewport\" content=\"width=device-width, initial-scale=1.0\">\r\n    <title>Biz Kimiz - Dekoral Boya<\/title>\r\n    <script src=\"https:\/\/cdn.tailwindcss.com\"><\/script>\r\n    <link href=\"https:\/\/fonts.googleapis.com\/css2?family=Inter:wght@400;500;600;700&display=swap\" rel=\"stylesheet\">\r\n    <style>\r\n        body {\r\n            font-family: 'Inter', sans-serif;\r\n        }\r\n    <\/style>\r\n<\/head>\r\n<body class=\"bg-gray-50 text-gray-800\">\r\n\r\n    <!-- Main Content -->\r\n    <main>\r\n        <!-- Hakk\u0131m\u0131zda Section -->\r\n        <section class=\"py-16 md:py-24 bg-white\">\r\n            <div class=\"container mx-auto px-6\">\r\n                <h2 class=\"text-3xl font-bold text-gray-900 mb-8 text-center\">HAKKIMIZDA<\/h2>\r\n                <div class=\"max-w-4xl mx-auto text-gray-600 space-y-4\">\r\n                    <p>\r\n                        Dekoral Boya bir boya kimya \u00fcretim tesisi ve d\u00fcnyan\u0131n \u00f6nde gelen end\u00fcstri boyalar\u0131 markalar\u0131n\u0131n b\u00f6lge distrib\u00fct\u00f6r\u00fcd\u00fcr. Partnerlerimizle birlikte projelerinize de\u011fer veriyor, daha kaliteli haliyle pazara sunmak i\u00e7in yard\u0131mc\u0131 olmaya \u00e7al\u0131\u015f\u0131yoruz.\r\n                    <\/p>\r\n                    <p>\r\n                        Emeklerinize renk katarken, bir taraftan da her t\u00fcrl\u00fc y\u00fczeye\/zemine yenilik getiriyoruz. Y\u00fczeyleri daha uzun s\u00fcre dayanacak \u015fekilde koruyor, renk ve tasar\u0131mlarla de\u011fer kat\u0131yor, daha kullan\u0131\u015fl\u0131 hale getirmek i\u00e7in \u00f6zel fonksiyonlar kazand\u0131r\u0131yoruz.\r\n                    <\/p>\r\n                    <p>\r\n                        Konfor, emniyet ve g\u00fcvenli alanlar olu\u015fturma gibi post modern hayat\u0131n yeni rollerine ve yeni konu ba\u015fl\u0131klar\u0131na Ar-GE\u2019mizde yer veriyoruz. Sanayile\u015fen topluluklar\u0131n ihtiya\u00e7lar\u0131na t\u00fcm olanaklar\u0131m\u0131z\u0131 kullanarak cevap vermeye gayret ediyoruz. Partnerlerimizin ve m\u00fc\u015fterilerimizin d\u00f6n\u00fc\u015fen, de\u011fi\u015fen ihtiya\u00e7lar\u0131na h\u0131zl\u0131 ve anlaml\u0131 katk\u0131 sunmak i\u00e7in var g\u00fcc\u00fcm\u00fczle \u00e7al\u0131\u015f\u0131yoruz.\r\n                    <\/p>\r\n                    <p>\r\n                        CORAL markas\u0131 ve PPG, Selemix, Zinga, Mirka gibi d\u00fcnya devi partnerleriyle birlikte b\u00fcy\u00fcmeye ve siz de\u011ferli m\u00fc\u015fterilerimizi b\u00fcy\u00fctmeye devam ediyoruz. Dekoral Boya olarak uzun s\u00fcreli dostluklar kurabilece\u011fimiz ortakl\u0131klar\u0131 \u00f6nemsiyoruz.\r\n                    <\/p>\r\n                    <p>\r\n                        End\u00fcstri boyalar\u0131, genel end\u00fcstri, ara\u00e7 \u00fcst\u00fc ekipman, tar\u0131m ve \u00e7e\u015fitli makina ve aletleri ile her t\u00fcrl\u00fc \u00e7elik yap\u0131 projelerinde g\u00fcvenilir boya uzman\u0131n\u0131z olarak 7\/24 hizmetinizdeyiz. \u00d6zel projelerinizde, farkl\u0131 kal\u0131nl\u0131k ve kalite standartlar\u0131nda sonu\u00e7 bekledi\u011finiz epoksi, poli\u00fcretan, akrilik, sentetik ve end\u00fcstriyel boya ihtiya\u00e7lar\u0131n\u0131zda bir telefonunuz yeterli.\r\n                    <\/p>\r\n                    <p>\r\n                        Bizler ilk g\u00fcnk\u00fc heyecanla boya sekt\u00f6r\u00fcn\u00fcn ve siz de\u011ferli m\u00fc\u015fterilerimizin de\u011fi\u015fen ve d\u00f6n\u00fc\u015fen ihtiya\u00e7lar\u0131na cevap vermek i\u00e7in \u00e7al\u0131\u015f\u0131yoruz. Orta ve uzun vadeli yak\u0131n gelece\u011fi \u00f6ng\u00f6ren bir zihniyetle, sekt\u00f6rel geli\u015fimi destekleyen yenilik\u00e7i \u00e7\u00f6z\u00fcmler sunmaya devam edebilme dile\u011fiyle;\r\n                    <\/p>\r\n                    <p class=\"text-right font-semibold mt-6\">\r\n                        Ziya \u00c7ANKAL\r\n                    <\/p>\r\n                <\/div>\r\n            <\/div>\r\n        <\/section>\r\n\r\n        <!-- Biz Kimiz Section -->\r\n        <section class=\"py-16 md:py-24 bg-gray-50\">\r\n            <div class=\"container mx-auto px-6\">\r\n                <div class=\"md:flex md:items-center md:space-x-12\">\r\n                    <div class=\"md:w-1\/2\">\r\n                        <img decoding=\"async\" src=\"https:\/\/placehold.co\/600x400\/3b82f6\/ffffff?text=Kalite+ve+G\u00fcven\" alt=\"Ofis ortam\u0131\" class=\"rounded-lg shadow-xl w-full\">\r\n                    <\/div>\r\n                    <div class=\"md:w-1\/2 mt-8 md:mt-0\">\r\n                        <h2 class=\"text-3xl font-bold text-gray-900 mb-4\">Biz Kimiz?<\/h2>\r\n                        <p class=\"text-lg text-gray-600 mb-4\">\r\n                            Dekoral Boya, boya sekt\u00f6r\u00fcne yenilik\u00e7i bir bak\u0131\u015f a\u00e7\u0131s\u0131 getirmek amac\u0131yla kurulmu\u015ftur. Y\u0131llar\u0131n tecr\u00fcbesini modern teknolojiyle birle\u015ftirerek, ya\u015fam alanlar\u0131n\u0131z\u0131 g\u00fczelle\u015ftiren, dayan\u0131kl\u0131 ve \u00e7evre dostu \u00fcr\u00fcnler sunuyoruz.\r\n                        <\/p>\r\n                        <p class=\"text-gray-600\">\r\n                            Renklerin g\u00fcc\u00fcne inan\u0131yor, her f\u0131r\u00e7a darbesinde kaliteyi ve esteti\u011fi hissettirmeyi hedefliyoruz. M\u00fc\u015fteri memnuniyetini temel ilke olarak benimseyen profesyonel ekibimizle, projenizin her a\u015famas\u0131nda yan\u0131n\u0131zday\u0131z.\r\n                        <\/p>\r\n                    <\/div>\r\n                <\/div>\r\n            <\/div>\r\n        <\/section>\r\n\r\n        <!-- Misyon & Vizyon Section -->\r\n        <section class=\"py-16 md:py-24 bg-white\">\r\n            <div class=\"container mx-auto px-6\">\r\n                <div class=\"grid md:grid-cols-2 gap-12\">\r\n                    <div class=\"bg-white p-8 rounded-lg shadow-lg text-center\">\r\n                        <div class=\"flex justify-center mb-4\">\r\n                            <svg class=\"w-12 h-12 text-blue-600\" fill=\"none\" stroke=\"currentColor\" viewBox=\"0 0 24 24\" xmlns=\"http:\/\/www.w3.org\/2000\/svg\"><path stroke-linecap=\"round\" stroke-linejoin=\"round\" stroke-width=\"2\" d=\"M9 19v-6a2 2 0 00-2-2H5a2 2 0 00-2 2v6a2 2 0 002 2h2a2 2 0 002-2zm0 0V9a2 2 0 012-2h2a2 2 0 012 2v10m-6 0a2 2 0 002 2h2a2 2 0 002-2m0 0V5a2 2 0 012-2h2a2 2 0 012 2v14a2 2 0 01-2 2h-2a2 2 0 01-2-2z\"><\/path><\/svg>\r\n                        <\/div>\r\n                        <h3 class=\"text-2xl font-bold text-gray-900 mb-2\">Misyonumuz<\/h3>\r\n                        <p class=\"text-gray-600\">\r\n                            Y\u00fcksek kaliteli, insan sa\u011fl\u0131\u011f\u0131na ve \u00e7evreye duyarl\u0131 boya \u00fcr\u00fcnleri geli\u015ftirerek, m\u00fc\u015fterilerimizin beklentilerini en \u00fcst d\u00fczeyde kar\u015f\u0131lamak ve ya\u015fam alanlar\u0131na de\u011fer katmak.\r\n                        <\/p>\r\n                    <\/div>\r\n                    <div class=\"bg-white p-8 rounded-lg shadow-lg text-center\">\r\n                         <div class=\"flex justify-center mb-4\">\r\n                           <svg class=\"w-12 h-12 text-blue-600\" fill=\"none\" stroke=\"currentColor\" viewBox=\"0 0 24 24\" xmlns=\"http:\/\/www.w3.org\/2000\/svg\"><path stroke-linecap=\"round\" stroke-linejoin=\"round\" stroke-width=\"2\" d=\"M13 7h8m0 0v8m0-8l-8 8-4-4-6 6\"><\/path><\/svg>\r\n                        <\/div>\r\n                        <h3 class=\"text-2xl font-bold text-gray-900 mb-2\">Vizyonumuz<\/h3>\r\n                        <p class=\"text-gray-600\">\r\n                            \u0130novasyon ve s\u00fcrd\u00fcr\u00fclebilirlik ilkeleriyle boya sekt\u00f6r\u00fcnde T\u00fcrkiye'nin \u00f6nc\u00fc markalar\u0131ndan biri olmak ve global pazarda tan\u0131nan bir isim haline gelmek.\r\n                        <\/p>\r\n                    <\/div>\r\n                <\/div>\r\n            <\/div>\r\n        <\/section>\r\n\r\n        <!-- De\u011ferlerimiz Section -->\r\n        <section class=\"py-16 md:py-24 bg-gray-50\">\r\n            <div class=\"container mx-auto px-6 text-center\">\r\n                <h2 class=\"text-3xl font-bold text-gray-900 mb-12\">De\u011ferlerimiz<\/h2>\r\n                <div class=\"grid sm:grid-cols-2 lg:grid-cols-4 gap-8\">\r\n                    <!-- De\u011fer Kart\u0131 1 -->\r\n                    <div class=\"p-6 border border-gray-200 rounded-lg hover:shadow-xl transition-shadow duration-300\">\r\n                        <h4 class=\"text-xl font-semibold text-blue-600 mb-2\">Kalite<\/h4>\r\n                        <p class=\"text-gray-600\">\u00dcr\u00fcnlerimizde ve hizmetlerimizde en y\u00fcksek kalite standartlar\u0131n\u0131 hedefleriz.<\/p>\r\n                    <\/div>\r\n                    <!-- De\u011fer Kart\u0131 2 -->\r\n                    <div class=\"p-6 border border-gray-200 rounded-lg hover:shadow-xl transition-shadow duration-300\">\r\n                        <h4 class=\"text-xl font-semibold text-blue-600 mb-2\">\u0130novasyon<\/h4>\r\n                        <p class=\"text-gray-600\">Sekt\u00f6rdeki yenilikleri takip eder, s\u00fcrekli olarak daha iyisi i\u00e7in \u00e7al\u0131\u015f\u0131r\u0131z.<\/p>\r\n                    <\/div>\r\n                    <!-- De\u011fer Kart\u0131 3 -->\r\n                    <div class=\"p-6 border border-gray-200 rounded-lg hover:shadow-xl transition-shadow duration-300\">\r\n                        <h4 class=\"text-xl font-semibold text-blue-600 mb-2\">M\u00fc\u015fteri Odakl\u0131l\u0131k<\/h4>\r\n                        <p class=\"text-gray-600\">M\u00fc\u015fterilerimizin mutlulu\u011fu ve memnuniyeti bizim i\u00e7in esast\u0131r.<\/p>\r\n                    <\/div>\r\n                    <!-- De\u011fer Kart\u0131 4 -->\r\n                    <div class=\"p-6 border border-gray-200 rounded-lg hover:shadow-xl transition-shadow duration-300\">\r\n                        <h4 class=\"text-xl font-semibold text-blue-600 mb-2\">S\u00fcrd\u00fcr\u00fclebilirlik<\/h4>\r\n                        <p class=\"text-gray-600\">\u00c7evreye sayg\u0131l\u0131 \u00fcretim anlay\u0131\u015f\u0131yla gelecek nesillere daha iyi bir d\u00fcnya b\u0131rak\u0131r\u0131z.<\/p>\r\n                    <\/div>\r\n                <\/div>\r\n            <\/div>\r\n        <\/section>\r\n\r\n    <\/main>\r\n\r\n<\/body>\r\n<\/html>\r\n\r\n\t\t<\/div>\n\t\t\t\t<\/div>\n\t\t\t\t\t<\/div>\n\t\t\t\t<\/div>\n\t\t\t\t\t\t\t<\/div>\n\t\t","protected":false},"excerpt":{"rendered":"<p>Hakk\u0131m\u0131zda Anasayfa Biz Kimiz &#8211; Dekoral Boya HAKKIMIZDA Dekoral Boya bir boya kimya \u00fcretim tesisi ve d\u00fcnyan\u0131n \u00f6nde gelen end\u00fcstri boyalar\u0131 markalar\u0131n\u0131n b\u00f6lge distrib\u00fct\u00f6r\u00fcd\u00fcr. Partnerlerimizle birlikte projelerinize de\u011fer veriyor, daha kaliteli haliyle pazara sunmak i\u00e7in yard\u0131mc\u0131 olmaya \u00e7al\u0131\u015f\u0131yoruz. Emeklerinize renk katarken, bir taraftan da her t\u00fcrl\u00fc y\u00fczeye\/zemine yenilik getiriyoruz. Y\u00fczeyleri daha uzun s\u00fcre dayanacak \u015fekilde koruyor, renk ve tasar\u0131mlarla de\u011fer&#8230;<\/p>\n","protected":false},"author":1,"featured_media":0,"parent":0,"menu_order":0,"comment_status":"closed","ping_status":"closed","template":"elementor_header_footer","meta":{"footnotes":""},"_links":{"self":[{"href":"https:\/\/dekoralboya.com.tr\/index.php\/wp-json\/wp\/v2\/pages\/368"}],"collection":[{"href":"https:\/\/dekoralboya.com.tr\/index.php\/wp-json\/wp\/v2\/pages"}],"about":[{"href":"https:\/\/dekoralboya.com.tr\/index.php\/wp-json\/wp\/v2\/types\/page"}],"author":[{"embeddable":true,"href":"https:\/\/dekoralboya.com.tr\/index.php\/wp-json\/wp\/v2\/users\/1"}],"replies":[{"embeddable":true,"href":"https:\/\/dekoralboya.com.tr\/index.php\/wp-json\/wp\/v2\/comments?post=368"}],"version-history":[{"count":11,"href":"https:\/\/dekoralboya.com.tr\/index.php\/wp-json\/wp\/v2\/pages\/368\/revisions"}],"predecessor-version":[{"id":6009,"href":"https:\/\/dekoralboya.com.tr\/index.php\/wp-json\/wp\/v2\/pages\/368\/revisions\/6009"}],"wp:attachment":[{"href":"https:\/\/dekoralboya.com.tr\/index.php\/wp-json\/wp\/v2\/media?parent=368"}],"curies":[{"name":"wp","href":"https:\/\/api.w.org\/{rel}","templated":true}]}}