{"id":1730,"date":"2023-05-10T12:48:24","date_gmt":"2023-05-10T09:48:24","guid":{"rendered":"https:\/\/dekoralboya.com.tr\/?page_id=1730"},"modified":"2023-07-20T05:22:12","modified_gmt":"2023-07-20T02:22:12","slug":"epoksi-zemin-boyalari","status":"publish","type":"page","link":"https:\/\/dekoralboya.com.tr\/index.php\/epoksi-zemin-boyalari\/","title":{"rendered":"EPOKS\u0130 ZEM\u0130N BOYALARI"},"content":{"rendered":"\t\t<div data-elementor-type=\"wp-page\" data-elementor-id=\"1730\" class=\"elementor elementor-1730\">\n\t\t\t\t\t\t\t\t\t<section class=\"elementor-section elementor-top-section elementor-element elementor-element-626c454c elementor-section-boxed elementor-section-height-default elementor-section-height-default\" data-id=\"626c454c\" data-element_type=\"section\">\n\t\t\t\t\t\t<div class=\"elementor-container elementor-column-gap-no\">\n\t\t\t\t\t<div class=\"elementor-column elementor-col-100 elementor-top-column elementor-element elementor-element-5d951608\" data-id=\"5d951608\" data-element_type=\"column\" data-settings=\"{&quot;background_background&quot;:&quot;gradient&quot;}\">\n\t\t\t<div class=\"elementor-widget-wrap elementor-element-populated\">\n\t\t\t\t\t\t\t\t<div class=\"elementor-element elementor-element-5922af3c elementor-widget elementor-widget-heading\" data-id=\"5922af3c\" data-element_type=\"widget\" data-widget_type=\"heading.default\">\n\t\t\t\t<div class=\"elementor-widget-container\">\n\t\t\t<style>\/*! elementor - v3.14.0 - 26-06-2023 *\/\n.elementor-heading-title{padding:0;margin:0;line-height:1}.elementor-widget-heading .elementor-heading-title[class*=elementor-size-]>a{color:inherit;font-size:inherit;line-height:inherit}.elementor-widget-heading .elementor-heading-title.elementor-size-small{font-size:15px}.elementor-widget-heading .elementor-heading-title.elementor-size-medium{font-size:19px}.elementor-widget-heading .elementor-heading-title.elementor-size-large{font-size:29px}.elementor-widget-heading .elementor-heading-title.elementor-size-xl{font-size:39px}.elementor-widget-heading .elementor-heading-title.elementor-size-xxl{font-size:59px}<\/style><h1 class=\"elementor-heading-title elementor-size-default\">Epoksi Zemin Boyalar\u0131<\/h1>\t\t<\/div>\n\t\t\t\t<\/div>\n\t\t\t\t<div class=\"elementor-element elementor-element-65c492b0 elementor-align-center elementor-icon-list--layout-traditional elementor-list-item-link-full_width elementor-widget elementor-widget-icon-list\" data-id=\"65c492b0\" data-element_type=\"widget\" data-widget_type=\"icon-list.default\">\n\t\t\t\t<div class=\"elementor-widget-container\">\n\t\t\t<link rel=\"stylesheet\" href=\"https:\/\/dekoralboya.com.tr\/wp-content\/plugins\/elementor\/assets\/css\/widget-icon-list.min.css\">\t\t<ul class=\"elementor-icon-list-items\">\n\t\t\t\t\t\t\t<li class=\"elementor-icon-list-item\">\n\t\t\t\t\t\t\t\t\t\t\t<a href=\"https:\/\/dekoralboya.com.tr\/\">\n\n\t\t\t\t\t\t\t\t\t\t\t<span class=\"elementor-icon-list-text\">Anasayfa<\/span>\n\t\t\t\t\t\t\t\t\t\t\t<\/a>\n\t\t\t\t\t\t\t\t\t<\/li>\n\t\t\t\t\t\t<\/ul>\n\t\t\t\t<\/div>\n\t\t\t\t<\/div>\n\t\t\t\t\t<\/div>\n\t\t<\/div>\n\t\t\t\t\t\t\t<\/div>\n\t\t<\/section>\n\t\t\t\t<section class=\"elementor-section elementor-top-section elementor-element elementor-element-613fe91a elementor-section-boxed elementor-section-height-default elementor-section-height-default\" data-id=\"613fe91a\" data-element_type=\"section\">\n\t\t\t\t\t\t<div class=\"elementor-container elementor-column-gap-no\">\n\t\t\t\t\t<div class=\"elementor-column elementor-col-50 elementor-top-column elementor-element elementor-element-402c7154\" data-id=\"402c7154\" data-element_type=\"column\">\n\t\t\t<div class=\"elementor-widget-wrap elementor-element-populated\">\n\t\t\t\t\t\t\t\t<div class=\"elementor-element elementor-element-1f7cfecb animated-slow elementor-invisible elementor-widget elementor-widget-image\" data-id=\"1f7cfecb\" data-element_type=\"widget\" data-settings=\"{&quot;_animation&quot;:&quot;fadeInUp&quot;}\" data-widget_type=\"image.default\">\n\t\t\t\t<div class=\"elementor-widget-container\">\n\t\t\t<style>\/*! elementor - v3.14.0 - 26-06-2023 *\/\n.elementor-widget-image{text-align:center}.elementor-widget-image a{display:inline-block}.elementor-widget-image a img[src$=\".svg\"]{width:48px}.elementor-widget-image img{vertical-align:middle;display:inline-block}<\/style>\t\t\t\t\t\t\t\t\t\t\t\t<img decoding=\"async\" width=\"800\" height=\"500\" src=\"https:\/\/dekoralboya.com.tr\/wp-content\/uploads\/2023\/05\/poliuretan-epoksi-ms7-800x500-1.jpg\" class=\"attachment-full size-full wp-image-2277\" alt=\"\" srcset=\"https:\/\/dekoralboya.com.tr\/wp-content\/uploads\/2023\/05\/poliuretan-epoksi-ms7-800x500-1.jpg 800w, https:\/\/dekoralboya.com.tr\/wp-content\/uploads\/2023\/05\/poliuretan-epoksi-ms7-800x500-1-300x188.jpg 300w, https:\/\/dekoralboya.com.tr\/wp-content\/uploads\/2023\/05\/poliuretan-epoksi-ms7-800x500-1-768x480.jpg 768w, https:\/\/dekoralboya.com.tr\/wp-content\/uploads\/2023\/05\/poliuretan-epoksi-ms7-800x500-1-600x375.jpg 600w\" sizes=\"(max-width: 800px) 100vw, 800px\" \/>\t\t\t\t\t\t\t\t\t\t\t\t\t\t\t<\/div>\n\t\t\t\t<\/div>\n\t\t\t\t\t<\/div>\n\t\t<\/div>\n\t\t\t\t<div class=\"elementor-column elementor-col-50 elementor-top-column elementor-element elementor-element-3e6cfb67\" data-id=\"3e6cfb67\" data-element_type=\"column\">\n\t\t\t<div class=\"elementor-widget-wrap elementor-element-populated\">\n\t\t\t\t\t\t\t\t<div class=\"elementor-element elementor-element-31a50d5b elementor-invisible elementor-widget elementor-widget-heading\" data-id=\"31a50d5b\" data-element_type=\"widget\" data-settings=\"{&quot;_animation&quot;:&quot;bounceInLeft&quot;,&quot;_animation_delay&quot;:300}\" data-widget_type=\"heading.default\">\n\t\t\t\t<div class=\"elementor-widget-container\">\n\t\t\t<h2 class=\"elementor-heading-title elementor-size-default\">Zeminlerinize Epoksi Dokunu\u015fu, Esteti\u011fi ve Dayan\u0131kl\u0131l\u0131\u011f\u0131 Bir Arada Sunuyoruz!<\/h2>\t\t<\/div>\n\t\t\t\t<\/div>\n\t\t\t\t<div class=\"elementor-element elementor-element-9ef8f65 elementor-widget elementor-widget-heading\" data-id=\"9ef8f65\" data-element_type=\"widget\" data-widget_type=\"heading.default\">\n\t\t\t\t<div class=\"elementor-widget-container\">\n\t\t\t<p class=\"elementor-heading-title elementor-size-default\">\nEpoksi zemin boyalar\u0131, zeminlerinize m\u00fckemmel bir estetik ve dayan\u0131kl\u0131l\u0131k katmak i\u00e7in ideal bir se\u00e7enektir. Bu \u00f6zel boya t\u00fcr\u00fc, zeminlerinizi korurken ayn\u0131 zamanda dekoratif bir g\u00f6r\u00fcn\u00fcm sunar. Epoksi zemin boyalar\u0131, p\u00fcr\u00fczs\u00fcz ve parlak bir y\u00fczey olu\u015fturarak mekanlar\u0131n modern ve \u015f\u0131k bir atmosfer kazanmas\u0131na yard\u0131mc\u0131 olur. Ayr\u0131ca, y\u00fcksek dayan\u0131kl\u0131l\u0131\u011f\u0131 sayesinde zeminlerinize uzun \u00f6m\u00fcrl\u00fc bir koruma sa\u011flar, a\u015f\u0131nmaya, \u00e7izilmelere ve kimyasal etkilere kar\u015f\u0131 diren\u00e7 g\u00f6sterir. Epoksi zemin boyalar\u0131, kolay temizlenebilirlik \u00f6zelli\u011fiyle de dikkat \u00e7eker ve bak\u0131m\u0131 kolay zeminlerin keyfini s\u00fcrebilmenizi sa\u011flar. Profesyonel bir g\u00f6r\u00fcn\u00fcm elde etmek ve zeminlerinizin sa\u011flaml\u0131\u011f\u0131n\u0131 art\u0131rmak istiyorsan\u0131z, epoksi zemin boyalar\u0131 sizin i\u00e7in ideal bir \u00e7\u00f6z\u00fcm olabilir.<\/p>\t\t<\/div>\n\t\t\t\t<\/div>\n\t\t\t\t<div class=\"elementor-element elementor-element-5d5e0b14 elementor-align-center elementor-tablet-align-left elementor-widget elementor-widget-button\" data-id=\"5d5e0b14\" data-element_type=\"widget\" data-widget_type=\"button.default\">\n\t\t\t\t<div class=\"elementor-widget-container\">\n\t\t\t\t\t<div class=\"elementor-button-wrapper\">\n\t\t\t<a class=\"elementor-button elementor-button-link elementor-size-md\" href=\"https:\/\/dekoralboya.com.tr\/index.php\/iletisim\/\">\n\t\t\t\t\t\t<span class=\"elementor-button-content-wrapper\">\n\t\t\t\t\t\t<span class=\"elementor-button-text\">DAHA FAZLASI \u0130\u00c7\u0130N<\/span>\n\t\t<\/span>\n\t\t\t\t\t<\/a>\n\t\t<\/div>\n\t\t\t\t<\/div>\n\t\t\t\t<\/div>\n\t\t\t\t\t<\/div>\n\t\t<\/div>\n\t\t\t\t\t\t\t<\/div>\n\t\t<\/section>\n\t\t\t\t\t\t\t<\/div>\n\t\t","protected":false},"excerpt":{"rendered":"<p>Epoksi Zemin Boyalar\u0131 Anasayfa Zeminlerinize Epoksi Dokunu\u015fu, Esteti\u011fi ve Dayan\u0131kl\u0131l\u0131\u011f\u0131 Bir Arada Sunuyoruz! Epoksi zemin boyalar\u0131, zeminlerinize m\u00fckemmel bir estetik ve dayan\u0131kl\u0131l\u0131k katmak i\u00e7in ideal bir se\u00e7enektir. Bu \u00f6zel boya t\u00fcr\u00fc, zeminlerinizi korurken ayn\u0131 zamanda dekoratif bir g\u00f6r\u00fcn\u00fcm sunar. Epoksi zemin boyalar\u0131, p\u00fcr\u00fczs\u00fcz ve parlak bir y\u00fczey olu\u015fturarak mekanlar\u0131n modern ve \u015f\u0131k bir atmosfer kazanmas\u0131na yard\u0131mc\u0131 olur. Ayr\u0131ca, y\u00fcksek dayan\u0131kl\u0131l\u0131\u011f\u0131&#8230;<\/p>\n","protected":false},"author":1,"featured_media":0,"parent":0,"menu_order":0,"comment_status":"closed","ping_status":"closed","template":"elementor_header_footer","meta":{"footnotes":""},"_links":{"self":[{"href":"https:\/\/dekoralboya.com.tr\/index.php\/wp-json\/wp\/v2\/pages\/1730"}],"collection":[{"href":"https:\/\/dekoralboya.com.tr\/index.php\/wp-json\/wp\/v2\/pages"}],"about":[{"href":"https:\/\/dekoralboya.com.tr\/index.php\/wp-json\/wp\/v2\/types\/page"}],"author":[{"embeddable":true,"href":"https:\/\/dekoralboya.com.tr\/index.php\/wp-json\/wp\/v2\/users\/1"}],"replies":[{"embeddable":true,"href":"https:\/\/dekoralboya.com.tr\/index.php\/wp-json\/wp\/v2\/comments?post=1730"}],"version-history":[{"count":1,"href":"https:\/\/dekoralboya.com.tr\/index.php\/wp-json\/wp\/v2\/pages\/1730\/revisions"}],"predecessor-version":[{"id":4987,"href":"https:\/\/dekoralboya.com.tr\/index.php\/wp-json\/wp\/v2\/pages\/1730\/revisions\/4987"}],"wp:attachment":[{"href":"https:\/\/dekoralboya.com.tr\/index.php\/wp-json\/wp\/v2\/media?parent=1730"}],"curies":[{"name":"wp","href":"https:\/\/api.w.org\/{rel}","templated":true}]}}