{"id":1031,"date":"2023-05-08T13:42:46","date_gmt":"2023-05-08T10:42:46","guid":{"rendered":"https:\/\/dekoralboya.com.tr\/?page_id=1031"},"modified":"2025-09-29T20:59:28","modified_gmt":"2025-09-29T17:59:28","slug":"insan-kaynaklari","status":"publish","type":"page","link":"https:\/\/dekoralboya.com.tr\/index.php\/insan-kaynaklari\/","title":{"rendered":"\u0130NSAN KAYNAKLARI"},"content":{"rendered":"\t\t<div data-elementor-type=\"wp-page\" data-elementor-id=\"1031\" class=\"elementor elementor-1031\">\n\t\t\t\t\t\t\t\t\t<section class=\"elementor-section elementor-top-section elementor-element elementor-element-54f39fb7 elementor-section-boxed elementor-section-height-default elementor-section-height-default\" data-id=\"54f39fb7\" data-element_type=\"section\">\n\t\t\t\t\t\t<div class=\"elementor-container elementor-column-gap-no\">\n\t\t\t\t\t<div class=\"elementor-column elementor-col-100 elementor-top-column elementor-element elementor-element-2f055c37\" data-id=\"2f055c37\" data-element_type=\"column\" data-settings=\"{&quot;background_background&quot;:&quot;gradient&quot;}\">\n\t\t\t<div class=\"elementor-widget-wrap elementor-element-populated\">\n\t\t\t\t\t\t\t\t<div class=\"elementor-element elementor-element-14e10bc8 elementor-widget elementor-widget-heading\" data-id=\"14e10bc8\" data-element_type=\"widget\" data-widget_type=\"heading.default\">\n\t\t\t\t<div class=\"elementor-widget-container\">\n\t\t\t<style>\/*! elementor - v3.14.0 - 26-06-2023 *\/\n.elementor-heading-title{padding:0;margin:0;line-height:1}.elementor-widget-heading .elementor-heading-title[class*=elementor-size-]>a{color:inherit;font-size:inherit;line-height:inherit}.elementor-widget-heading .elementor-heading-title.elementor-size-small{font-size:15px}.elementor-widget-heading .elementor-heading-title.elementor-size-medium{font-size:19px}.elementor-widget-heading .elementor-heading-title.elementor-size-large{font-size:29px}.elementor-widget-heading .elementor-heading-title.elementor-size-xl{font-size:39px}.elementor-widget-heading .elementor-heading-title.elementor-size-xxl{font-size:59px}<\/style><h1 class=\"elementor-heading-title elementor-size-default\">\u0130NSAN KAYNAKLARI<\/h1>\t\t<\/div>\n\t\t\t\t<\/div>\n\t\t\t\t<div class=\"elementor-element elementor-element-59e5aab6 elementor-align-center elementor-icon-list--layout-traditional elementor-list-item-link-full_width elementor-widget elementor-widget-icon-list\" data-id=\"59e5aab6\" data-element_type=\"widget\" data-widget_type=\"icon-list.default\">\n\t\t\t\t<div class=\"elementor-widget-container\">\n\t\t\t<link rel=\"stylesheet\" href=\"https:\/\/dekoralboya.com.tr\/wp-content\/plugins\/elementor\/assets\/css\/widget-icon-list.min.css\">\t\t<ul class=\"elementor-icon-list-items\">\n\t\t\t\t\t\t\t<li class=\"elementor-icon-list-item\">\n\t\t\t\t\t\t\t\t\t\t\t<a href=\"https:\/\/dekoralboya.com.tr\/index.php\/iletisim\/\">\n\n\t\t\t\t\t\t\t\t\t\t\t<span class=\"elementor-icon-list-text\">Anasayfa<\/span>\n\t\t\t\t\t\t\t\t\t\t\t<\/a>\n\t\t\t\t\t\t\t\t\t<\/li>\n\t\t\t\t\t\t<\/ul>\n\t\t\t\t<\/div>\n\t\t\t\t<\/div>\n\t\t\t\t\t<\/div>\n\t\t<\/div>\n\t\t\t\t\t\t\t<\/div>\n\t\t<\/section>\n\t\t<div class=\"elementor-element elementor-element-96dd193 e-flex e-con-boxed e-con\" data-id=\"96dd193\" data-element_type=\"container\" data-settings=\"{&quot;content_width&quot;:&quot;boxed&quot;}\">\n\t\t\t\t\t<div class=\"e-con-inner\">\n\t\t\t\t<div class=\"elementor-element elementor-element-1e9596a elementor-widget elementor-widget-html\" data-id=\"1e9596a\" data-element_type=\"widget\" data-widget_type=\"html.default\">\n\t\t\t\t<div class=\"elementor-widget-container\">\n\t\t\t<!DOCTYPE html>\r\n<html lang=\"tr\">\r\n<head>\r\n    <meta charset=\"UTF-8\">\r\n    <meta name=\"viewport\" content=\"width=device-width, initial-scale=1.0\">\r\n    <title>Kariyer F\u0131rsatlar\u0131 | Kurumsal Ba\u015fvuru Sayfas\u0131<\/title>\r\n    <script src=\"https:\/\/cdn.tailwindcss.com\"><\/script>\r\n    <link rel=\"preconnect\" href=\"https:\/\/fonts.googleapis.com\">\r\n    <link rel=\"preconnect\" href=\"https:\/\/fonts.gstatic.com\" crossorigin>\r\n    <link href=\"https:\/\/fonts.googleapis.com\/css2?family=Inter:wght@400;500;600;700&display=swap\" rel=\"stylesheet\">\r\n    <style>\r\n        body {\r\n            font-family: 'Inter', sans-serif;\r\n            background-color: #f8fafc;\r\n        }\r\n        .hero-bg {\r\n            background-color: #1e3a8a; \/* Kurumsal bir mavi tonu *\/\r\n            background-image: linear-gradient(to right, rgba(30, 58, 138, 0.9), rgba(37, 99, 235, 0.8));\r\n            background-size: cover;\r\n            background-position: center;\r\n        }\r\n        .form-container {\r\n            transition: all 0.3s ease-in-out;\r\n        }\r\n        .form-container:hover {\r\n            transform: translateY(-5px);\r\n            box-shadow: 0 20px 25px -5px rgba(0, 0, 0, 0.1), 0 10px 10px -5px rgba(0, 0, 0, 0.04);\r\n        }\r\n        .btn-primary {\r\n            background-color: #1e3a8a;\r\n            color: white;\r\n            transition: background-color 0.3s ease;\r\n        }\r\n        .btn-primary:hover {\r\n            background-color: #1c3172;\r\n        }\r\n        .custom-file-upload {\r\n            border: 2px dashed #d1d5db;\r\n            padding: 1.5rem;\r\n            display: flex;\r\n            flex-direction: column;\r\n            align-items: center;\r\n            justify-content: center;\r\n            cursor: pointer;\r\n            border-radius: 0.5rem;\r\n            background-color: #f9fafb;\r\n            transition: border-color 0.3s ease, background-color 0.3s ease;\r\n        }\r\n        .custom-file-upload:hover {\r\n            border-color: #1e3a8a;\r\n            background-color: #eff6ff;\r\n        }\r\n    <\/style>\r\n<\/head>\r\n<body>\r\n\r\n    <!-- Header -->\r\n    <header class=\"bg-white shadow-sm sticky top-0 z-50\">\r\n        <div class=\"container mx-auto px-6 py-4 flex justify-between items-center\">\r\n            <h1 class=\"text-2xl font-bold text-gray-800\">Dekoral Boya<\/h1>\r\n            <nav>\r\n                \r\n            <\/nav>\r\n        <\/div>\r\n    <\/header>\r\n\r\n    <!-- Hero Section -->\r\n    <section class=\"hero-bg text-white\">\r\n        <div class=\"container mx-auto px-6 py-24 text-center\">\r\n            <h2 class=\"text-4xl md:text-5xl font-extrabold leading-tight mb-4\">Kariyerinize Bizimle Y\u00f6n Verin<\/h2>\r\n            <p class=\"text-lg md:text-xl max-w-3xl mx-auto text-blue-100\">\r\n                Dekoral Boya ailesine kat\u0131larak, potansiyelinizi ortaya \u00e7\u0131kar\u0131n ve ba\u015far\u0131 hikayemizin bir par\u00e7as\u0131 olun.\r\n            <\/p>\r\n        <\/div>\r\n    <\/section>\r\n\r\n    <!-- Neden Biz? Section -->\r\n    <section class=\"py-16 bg-white\">\r\n        <div class=\"container mx-auto px-6\">\r\n            <div class=\"text-center mb-12\">\r\n                <h3 class=\"text-3xl font-bold text-gray-800\">Neden Dekoral Boya?<\/h3>\r\n                <p class=\"text-gray-600 mt-2\">\u00c7al\u0131\u015fanlar\u0131m\u0131za de\u011fer veriyor, onlar\u0131n geli\u015fimini destekliyoruz.<\/p>\r\n            <\/div>\r\n            <div class=\"grid grid-cols-1 md:grid-cols-3 gap-8 text-center\">\r\n                <div class=\"p-6 bg-gray-50 rounded-lg\">\r\n                    <div class=\"flex items-center justify-center h-12 w-12 rounded-full bg-blue-100 text-blue-800 mx-auto mb-4\">\r\n                        <svg class=\"w-6 h-6\" fill=\"none\" stroke=\"currentColor\" viewBox=\"0 0 24 24\" xmlns=\"http:\/\/www.w3.org\/2000\/svg\"><path stroke-linecap=\"round\" stroke-linejoin=\"round\" stroke-width=\"2\" d=\"M12 8v4l3 3m6-3a9 9 0 11-18 0 9 9 0 0118 0z\"><\/path><\/svg>\r\n                    <\/div>\r\n                    <h4 class=\"text-xl font-semibold text-gray-800 mb-2\">S\u00fcrekli Geli\u015fim<\/h4>\r\n                    <p class=\"text-gray-600\">Kariyeriniz boyunca sizi destekleyecek e\u011fitim ve geli\u015fim f\u0131rsatlar\u0131 sunuyoruz.<\/p>\r\n                <\/div>\r\n                <div class=\"p-6 bg-gray-50 rounded-lg\">\r\n                    <div class=\"flex items-center justify-center h-12 w-12 rounded-full bg-blue-100 text-blue-800 mx-auto mb-4\">\r\n                        <svg class=\"w-6 h-6\" fill=\"none\" stroke=\"currentColor\" viewBox=\"0 0 24 24\" xmlns=\"http:\/\/www.w3.org\/2000\/svg\"><path stroke-linecap=\"round\" stroke-linejoin=\"round\" stroke-width=\"2\" d=\"M13 10V3L4 14h7v7l9-11h-7z\"><\/path><\/svg>\r\n                    <\/div>\r\n                    <h4 class=\"text-xl font-semibold text-gray-800 mb-2\">Dinamik \u00c7al\u0131\u015fma Ortam\u0131<\/h4>\r\n                    <p class=\"text-gray-600\">Yenilik\u00e7i fikirlerin te\u015fvik edildi\u011fi, enerjisi y\u00fcksek bir ekibin par\u00e7as\u0131 olun.<\/p>\r\n                <\/div>\r\n                <div class=\"p-6 bg-gray-50 rounded-lg\">\r\n                    <div class=\"flex items-center justify-center h-12 w-12 rounded-full bg-blue-100 text-blue-800 mx-auto mb-4\">\r\n                        <svg class=\"w-6 h-6\" fill=\"none\" stroke=\"currentColor\" viewBox=\"0 0 24 24\" xmlns=\"http:\/\/www.w3.org\/2000\/svg\"><path stroke-linecap=\"round\" stroke-linejoin=\"round\" stroke-width=\"2\" d=\"M9 12l2 2 4-4m6 2a9 9 0 11-18 0 9 9 0 0118 0z\"><\/path><\/svg>\r\n                    <\/div>\r\n                    <h4 class=\"text-xl font-semibold text-gray-800 mb-2\">Kapsaml\u0131 Yan Haklar<\/h4>\r\n                <\/div>\r\n            <\/div>\r\n        <\/div>\r\n    <\/section>\r\n    \r\n    <!-- Footer -->\r\n    <footer class=\"bg-gray-800 text-white\">\r\n        <div class=\"container mx-auto px-6 py-8 text-center\">\r\n            <p>&copy; 2024 Dekoral Boya. T\u00fcm Haklar\u0131 Sakl\u0131d\u0131r.<\/p>\r\n            <p class=\"text-gray-400 text-sm mt-2\">Bu web sayfas\u0131, modern bir ba\u015fvuru deneyimi sunmak amac\u0131yla tasarlanm\u0131\u015ft\u0131r.<\/p>\r\n        <\/div>\r\n    <\/footer>\r\n\r\n    \r\n\r\n<\/body>\r\n<\/html>\r\n\r\n\t\t<\/div>\n\t\t\t\t<\/div>\n\t\t\t\t\t<\/div>\n\t\t\t\t<\/div>\n\t\t<div class=\"elementor-element elementor-element-8131b1a e-flex e-con-boxed e-con\" data-id=\"8131b1a\" data-element_type=\"container\" data-settings=\"{&quot;content_width&quot;:&quot;boxed&quot;}\">\n\t\t\t\t\t<div class=\"e-con-inner\">\n\t\t<div class=\"elementor-element elementor-element-6be9a4d e-con-full e-flex e-con\" data-id=\"6be9a4d\" data-element_type=\"container\" data-settings=\"{&quot;content_width&quot;:&quot;full&quot;}\">\n\t\t\t\t<div class=\"elementor-element elementor-element-8aede31 elementor-widget elementor-widget-heading\" data-id=\"8aede31\" data-element_type=\"widget\" data-widget_type=\"heading.default\">\n\t\t\t\t<div class=\"elementor-widget-container\">\n\t\t\t<h2 class=\"elementor-heading-title elementor-size-default\">\u015eirketimizdeki a\u00e7\u0131k pozisyonlar i\u00e7in l\u00fctfen irtibata ge\u00e7iniz<\/h2>\t\t<\/div>\n\t\t\t\t<\/div>\n\t\t\t\t<\/div>\n\t\t<div class=\"elementor-element elementor-element-368e47b e-con-full e-flex e-con\" data-id=\"368e47b\" data-element_type=\"container\" data-settings=\"{&quot;content_width&quot;:&quot;full&quot;}\">\n\t\t\t\t<div class=\"elementor-element elementor-element-4e90242 elementor-widget elementor-widget-text-editor\" data-id=\"4e90242\" data-element_type=\"widget\" data-widget_type=\"text-editor.default\">\n\t\t\t\t<div class=\"elementor-widget-container\">\n\t\t\t<style>\/*! elementor - v3.14.0 - 26-06-2023 *\/\n.elementor-widget-text-editor.elementor-drop-cap-view-stacked .elementor-drop-cap{background-color:#69727d;color:#fff}.elementor-widget-text-editor.elementor-drop-cap-view-framed .elementor-drop-cap{color:#69727d;border:3px solid;background-color:transparent}.elementor-widget-text-editor:not(.elementor-drop-cap-view-default) .elementor-drop-cap{margin-top:8px}.elementor-widget-text-editor:not(.elementor-drop-cap-view-default) .elementor-drop-cap-letter{width:1em;height:1em}.elementor-widget-text-editor .elementor-drop-cap{float:left;text-align:center;line-height:1;font-size:50px}.elementor-widget-text-editor .elementor-drop-cap-letter{display:inline-block}<\/style>\t\t\t\t<p>E-posta : insankaynaklari@dekoralboya.com.tr<\/p>\n<section class=\"elementor-section elementor-top-section elementor-element elementor-element-29044bca elementor-section-boxed elementor-section-height-default elementor-section-height-default\" data-id=\"29044bca\" data-element_type=\"section\" data-settings=\"{&quot;background_background&quot;:&quot;classic&quot;}\">\n<div class=\"elementor-container elementor-column-gap-default\">\n<div class=\"elementor-column elementor-col-100 elementor-top-column elementor-element elementor-element-26bb530a\" data-id=\"26bb530a\" data-element_type=\"column\">\n<div class=\"elementor-widget-wrap elementor-element-populated\">\n<section class=\"elementor-section elementor-inner-section elementor-element elementor-element-39e08610 elementor-section-boxed elementor-section-height-default elementor-section-height-default\" data-id=\"39e08610\" data-element_type=\"section\" data-settings=\"{&quot;background_background&quot;:&quot;classic&quot;}\">\n<div class=\"elementor-container elementor-column-gap-no\">\n<div class=\"elementor-column elementor-col-100 elementor-inner-column elementor-element elementor-element-63aad720\" data-id=\"63aad720\" data-element_type=\"column\">\n<div class=\"elementor-widget-wrap elementor-element-populated\">\n<div class=\"elementor-element elementor-element-5c583927 elementor-widget elementor-widget-heading animated fadeInUp\" data-id=\"5c583927\" data-element_type=\"widget\" data-settings=\"{&quot;_animation&quot;:&quot;fadeInUp&quot;}\" data-widget_type=\"heading.default\">\n<div class=\"elementor-widget-container\">&nbsp;<\/div>\n<\/div>\n<\/div>\n<\/div>\n<\/div>\n<\/section>\n<\/div>\n<\/div>\n<\/div>\n<\/section>\t\t\t\t\t\t<\/div>\n\t\t\t\t<\/div>\n\t\t\t\t<\/div>\n\t\t<div class=\"elementor-element elementor-element-5093681 e-con-full e-flex e-con\" data-id=\"5093681\" data-element_type=\"container\" data-settings=\"{&quot;content_width&quot;:&quot;full&quot;}\">\n\t\t\t\t<div class=\"elementor-element elementor-element-3fe5d92 eael-contact-form-7-button-align-left eael-contact-form-7-button-custom elementor-widget elementor-widget-eael-contact-form-7\" data-id=\"3fe5d92\" data-element_type=\"widget\" data-widget_type=\"eael-contact-form-7.default\">\n\t\t\t\t<div class=\"elementor-widget-container\">\n\t\t\t<div class=\"eael-contact-form-7-wrapper\">\n                <div class=\"eael-contact-form eael-contact-form-7 eael-contact-form-3fe5d92 placeholder-show eael-contact-form-align-default\">\n<div class=\"wpcf7 no-js\" id=\"wpcf7-f6-o1\" lang=\"tr-TR\" dir=\"ltr\">\n<div class=\"screen-reader-response\"><p role=\"status\" aria-live=\"polite\" aria-atomic=\"true\"><\/p> <ul><\/ul><\/div>\n<form action=\"\/index.php\/wp-json\/wp\/v2\/pages\/1031#wpcf7-f6-o1\" method=\"post\" class=\"wpcf7-form init\" aria-label=\"Contact form\" novalidate=\"novalidate\" data-status=\"init\">\n<div style=\"display: none;\">\n<input type=\"hidden\" name=\"_wpcf7\" value=\"6\" \/>\n<input type=\"hidden\" name=\"_wpcf7_version\" value=\"5.7.7\" \/>\n<input type=\"hidden\" name=\"_wpcf7_locale\" value=\"tr_TR\" \/>\n<input type=\"hidden\" name=\"_wpcf7_unit_tag\" value=\"wpcf7-f6-o1\" \/>\n<input type=\"hidden\" name=\"_wpcf7_container_post\" value=\"0\" \/>\n<input type=\"hidden\" name=\"_wpcf7_posted_data_hash\" value=\"\" \/>\n<\/div>\n<p><label> Ad\u0131n\u0131z<br \/>\n<span class=\"wpcf7-form-control-wrap\" data-name=\"your-name\"><input size=\"40\" class=\"wpcf7-form-control wpcf7-text wpcf7-validates-as-required\" autocomplete=\"name\" aria-required=\"true\" aria-invalid=\"false\" value=\"\" type=\"text\" name=\"your-name\" \/><\/span> <\/label>\n<\/p>\n<p><label> E-posta adresiniz<br \/>\n<span class=\"wpcf7-form-control-wrap\" data-name=\"your-email\"><input size=\"40\" class=\"wpcf7-form-control wpcf7-text wpcf7-email wpcf7-validates-as-required wpcf7-validates-as-email\" autocomplete=\"email\" aria-required=\"true\" aria-invalid=\"false\" value=\"\" type=\"email\" name=\"your-email\" \/><\/span> <\/label>\n<\/p>\n<p><label> Konu<br \/>\n<span class=\"wpcf7-form-control-wrap\" data-name=\"your-subject\"><input size=\"40\" class=\"wpcf7-form-control wpcf7-text wpcf7-validates-as-required\" aria-required=\"true\" aria-invalid=\"false\" value=\"\" type=\"text\" name=\"your-subject\" \/><\/span> <\/label>\n<\/p>\n<p><label> \u0130letiniz (tercihe ba\u011fl\u0131)<br \/>\n<span class=\"wpcf7-form-control-wrap\" data-name=\"your-message\"><textarea cols=\"40\" rows=\"10\" class=\"wpcf7-form-control wpcf7-textarea\" aria-invalid=\"false\" name=\"your-message\"><\/textarea><\/span> <\/label>\n<\/p>\n<p><input class=\"wpcf7-form-control has-spinner wpcf7-submit\" type=\"submit\" value=\"G\u00f6nder\" \/>\n<\/p><div class=\"wpcf7-response-output\" aria-hidden=\"true\"><\/div>\n<\/form>\n<\/div>\n<\/div>\n            <\/div>\t\t<\/div>\n\t\t\t\t<\/div>\n\t\t\t\t<\/div>\n\t\t\t\t\t<\/div>\n\t\t\t\t<\/div>\n\t\t\t\t\t\t\t<\/div>\n\t\t","protected":false},"excerpt":{"rendered":"<p>\u0130NSAN KAYNAKLARI Anasayfa Kariyer F\u0131rsatlar\u0131 | Kurumsal Ba\u015fvuru Sayfas\u0131 Dekoral Boya Kariyerinize Bizimle Y\u00f6n Verin Dekoral Boya ailesine kat\u0131larak, potansiyelinizi ortaya \u00e7\u0131kar\u0131n ve ba\u015far\u0131 hikayemizin bir par\u00e7as\u0131 olun. Neden Dekoral Boya? \u00c7al\u0131\u015fanlar\u0131m\u0131za de\u011fer veriyor, onlar\u0131n geli\u015fimini destekliyoruz. S\u00fcrekli Geli\u015fim Kariyeriniz boyunca sizi destekleyecek e\u011fitim ve geli\u015fim f\u0131rsatlar\u0131 sunuyoruz. Dinamik \u00c7al\u0131\u015fma Ortam\u0131 Yenilik\u00e7i fikirlerin te\u015fvik edildi\u011fi, enerjisi y\u00fcksek bir ekibin par\u00e7as\u0131&#8230;<\/p>\n","protected":false},"author":1,"featured_media":0,"parent":0,"menu_order":0,"comment_status":"closed","ping_status":"closed","template":"elementor_header_footer","meta":{"footnotes":""},"_links":{"self":[{"href":"https:\/\/dekoralboya.com.tr\/index.php\/wp-json\/wp\/v2\/pages\/1031"}],"collection":[{"href":"https:\/\/dekoralboya.com.tr\/index.php\/wp-json\/wp\/v2\/pages"}],"about":[{"href":"https:\/\/dekoralboya.com.tr\/index.php\/wp-json\/wp\/v2\/types\/page"}],"author":[{"embeddable":true,"href":"https:\/\/dekoralboya.com.tr\/index.php\/wp-json\/wp\/v2\/users\/1"}],"replies":[{"embeddable":true,"href":"https:\/\/dekoralboya.com.tr\/index.php\/wp-json\/wp\/v2\/comments?post=1031"}],"version-history":[{"count":10,"href":"https:\/\/dekoralboya.com.tr\/index.php\/wp-json\/wp\/v2\/pages\/1031\/revisions"}],"predecessor-version":[{"id":5806,"href":"https:\/\/dekoralboya.com.tr\/index.php\/wp-json\/wp\/v2\/pages\/1031\/revisions\/5806"}],"wp:attachment":[{"href":"https:\/\/dekoralboya.com.tr\/index.php\/wp-json\/wp\/v2\/media?parent=1031"}],"curies":[{"name":"wp","href":"https:\/\/api.w.org\/{rel}","templated":true}]}}